{"id":115221,"date":"2023-11-03T00:00:00","date_gmt":"2023-11-02T23:00:00","guid":{"rendered":"http:\/\/gpl-love.com\/fr\/produit\/tonda-elegant-woocommerce-theme\/"},"modified":"2026-04-10T18:43:39","modified_gmt":"2026-04-10T16:43:39","slug":"tonda-elegant-woocommerce-theme","status":"publish","type":"product","link":"https:\/\/gpl-love.com\/fr\/produit\/tonda-elegant-woocommerce-theme\/","title":{"rendered":"Tonda Elegant WooCommerce Theme 2.3"},"content":{"rendered":"<h3>Tonda Elegant WooCommerce Theme Traits<\/h3>\n<p>Le th\u00e8me Tonda Elegant WooCommerce, offrant une pl\u00e9thore d&rsquo;\u00e9l\u00e9ments polyvalents et \u00e9l\u00e9gants, appara\u00eet comme une option optimale pour toutes sortes de magasins en ligne. Pr\u00e9sentant un design \u00e9l\u00e9gant et contemporain, ce th\u00e8me est exceptionnellement bien adapt\u00e9 aux entreprises qui aspirent \u00e0 laisser une impression durable sur les visiteurs de leur site Web. L&rsquo;un de ses attributs les plus remarquables r\u00e9side dans sa personnalisation compl\u00e8te, accordant aux utilisateurs la possibilit\u00e9 d&rsquo;adapter le th\u00e8me \u00e0 s&rsquo;aligner parfaitement avec leur identit\u00e9 de marque et leurs offres de produits. En outre, le th\u00e8me est dot\u00e9 d&rsquo;une gamme diversifi\u00e9e de fonctionnalit\u00e9s int\u00e9gr\u00e9es, y compris, mais sans s&rsquo;y limiter, les capacit\u00e9s de filtrage des produits, une conception tr\u00e8s r\u00e9active et des prouesses d&rsquo;optimisation des moteurs de recherche, garantissant la cr\u00e9ation d&rsquo;une boutique en ligne \u00e9tonnante et enti\u00e8rement fonctionnelle est une boutique en ligne est une boutique en ligne \u00e9tonnante et enti\u00e8rement fonctionnelle est une boutique en ligne \u00e9tonnante et enti\u00e8rement fonctionnelle est une boutique en ligne enti\u00e8rement fonctionnelle est une boutique enti\u00e8rement fonctionnelle enti\u00e8rement fonctionnelle est une boutique enti\u00e8rement fonctionnelle enti\u00e8rement fonctionnelle est Effort sans effort. Que vous vous lanciez dans le voyage de l&rsquo;\u00e9tablissement d&rsquo;une entreprise de commerce \u00e9lectronique naissante ou que vous cherchiez \u00e0 insuffler une nouvelle vie \u00e0 votre plate-forme de vente au d\u00e9tail num\u00e9rique actuelle, le th\u00e8me WooCommerce \u00e9l\u00e9gant Tonda est un choix exceptionnel.<\/p>\n<ul>\n<li>Th\u00e8me WooCommerce enti\u00e8rement personnalisable<\/li>\n<li>Design propre et moderne<\/li>\n<li>Disposition r\u00e9active pour toutes les tailles d&rsquo;\u00e9cran<\/li>\n<li>Navigation facile et interface conviviale<\/li>\n<li>Caract\u00e9ristiques flexibles et polyvalentes<\/li>\n<li>SEO optimis\u00e9 pour les classements plus \u00e9lev\u00e9s<\/li>\n<li>Vitesse de chargement rapide pour une meilleure exp\u00e9rience client<\/li>\n<li>Multi-langues et traduction pr\u00eate<\/li>\n<li>Int\u00e9gration des m\u00e9dias sociaux pour une augmentation de l&rsquo;engagement<\/li>\n<li>Options de mise en page pleine largeur et en bo\u00eete<\/li>\n<li>Options de typographie avanc\u00e9e<\/li>\n<li>Sch\u00e9mas de couleurs illimit\u00e9s<\/li>\n<li>Importation de d\u00e9monstration en un clic pour une configuration rapide<\/li>\n<li>Documentation d\u00e9taill\u00e9e et support fiable.<\/li>\n<\/ul>\n","protected":false},"excerpt":{"rendered":"<p>Le th\u00e8me WooCommerce \u00e9l\u00e9gant Tonda est une vitrine virtuelle extr\u00eamement con\u00e7ue, m\u00e9ticuleusement fa\u00e7onn\u00e9e pour r\u00e9pondre aux entreprises \u00e0 la recherche d&rsquo;une interface vierge et conviviale. Affichant une fusion de simplicit\u00e9 et de contemporan\u00e9it\u00e9, il accorde aux clients une rencontre transactionnelle parfaitement rationalis\u00e9e, mettant un accent particulier sur la maniabilit\u00e9 sans effort et les processus de paiement rapides. En outre, ce th\u00e8me met fi\u00e8rement un assortiment d&rsquo;alternatives sur mesure, offrant aux marques exigeantes la possibilit\u00e9 de construire une pr\u00e9sence num\u00e9rique in\u00e9gal\u00e9e, remplie d&rsquo;un degr\u00e9 de fonctionnalit\u00e9 superlatif. Que la vocation de sa vocation tourne autour de la vente de la haute couture, des marchandises de m\u00e9nage ou de tout autre bien de consommation, le th\u00e8me \u00e9l\u00e9gant de WooCommerce est une panac\u00e9e sans \u00e9quivoque pour leurs n\u00e9cessit\u00e9s de commerce \u00e9lectronique.<\/p>\n","protected":false},"featured_media":145594,"comment_status":"open","ping_status":"open","template":"","meta":[],"product_brand":[2433],"product_cat":[1238,1444,1212],"product_tag":[1366],"class_list":{"0":"post-115221","1":"product","2":"type-product","3":"status-publish","4":"has-post-thumbnail","6":"product_brand-themeforest","7":"product_cat-commerce-electronique-themes","8":"product_cat-creatif-commerce-electronique-themes","9":"product_cat-themes","10":"product_tag-themeforest","11":"member-discount","12":"discount-restricted","14":"first","15":"instock","16":"sale","17":"downloadable","18":"virtual","19":"sold-individually","20":"purchasable","21":"product-type-simple"},"_links":{"self":[{"href":"https:\/\/gpl-love.com\/fr\/wp-json\/wp\/v2\/product\/115221","targetHints":{"allow":["GET"]}}],"collection":[{"href":"https:\/\/gpl-love.com\/fr\/wp-json\/wp\/v2\/product"}],"about":[{"href":"https:\/\/gpl-love.com\/fr\/wp-json\/wp\/v2\/types\/product"}],"replies":[{"embeddable":true,"href":"https:\/\/gpl-love.com\/fr\/wp-json\/wp\/v2\/comments?post=115221"}],"wp:featuredmedia":[{"embeddable":true,"href":"https:\/\/gpl-love.com\/fr\/wp-json\/wp\/v2\/media\/145594"}],"wp:attachment":[{"href":"https:\/\/gpl-love.com\/fr\/wp-json\/wp\/v2\/media?parent=115221"}],"wp:term":[{"taxonomy":"product_brand","embeddable":true,"href":"https:\/\/gpl-love.com\/fr\/wp-json\/wp\/v2\/product_brand?post=115221"},{"taxonomy":"product_cat","embeddable":true,"href":"https:\/\/gpl-love.com\/fr\/wp-json\/wp\/v2\/product_cat?post=115221"},{"taxonomy":"product_tag","embeddable":true,"href":"https:\/\/gpl-love.com\/fr\/wp-json\/wp\/v2\/product_tag?post=115221"}],"curies":[{"name":"wp","href":"https:\/\/api.w.org\/{rel}","templated":true}]}}