{"id":115219,"date":"2023-10-11T00:00:00","date_gmt":"2023-10-10T22:00:00","guid":{"rendered":"http:\/\/gpl-love.com\/fr\/produit\/checkout-field-editor-pour-woocommerce-pro\/"},"modified":"2026-03-20T22:58:23","modified_gmt":"2026-03-20T21:58:23","slug":"checkout-field-editor-pour-woocommerce-pro","status":"publish","type":"product","link":"https:\/\/gpl-love.com\/fr\/produit\/checkout-field-editor-pour-woocommerce-pro\/","title":{"rendered":"Checkout Field Editor pour WooCommerce Pro 3.5.1.0"},"content":{"rendered":"<h3>Checkout Field Editor pour WooCommerce Pro Traits<\/h3>\n<p>L&rsquo;\u00e9diteur de terrain de caisse de WooCommerce Pro est un plugin remarquablement robuste et convivial qui a \u00e9t\u00e9 m\u00e9ticuleusement con\u00e7u pour am\u00e9liorer consid\u00e9rablement l&rsquo;exp\u00e9rience de caisse sur votre boutique WooCommerce. Cet outil extraordinaire vous permet d&rsquo;ajouter, de supprimer ou de modifier sans effort et de mani\u00e8re transparente les champs sur la page de paiement, vous accordant un contr\u00f4le in\u00e9gal\u00e9 sur l&rsquo;arrangement dans lequel ils sont affich\u00e9s. De plus, il vous offre la possibilit\u00e9 d&rsquo;\u00e9tablir une logique conditionnelle, permettant ainsi l&rsquo;affichage dynamique des champs en fonction des s\u00e9lections de clients. En plus de ces capacit\u00e9s remarquables, le plugin facilite \u00e9galement la collecte d&rsquo;informations suppl\u00e9mentaires des clients pendant le processus de paiement, vous offrant la possibilit\u00e9 d&rsquo;obtenir des num\u00e9ros de t\u00e9l\u00e9phone ou des instructions d&rsquo;exp\u00e9dition. De plus, il s&rsquo;adapte \u00e0 la cr\u00e9ation de champs personnalis\u00e9s, vous permettant ainsi de capturer des points de donn\u00e9es tr\u00e8s sp\u00e9cifiques. B\u00e9n\u00e9ficiant d&rsquo;une interface qui est \u00e0 la fois intuitive et conviviale, associ\u00e9e \u00e0 sa gamme compl\u00e8te et \u00e9tendue de fonctionnalit\u00e9s, l&rsquo;\u00e9diteur de champ de paiement pour WooCommerce Pro est un outil indispensable et essentiel pour toute boutique en ligne qui cherche \u00e0 optimiser son processus de paiement, avec l&rsquo;ultime objectif d&rsquo;am\u00e9liorer la satisfaction des clients.<\/p>\n<ul>\n<li>Champs de paiement personnalisables pour les magasins WooCommerce<\/li>\n<li>Interface facile \u00e0 utiliser<\/li>\n<li>Nombre illimit\u00e9 de champs et de types de champs<\/li>\n<li>Option pour afficher ou masquer les champs en fonction de diverses conditions<\/li>\n<li>Capacit\u00e9 \u00e0 d\u00e9finir des champs obligatoires pour la contribution du client<\/li>\n<li>Int\u00e9gration avec les donn\u00e9es des clients WooCommerce pour la population automatique de champs<\/li>\n<li>Option pour cr\u00e9er des validations d&rsquo;entr\u00e9e personnalis\u00e9es pour les champs<\/li>\n<li>Compatible avec les passerelles de paiement populaires et les m\u00e9thodes d&rsquo;exp\u00e9dition<\/li>\n<li>Multi-langage pr\u00eat \u00e0 l&rsquo;usage global<\/li>\n<li>Assistance technique d\u00e9di\u00e9e et mises \u00e0 jour r\u00e9guli\u00e8res<\/li>\n<\/ul>\n","protected":false},"excerpt":{"rendered":"<p>D\u00e9couvrez la puissance de la personnalisation avec l&rsquo;\u00e9diteur de champ de paiement pour WooCommerce Pro. Cet outil exceptionnel vous permet de personnaliser facilement vos champs de paiement WooCommerce. Ajoutez, modifiez et supprimez les champs pour cr\u00e9er un processus de paiement transparent et efficace pour vos clients. Que vous ayez besoin d&rsquo;inclure des informations suppl\u00e9mentaires ou de supprimer les champs inutiles, l&rsquo;\u00e9diteur de champ de caisse de WooCommerce Pro vous a couvert. Con\u00e7u pour am\u00e9liorer votre plate-forme de commerce \u00e9lectronique, cet outil aide \u00e0 simplifier vos op\u00e9rations commerciales en offrant une exp\u00e9rience de paiement rationalis\u00e9e et conviviale. Avec ce plugin, vous pouvez g\u00e9rer sans effort vos champs de paiement WooCommerce, assurer une transaction fluide et rapide pour vos clients. D\u00e9couvrez les avantages d&rsquo;un processus de paiement personnalis\u00e9, r\u00e9duisez l&rsquo;abandon de la chariot et augmentez vos ventes avec l&rsquo;\u00e9diteur de terrain de paiement pour WooCommerce Pro.<\/p>\n","protected":false},"featured_media":143379,"comment_status":"open","ping_status":"open","template":"","meta":[],"product_brand":[2491],"product_cat":[1182,1223,1181],"product_tag":[2186],"class_list":{"0":"post-115219","1":"product","2":"type-product","3":"status-publish","4":"has-post-thumbnail","6":"product_brand-themehigh","7":"product_cat-commerce-electronique-plugins","8":"product_cat-personnalisation-commerce-electronique-plugins","9":"product_cat-plugins","10":"product_tag-themehigh","11":"member-discount","12":"discount-restricted","14":"first","15":"instock","16":"sale","17":"downloadable","18":"virtual","19":"sold-individually","20":"purchasable","21":"product-type-simple"},"_links":{"self":[{"href":"https:\/\/gpl-love.com\/fr\/wp-json\/wp\/v2\/product\/115219","targetHints":{"allow":["GET"]}}],"collection":[{"href":"https:\/\/gpl-love.com\/fr\/wp-json\/wp\/v2\/product"}],"about":[{"href":"https:\/\/gpl-love.com\/fr\/wp-json\/wp\/v2\/types\/product"}],"replies":[{"embeddable":true,"href":"https:\/\/gpl-love.com\/fr\/wp-json\/wp\/v2\/comments?post=115219"}],"wp:featuredmedia":[{"embeddable":true,"href":"https:\/\/gpl-love.com\/fr\/wp-json\/wp\/v2\/media\/143379"}],"wp:attachment":[{"href":"https:\/\/gpl-love.com\/fr\/wp-json\/wp\/v2\/media?parent=115219"}],"wp:term":[{"taxonomy":"product_brand","embeddable":true,"href":"https:\/\/gpl-love.com\/fr\/wp-json\/wp\/v2\/product_brand?post=115219"},{"taxonomy":"product_cat","embeddable":true,"href":"https:\/\/gpl-love.com\/fr\/wp-json\/wp\/v2\/product_cat?post=115219"},{"taxonomy":"product_tag","embeddable":true,"href":"https:\/\/gpl-love.com\/fr\/wp-json\/wp\/v2\/product_tag?post=115219"}],"curies":[{"name":"wp","href":"https:\/\/api.w.org\/{rel}","templated":true}]}}