{"id":115211,"date":"2025-09-09T00:00:00","date_gmt":"2025-09-08T22:00:00","guid":{"rendered":"http:\/\/gpl-love.com\/fr\/produit\/business-lounge-multi-purpose-consulting-et-finance-theme\/"},"modified":"2026-03-20T22:57:46","modified_gmt":"2026-03-20T21:57:46","slug":"business-lounge-multi-purpose-consulting-et-finance-theme","status":"publish","type":"product","link":"https:\/\/gpl-love.com\/fr\/produit\/business-lounge-multi-purpose-consulting-et-finance-theme\/","title":{"rendered":"Business Lounge Multi-Purpose Consulting et Finance Theme 2.2"},"content":{"rendered":"<h3>Business Lounge Multi-Purpose Consulting et Finance Theme Traits<\/h3>\n<p>Le th\u00e8me de conseil et de financement polyvalent de Business Lounge se pr\u00e9sente comme un outil exceptionnel pour les entreprises cherchant \u00e0 \u00e9tablir une pr\u00e9sence en ligne professionnelle. Organis\u00e9 sp\u00e9cifiquement pour les soci\u00e9t\u00e9s de consultation et de financement, ce th\u00e8me offre une vaste gamme de fonctionnalit\u00e9s m\u00e9ticuleusement con\u00e7ues pour r\u00e9pondre aux besoins uniques de votre entreprise. B\u00e9n\u00e9ficiant d&rsquo;un design \u00e9l\u00e9gant et moderne, coupl\u00e9 \u00e0 une interface conviviale, ce th\u00e8me facilite sans effort la cr\u00e9ation d&rsquo;un site Web non seulement tr\u00e8s fonctionnel mais visuellement captivant \u00e9galement. Ce qui distingue le th\u00e8me de conseil et de financement polyvalent de Business Lounge, c&rsquo;est sa capacit\u00e9 \u00e0 fournir une multitude d&rsquo;options de personnalisation, vous permettant d&rsquo;adapter votre site Web pour s&rsquo;aligner parfaitement avec les exigences distinctes de votre entreprise. Que ce soit \u00e0 travers la s\u00e9lection de sch\u00e9mas de couleurs personnalis\u00e9s ou l&rsquo;utilisation de mod\u00e8les de page pr\u00e9d\u00e9finis, ce th\u00e8me poss\u00e8de un \u00e9ventail complet d&rsquo;outils et de ressources n\u00e9cessaires pour \u00e9tablir une pr\u00e9sence en ligne dominante. Que votre objectif soit d&rsquo;attirer des clients potentiels, de pr\u00e9senter vos services exceptionnels ou simplement de solidifier l&rsquo;identit\u00e9 en ligne de votre marque, le th\u00e8me de conseil et de financement de Business Lounge est un choix in\u00e9gal\u00e9.<\/p>\n<ul>\n<li>Design de qualit\u00e9 sup\u00e9rieure, professionnel et moderne<\/li>\n<li>Options enti\u00e8rement personnalisables pour correspondre \u00e0 l&rsquo;identit\u00e9 de votre marque<\/li>\n<li>Large gamme de pages et de dispositions pr\u00e9-con\u00e7ues<\/li>\n<li>Fonctionnalit\u00e9 de blog et de portefeuille int\u00e9gr\u00e9s pour le marketing de contenu<\/li>\n<li>Int\u00e9gration avec des plugins populaires comme WooCommerce pour le commerce \u00e9lectronique<\/li>\n<li>Conception r\u00e9active et conviviale pour une visualisation optimale sur tous les appareils<\/li>\n<li>Support et documentation d\u00e9di\u00e9s pour une configuration et une utilisation faciles<\/li>\n<li>Panneau d&rsquo;options de th\u00e8me robuste pour une personnalisation et un contr\u00f4le faciles<\/li>\n<li>SEO optimis\u00e9 pour une meilleure visibilit\u00e9 des moteurs de recherche<\/li>\n<li>Prend en charge plusieurs langues et plugins de traduction pour Global Reach.<\/li>\n<\/ul>\n","protected":false},"excerpt":{"rendered":"<p>Pr\u00e9sentation de notre th\u00e8me de conseil et de financement multi-usage Business Lounge, une plate-forme robuste et polyvalente pour tous vos besoins commerciaux. Con\u00e7u avec la polyvalence \u00e0 l&rsquo;esprit, ce th\u00e8me est parfait pour les soci\u00e9t\u00e9s de conseil, les entreprises financi\u00e8res et une myriade d&rsquo;autres entreprises. Simplifiez vos op\u00e9rations et impressionnez vos clients avec un design \u00e9l\u00e9gant et moderne facile \u00e0 naviguer. Le th\u00e8me polyvalent permet une immense personnalisation, garantissant que la marque unique de votre entreprise se d\u00e9marque. Avec notre th\u00e8me Business Lounge, vous pouvez rationaliser votre pr\u00e9sence num\u00e9rique et vous concentrer sur ce qui compte le plus &#8211; la croissance de votre entreprise. Ce n&rsquo;est pas seulement un th\u00e8me, c&rsquo;est un outil de r\u00e9ussite.<\/p>\n","protected":false},"featured_media":143340,"comment_status":"open","ping_status":"open","template":"","meta":[],"product_brand":[2433],"product_cat":[1516,1212,1213],"product_tag":[1366],"class_list":{"0":"post-115211","1":"product","2":"type-product","3":"status-publish","4":"has-post-thumbnail","6":"product_brand-themeforest","7":"product_cat-entreprise","8":"product_cat-themes","9":"product_cat-wordpress-themes","10":"product_tag-themeforest","11":"member-discount","12":"discount-restricted","14":"first","15":"instock","16":"sale","17":"downloadable","18":"virtual","19":"sold-individually","20":"purchasable","21":"product-type-simple"},"_links":{"self":[{"href":"https:\/\/gpl-love.com\/fr\/wp-json\/wp\/v2\/product\/115211","targetHints":{"allow":["GET"]}}],"collection":[{"href":"https:\/\/gpl-love.com\/fr\/wp-json\/wp\/v2\/product"}],"about":[{"href":"https:\/\/gpl-love.com\/fr\/wp-json\/wp\/v2\/types\/product"}],"replies":[{"embeddable":true,"href":"https:\/\/gpl-love.com\/fr\/wp-json\/wp\/v2\/comments?post=115211"}],"wp:featuredmedia":[{"embeddable":true,"href":"https:\/\/gpl-love.com\/fr\/wp-json\/wp\/v2\/media\/143340"}],"wp:attachment":[{"href":"https:\/\/gpl-love.com\/fr\/wp-json\/wp\/v2\/media?parent=115211"}],"wp:term":[{"taxonomy":"product_brand","embeddable":true,"href":"https:\/\/gpl-love.com\/fr\/wp-json\/wp\/v2\/product_brand?post=115211"},{"taxonomy":"product_cat","embeddable":true,"href":"https:\/\/gpl-love.com\/fr\/wp-json\/wp\/v2\/product_cat?post=115211"},{"taxonomy":"product_tag","embeddable":true,"href":"https:\/\/gpl-love.com\/fr\/wp-json\/wp\/v2\/product_tag?post=115211"}],"curies":[{"name":"wp","href":"https:\/\/api.w.org\/{rel}","templated":true}]}}