{"id":115208,"date":"2022-02-14T00:00:00","date_gmt":"2022-02-13T23:00:00","guid":{"rendered":"http:\/\/gpl-love.com\/fr\/produit\/discy-social-questions-et-answers-wordpress-theme\/"},"modified":"2026-03-20T23:00:50","modified_gmt":"2026-03-20T22:00:50","slug":"discy-social-questions-et-answers-wordpress-theme","status":"publish","type":"product","link":"https:\/\/gpl-love.com\/fr\/produit\/discy-social-questions-et-answers-wordpress-theme\/","title":{"rendered":"Discy Social Questions et Answers WordPress Theme 4.9"},"content":{"rendered":"<h3>Discy Social Questions et Answers WordPress Theme Traits<\/h3>\n<p>Le th\u00e8me Discy Social Questions and Answers WordPress est un th\u00e8me incroyablement polyvalent et extr\u00eamement puissant qui est absolument parfait pour construire et \u00e9tablir des communaut\u00e9s de questions et r\u00e9ponses en ligne. Avec sa large gamme de fonctionnalit\u00e9s et de fonctionnalit\u00e9s, ce th\u00e8me offre une apparence et une ambiance professionnelles et contemporaines, associ\u00e9es \u00e0 une interface extr\u00eamement conviviale qui am\u00e9liore la navigation et la convivialit\u00e9. Les utilisateurs peuvent se renseigner et r\u00e9pondre sans effort aux demandes, voter sur les r\u00e9ponses et diffuser leur sagesse et leur expertise \u00e0 d&rsquo;autres. Notamment, le th\u00e8me englobe des capacit\u00e9s de recherche robustes, facilitant un acc\u00e8s rapide et sans tracas aux informations souhait\u00e9es. De plus, le th\u00e8me est compl\u00e8tement r\u00e9actif, garantissant une exp\u00e9rience visuelle exceptionnelle sur n&rsquo;importe quel appareil, quelle que soit sa taille ou son type. De plus, une vaste gamme d&rsquo;options de personnalisation est incorpor\u00e9e, facilitant la personnalisation sans effort du th\u00e8me en fonction de ses exigences et pr\u00e9f\u00e9rences individuelles. En r\u00e9sum\u00e9, le th\u00e8me Discy Social Questions and Answers WordPress est un choix exceptionnel et hautement louable pour les personnes cherchant \u00e0 \u00e9tablir et \u00e0 nourrir une communaut\u00e9 en ligne florissante qui tourne autour des principes de partage des connaissances et de collaboration.<\/p>\n<ul>\n<li>Discy est un th\u00e8me puissant et dynamique de questions et r\u00e9ponses sociales pour WordPress.<\/li>\n<li>Il est con\u00e7u avec des fonctionnalit\u00e9s robustes qui permettent une configuration et une personnalisation faciles de votre site Web de questions \/ r\u00e9ponses.<\/li>\n<li>Le th\u00e8me est \u00e9quip\u00e9 de plusieurs fonctionnalit\u00e9s, notamment un syst\u00e8me de vote intuitif, des capacit\u00e9s de recherche avanc\u00e9es et une puissante interface de tableau de bord utilisateur.<\/li>\n<li>Il offre un solide r\u00e9seau de partage social, une int\u00e9gration des m\u00e9dias sociaux et des outils de cr\u00e9ation de communaut\u00e9 pour permettre aux utilisateurs de partager leurs exp\u00e9riences et d&rsquo;augmenter l&rsquo;engagement.<\/li>\n<li>Discy offre une conception r\u00e9active qui optimise l&rsquo;exp\u00e9rience de l&rsquo;utilisateur sur plusieurs appareils.<\/li>\n<li>Le th\u00e8me offre des dispositions flexibles, des styles personnalisables et des polices, ce qui facilite l&rsquo;adaptation de l&rsquo;attrait esth\u00e9tique et de l&rsquo;exp\u00e9rience utilisateur de votre site.<\/li>\n<li>Discy fournit des outils avanc\u00e9s d&rsquo;analyse et de rapports pour suivre les donn\u00e9es d&rsquo;engagement et \u00e9valuer l&rsquo;efficacit\u00e9 de votre strat\u00e9gie de questions-r\u00e9ponses.<\/li>\n<li>Il propose plusieurs options de mon\u00e9tisation comme le placement des annonces, l&rsquo;abonnement et les abonnements premium pour mon\u00e9tiser votre site Web.<\/li>\n<li>Discy est r\u00e9guli\u00e8rement mis \u00e0 jour pour suivre les tendances et les d\u00e9veloppements de l&rsquo;industrie, ce qui en fait une option durable et fiable pour votre site Web de questions \/ r\u00e9ponses sociales.<\/li>\n<\/ul>\n","protected":false},"excerpt":{"rendered":"<p>Faites en sorte que votre communaut\u00e9 en ligne soit remarquable avec Discy, un th\u00e8me WordPress Questions et r\u00e9ponses sociales. Ce th\u00e8me est con\u00e7u pour fournir une plate-forme aux utilisateurs pour poster des questions, obtenir des r\u00e9ponses et s&rsquo;engager dans des discussions. Discy est enti\u00e8rement r\u00e9actif, garantissant que votre site Web aura fi\u00e8re allure sur n&rsquo;importe quel appareil. Il dispose \u00e9galement d&rsquo;un syst\u00e8me Upvote et Downvote, permettant aux utilisateurs de voter sur les meilleures r\u00e9ponses. Le th\u00e8me est \u00e9galement convivial pour le r\u00e9f\u00e9rencement, aidant votre site \u00e0 se classer plus haut sur les r\u00e9sultats des moteurs de recherche. Il est livr\u00e9 avec un panneau de configuration puissant qui vous permet de personnaliser chaque \u00e9l\u00e9ment de votre site, de la disposition \u00e0 la palette de couleurs. Avec DISCY, vous pouvez \u00e9galement cr\u00e9er des profils d&rsquo;utilisateurs, des badges et des syst\u00e8mes de points pour motiver vos utilisateurs \u00e0 participer. Discy fournit un moyen facile de construire une communaut\u00e9, d&rsquo;encourager l&rsquo;interaction et de partager les connaissances.<\/p>\n","protected":false},"featured_media":143540,"comment_status":"open","ping_status":"open","template":"","meta":[],"product_brand":[2433],"product_cat":[1242,1212,1213],"product_tag":[1366],"class_list":{"0":"post-115208","1":"product","2":"type-product","3":"status-publish","4":"has-post-thumbnail","6":"product_brand-themeforest","7":"product_cat-creatif","8":"product_cat-themes","9":"product_cat-wordpress-themes","10":"product_tag-themeforest","11":"member-discount","12":"discount-restricted","14":"first","15":"instock","16":"sale","17":"downloadable","18":"virtual","19":"sold-individually","20":"purchasable","21":"product-type-simple"},"_links":{"self":[{"href":"https:\/\/gpl-love.com\/fr\/wp-json\/wp\/v2\/product\/115208","targetHints":{"allow":["GET"]}}],"collection":[{"href":"https:\/\/gpl-love.com\/fr\/wp-json\/wp\/v2\/product"}],"about":[{"href":"https:\/\/gpl-love.com\/fr\/wp-json\/wp\/v2\/types\/product"}],"replies":[{"embeddable":true,"href":"https:\/\/gpl-love.com\/fr\/wp-json\/wp\/v2\/comments?post=115208"}],"wp:featuredmedia":[{"embeddable":true,"href":"https:\/\/gpl-love.com\/fr\/wp-json\/wp\/v2\/media\/143540"}],"wp:attachment":[{"href":"https:\/\/gpl-love.com\/fr\/wp-json\/wp\/v2\/media?parent=115208"}],"wp:term":[{"taxonomy":"product_brand","embeddable":true,"href":"https:\/\/gpl-love.com\/fr\/wp-json\/wp\/v2\/product_brand?post=115208"},{"taxonomy":"product_cat","embeddable":true,"href":"https:\/\/gpl-love.com\/fr\/wp-json\/wp\/v2\/product_cat?post=115208"},{"taxonomy":"product_tag","embeddable":true,"href":"https:\/\/gpl-love.com\/fr\/wp-json\/wp\/v2\/product_tag?post=115208"}],"curies":[{"name":"wp","href":"https:\/\/api.w.org\/{rel}","templated":true}]}}