{"id":115206,"date":"2021-05-12T00:00:00","date_gmt":"2021-05-11T22:00:00","guid":{"rendered":"http:\/\/gpl-love.com\/fr\/produit\/koacher-coaching-et-online-course-wp-theme\/"},"modified":"2026-03-20T23:21:37","modified_gmt":"2026-03-20T22:21:37","slug":"koacher-coaching-et-online-course-wp-theme","status":"publish","type":"product","link":"https:\/\/gpl-love.com\/fr\/produit\/koacher-coaching-et-online-course-wp-theme\/","title":{"rendered":"Koacher Coaching et Online Course WP Theme 1.0.2"},"content":{"rendered":"<h3>Koacher Coaching et Online Course WP Theme Traits<\/h3>\n<p>Le th\u00e8me WP de coaching et de cours en ligne de Koacher est une plate-forme compl\u00e8te et polyvalente qui a \u00e9t\u00e9 sp\u00e9cifiquement d\u00e9velopp\u00e9e pour r\u00e9pondre aux besoins et aux exigences de coaching et de sites Web de cours en ligne. Ce th\u00e8me incroyablement puissant poss\u00e8de un large \u00e9ventail de fonctionnalit\u00e9s et d&rsquo;options de personnalisation qui permettent aux utilisateurs de cr\u00e9er sans effort un site Web professionnel et captivant qui incarne vraiment leur marque et se connecte efficacement avec leur public cible. \u00c9quip\u00e9 d&rsquo;une interface incroyablement conviviale, d&rsquo;options de navigation avanc\u00e9es, de dispositions hautement personnalisables et d&rsquo;une vaste collection de mod\u00e8les pr\u00e9-con\u00e7us, ce th\u00e8me offre aux propri\u00e9taires de sites Web les outils et les ressources dont ils ont besoin pour cr\u00e9er et g\u00e9rer sans effort leur plate-forme en ligne. En outre, le th\u00e8me WP de coaching et de cours en ligne de Koacher comprend \u00e9galement un syst\u00e8me de commerce \u00e9lectronique int\u00e9gr\u00e9, une int\u00e9gration des m\u00e9dias sociaux sans couture et une optimisation de r\u00e9f\u00e9rencement de premier ordre, en le rendant le choix ultime pour les entreprises dans la recherche de l&rsquo;am\u00e9lioration de leur pr\u00e9sence en ligne et de l&rsquo;\u00e9largissement de leur client\u00e8le .<\/p>\n<ul>\n<li>Interface conviviale et intuitive<\/li>\n<li>Design personnalisable pour s&rsquo;adapter \u00e0 votre marque et \u00e0 votre style<\/li>\n<li>Caract\u00e9ristiques de coaching int\u00e9gr\u00e9es pour g\u00e9rer facilement les s\u00e9ances et rendez-vous clients<\/li>\n<li>Int\u00e9gration transparente avec les passerelles de paiement populaires<\/li>\n<li>Options de disposition de plusieurs cours pour pr\u00e9senter vos cours en ligne<\/li>\n<li>Conception r\u00e9active pour une visualisation optimale sur tous les appareils<\/li>\n<li>SEO convivial pour am\u00e9liorer les classements des moteurs de recherche<\/li>\n<li>Acc\u00e8s \u00e0 une biblioth\u00e8que compl\u00e8te de graphismes et d&rsquo;ic\u00f4nes pour am\u00e9liorer l&rsquo;attrait visuel de votre site Web<\/li>\n<li>Mises \u00e0 jour continues et soutien de l&rsquo;\u00e9quipe Koacher pour vous assurer que votre site Web reste \u00e0 jour et fonctionnel.<\/li>\n<\/ul>\n","protected":false},"excerpt":{"rendered":"<p>Le coaching Koacher et le th\u00e8me WP en ligne sont un th\u00e8me WordPress extr\u00eamement robuste et remarquablement convivial qui a \u00e9t\u00e9 m\u00e9ticuleusement con\u00e7u et sp\u00e9cifiquement adapt\u00e9 aux entra\u00eeneurs qui cherchent \u00e0 \u00e9tablir et \u00e0 \u00e9tablir une formidable pr\u00e9sence en ligne. Ce th\u00e8me extraordinaire poss\u00e8de une pl\u00e9thore de mod\u00e8les pr\u00e9-con\u00e7us qui permettent aux entra\u00eeneurs de g\u00e9n\u00e9rer et de fabriquer sans effort et de fabriquer des pages de destination captivantes, de fascinantes pages de cours et de pages de coaching engageantes. En outre, ce th\u00e8me exceptionnel s&rsquo;int\u00e8gre de mani\u00e8re transparente \u00e0 une myriade de plateformes de syst\u00e8me de gestion d&rsquo;apprentissage tr\u00e8s populaires (LMS), accordant ainsi aux entra\u00eeneurs la capacit\u00e9 inestimable \u00e0 cr\u00e9er efficacement et \u00e0 vendre lucrativement leurs cours en ligne m\u00e9ticuleusement con\u00e7us et intelligemment livr\u00e9s. De plus, la polyvalence et l&rsquo;adaptabilit\u00e9 remarquable de ce th\u00e8me permettent aux entra\u00eeneurs de personnaliser efficacement et sans effort tous les aspects de leur plate-forme en ligne, en l&rsquo;alignant harmonieusement avec leur marque unique et leur style distinctif, et ainsi en le rendant un outil in\u00e9gal\u00e9 et indispensable parfaitement con\u00e7u pour Faciliter et favoriser la croissance exponentielle et un succ\u00e8s in\u00e9gal\u00e9 pour leurs entreprises en ligne en plein essor.<\/p>\n","protected":false},"featured_media":144317,"comment_status":"open","ping_status":"open","template":"","meta":[],"product_brand":[2433],"product_cat":[1242,1212,1213],"product_tag":[1366],"class_list":{"0":"post-115206","1":"product","2":"type-product","3":"status-publish","4":"has-post-thumbnail","6":"product_brand-themeforest","7":"product_cat-creatif","8":"product_cat-themes","9":"product_cat-wordpress-themes","10":"product_tag-themeforest","11":"member-discount","12":"discount-restricted","14":"first","15":"instock","16":"sale","17":"downloadable","18":"virtual","19":"sold-individually","20":"purchasable","21":"product-type-simple"},"_links":{"self":[{"href":"https:\/\/gpl-love.com\/fr\/wp-json\/wp\/v2\/product\/115206","targetHints":{"allow":["GET"]}}],"collection":[{"href":"https:\/\/gpl-love.com\/fr\/wp-json\/wp\/v2\/product"}],"about":[{"href":"https:\/\/gpl-love.com\/fr\/wp-json\/wp\/v2\/types\/product"}],"replies":[{"embeddable":true,"href":"https:\/\/gpl-love.com\/fr\/wp-json\/wp\/v2\/comments?post=115206"}],"wp:featuredmedia":[{"embeddable":true,"href":"https:\/\/gpl-love.com\/fr\/wp-json\/wp\/v2\/media\/144317"}],"wp:attachment":[{"href":"https:\/\/gpl-love.com\/fr\/wp-json\/wp\/v2\/media?parent=115206"}],"wp:term":[{"taxonomy":"product_brand","embeddable":true,"href":"https:\/\/gpl-love.com\/fr\/wp-json\/wp\/v2\/product_brand?post=115206"},{"taxonomy":"product_cat","embeddable":true,"href":"https:\/\/gpl-love.com\/fr\/wp-json\/wp\/v2\/product_cat?post=115206"},{"taxonomy":"product_tag","embeddable":true,"href":"https:\/\/gpl-love.com\/fr\/wp-json\/wp\/v2\/product_tag?post=115206"}],"curies":[{"name":"wp","href":"https:\/\/api.w.org\/{rel}","templated":true}]}}