{"id":115202,"date":"2024-11-10T00:00:00","date_gmt":"2024-11-09T23:00:00","guid":{"rendered":"http:\/\/gpl-love.com\/fr\/produit\/ryancv-resume-theme\/"},"modified":"2026-03-20T23:34:19","modified_gmt":"2026-03-20T22:34:19","slug":"ryancv-resume-theme","status":"publish","type":"product","link":"https:\/\/gpl-love.com\/fr\/produit\/ryancv-resume-theme\/","title":{"rendered":"RyanCV Resume Theme 3.7.1"},"content":{"rendered":"<h3>RyanCV Resume Theme Traits<\/h3>\n<p>Ryancv est un th\u00e8me de CV exceptionnellement contemporain et poli qui a \u00e9t\u00e9 ing\u00e9nieusement con\u00e7u pour vous assurer que vos demandes d&#8217;emploi poss\u00e8dent un niveau de distinction sans pr\u00e9c\u00e9dent. Gr\u00e2ce \u00e0 son design impeccablement bien rang\u00e9 et sophistiqu\u00e9, Ryancv facilite sans effort la pr\u00e9sentation efficace de votre ensemble de comp\u00e9tences \u00e0 multiples facettes, votre vaste exp\u00e9rience et vos qualifications remarquables. Ce th\u00e8me vous accorde l&rsquo;occasion inestimable de l&rsquo;adapter compl\u00e8tement \u00e0 vos exigences et pr\u00e9f\u00e9rences personnelles uniques, permettant ainsi un niveau de personnalisation sans pr\u00e9c\u00e9dent. De plus, sa disposition adaptative garantit que votre CV \u00e9manera une aura de remplacement sur tous les appareils. Ryancv se vante \u00e9galement de sa nature conviviale de r\u00e9f\u00e9rencement, qui permet efficacement aux employeurs potentiels de localiser sans effort votre pr\u00e9sence en ligne. Avec son interface conviviale et un \u00e9ventail impressionnant de fonctionnalit\u00e9s, Ryancv repr\u00e9sente incontestablement le choix par excellence pour les personnes cherchant \u00e0 produire un curriculum vitae impeccablement professionnel qui captivera sans aucun doute l&rsquo;attention exigeante des employeurs potentiels.<\/p>\n<ul>\n<li>Design moderne et \u00e9l\u00e9gant<\/li>\n<li>Enti\u00e8rement personnalisable avec une interface facile \u00e0 utiliser<\/li>\n<li>Sections compl\u00e8tes d&rsquo;exp\u00e9rience professionnelle, d&rsquo;\u00e9ducation, de comp\u00e9tences et plus<\/li>\n<li>Deux sch\u00e9mas de couleurs personnalisables inclus<\/li>\n<li>Enti\u00e8rement r\u00e9actif et convivial<\/li>\n<li>M\u00e9dias sociaux int\u00e9gr\u00e9s et liens de contact<\/li>\n<li>Compatible avec WordPress et d&rsquo;autres syst\u00e8mes de gestion de contenu populaires<\/li>\n<li>Mises \u00e0 jour r\u00e9guli\u00e8res et support client disponibles<\/li>\n<\/ul>\n","protected":false},"excerpt":{"rendered":"<p>Le th\u00e8me de CV Ryancv se pr\u00e9sente comme une option impeccable pour tout demandeur d&#8217;emploi qui aspire \u00e0 se distinguer au milieu du march\u00e9 du travail farouchement concurrentiel d&rsquo;aujourd&rsquo;hui. Caract\u00e9ris\u00e9 par son design \u00e9l\u00e9gant et contemporain, ainsi que par son interface conviviale, ce th\u00e8me accorde \u00e0 ses utilisateurs la possibilit\u00e9 de construire sans effort un curriculum vitae professionnel et raffin\u00e9 en quelques minutes. B\u00e9n\u00e9ficiant de segments personnalisables d\u00e9di\u00e9s \u00e0 l&rsquo;exp\u00e9rience de travail, \u00e0 l&rsquo;\u00e9ducation, aux comp\u00e9tences et au-del\u00e0, le th\u00e8me Ryancv permet aux individus de montrer leurs forces et r\u00e9alisations distinctes d&rsquo;une mani\u00e8re visuellement captivante mais profond\u00e9ment informative. Que l&rsquo;on demande une demande de carri\u00e8re \u00e0 long terme ou de simplement chercher \u00e0 mettre \u00e0 jour sa pr\u00e9sence en ligne, le th\u00e8me de CV Ryancv r\u00e8gne ind\u00e9nigablement comme un outil indispensable pour ceux qui abritent des aspirations \u00e0 la croissance professionnelle.<\/p>\n","protected":false},"featured_media":145148,"comment_status":"open","ping_status":"open","template":"","meta":[],"product_brand":[2433],"product_cat":[1242,1212,1213],"product_tag":[1366],"class_list":{"0":"post-115202","1":"product","2":"type-product","3":"status-publish","4":"has-post-thumbnail","6":"product_brand-themeforest","7":"product_cat-creatif","8":"product_cat-themes","9":"product_cat-wordpress-themes","10":"product_tag-themeforest","11":"member-discount","12":"discount-restricted","14":"first","15":"instock","16":"sale","17":"downloadable","18":"virtual","19":"sold-individually","20":"purchasable","21":"product-type-simple"},"_links":{"self":[{"href":"https:\/\/gpl-love.com\/fr\/wp-json\/wp\/v2\/product\/115202","targetHints":{"allow":["GET"]}}],"collection":[{"href":"https:\/\/gpl-love.com\/fr\/wp-json\/wp\/v2\/product"}],"about":[{"href":"https:\/\/gpl-love.com\/fr\/wp-json\/wp\/v2\/types\/product"}],"replies":[{"embeddable":true,"href":"https:\/\/gpl-love.com\/fr\/wp-json\/wp\/v2\/comments?post=115202"}],"wp:featuredmedia":[{"embeddable":true,"href":"https:\/\/gpl-love.com\/fr\/wp-json\/wp\/v2\/media\/145148"}],"wp:attachment":[{"href":"https:\/\/gpl-love.com\/fr\/wp-json\/wp\/v2\/media?parent=115202"}],"wp:term":[{"taxonomy":"product_brand","embeddable":true,"href":"https:\/\/gpl-love.com\/fr\/wp-json\/wp\/v2\/product_brand?post=115202"},{"taxonomy":"product_cat","embeddable":true,"href":"https:\/\/gpl-love.com\/fr\/wp-json\/wp\/v2\/product_cat?post=115202"},{"taxonomy":"product_tag","embeddable":true,"href":"https:\/\/gpl-love.com\/fr\/wp-json\/wp\/v2\/product_tag?post=115202"}],"curies":[{"name":"wp","href":"https:\/\/api.w.org\/{rel}","templated":true}]}}