{"id":115200,"date":"2022-02-20T00:00:00","date_gmt":"2022-02-19T23:00:00","guid":{"rendered":"http:\/\/gpl-love.com\/fr\/produit\/unicoach-multipurpose-upskill-wordpress-theme\/"},"modified":"2026-04-10T18:44:25","modified_gmt":"2026-04-10T16:44:25","slug":"unicoach-multipurpose-upskill-wordpress-theme","status":"publish","type":"product","link":"https:\/\/gpl-love.com\/fr\/produit\/unicoach-multipurpose-upskill-wordpress-theme\/","title":{"rendered":"UniCoach Multipurpose UpSkill WordPress Theme 1.0.10"},"content":{"rendered":"<h3>UniCoach Multipurpose UpSkill WordPress Theme Traits<\/h3>\n<p>Unicoach Multipurpose UpSkill WordPress Le th\u00e8me est un outil incroyablement robuste et dynamique qui sert de ressource inestimable pour les personnes cherchant \u00e0 \u00e9lever et \u00e0 augmenter leur importance en ligne \u00e0 des hauteurs sans pr\u00e9c\u00e9dent. B\u00e9n\u00e9ficiant d&rsquo;un design remarquablement polyvalent et multiforme, ce th\u00e8me innovant poss\u00e8de la capacit\u00e9 extraordinaire \u00e0 r\u00e9pondre \u00e0 un large \u00e9ventail d&rsquo;objectifs, passant de sites Web \u00e9ducatifs illuminants aux blogs personnels captivants. En raison de son interface remarquablement conviviale, les individus de tous niveaux de comp\u00e9tence sont habilit\u00e9s \u00e0 personnaliser sans effort leur site Web et \u00e0 \u00e9laborer une plate-forme en ligne impeccablement poli qui d\u00e9gage un air de professionnalisme accompli. De plus, le th\u00e8me est rempli d&rsquo;un assortiment de fonctionnalit\u00e9s de pointe, y compris une conception extr\u00eamement sensible, un constructeur de pages de glisser-d\u00e9poser intuitif et une gamme de widgets personnalisables. Ces attributs inestimables \u00e9quipent efficacement les utilisateurs des outils n\u00e9cessaires pour \u00e9laborer un site Web visuellement distinctif et in\u00e9gal\u00e9 qui se distingue habilement de la multitude de concurrents dans le domaine num\u00e9rique. En conclusion, le th\u00e8me Unicoach multipurpose upSkill WordPress est sans \u00e9quivoque in\u00e9gal\u00e9 comme un choix vraiment exemplaire pour les personnes cherchant \u00e0 renforcer leur \u00e9minence en ligne et \u00e0 favoriser un engagement in\u00e9gal\u00e9 avec leur public cible.<\/p>\n<ul>\n<li>Un th\u00e8me WordPress flexible et polyvalent con\u00e7u pour aider les individus et les entreprises \u00e0 pr\u00e9senter leurs comp\u00e9tences et leur expertise en ligne.<\/li>\n<li>Enti\u00e8rement personnalisable et facile \u00e0 utiliser, avec une gamme de mod\u00e8les et de fonctionnalit\u00e9s pr\u00e9d\u00e9finis en fonction d&rsquo;une vari\u00e9t\u00e9 de besoins.<\/li>\n<li>Id\u00e9al pour les entra\u00eeneurs, les formateurs, les consultants, les pigistes et toute personne qui cherche \u00e0 fournir une \u00e9ducation ou une formation en ligne.<\/li>\n<li>Construit \u00e0 l&rsquo;aide des derni\u00e8res technologies et optimis\u00e9 pour la vitesse, les performances et le r\u00e9f\u00e9rencement.<\/li>\n<li>Les fonctionnalit\u00e9s incluent plusieurs dispositions de page d&rsquo;accueil, des widgets personnalis\u00e9s, plusieurs sch\u00e9mas de couleurs et la prise en charge des plugins populaires.<\/li>\n<li>Compatible avec tous les principaux navigateurs et appareils, assurant une exp\u00e9rience utilisateur transparente pour tous les visiteurs.<\/li>\n<li>Comprend une documentation compl\u00e8te et un support client d\u00e9di\u00e9 pour assurer une configuration et une maintenance sans tracas.<\/li>\n<\/ul>\n","protected":false},"excerpt":{"rendered":"<p>Unicoach est un th\u00e8me WordPress exceptionnel qui est id\u00e9al pour les personnes int\u00e9ress\u00e9es \u00e0 am\u00e9liorer leurs comp\u00e9tences et \u00e0 \u00e9lever leur pr\u00e9sence en ligne. Ce th\u00e8me polyvalent offre une large s\u00e9lection de designs \u00e9l\u00e9gants et modernes, ce qui en fait un choix parfait pour les entra\u00eeneurs, les formateurs, les \u00e9ducateurs et tous ceux qui souhaitent transmettre leurs connaissances au monde. L&rsquo;interface glisser-d\u00e9poser conviviale permet \u00e0 la personnalisation sans effort de votre site Web de s&rsquo;aligner sur l&rsquo;identit\u00e9 de votre marque, tandis que l&rsquo;inclusion de fonctionnalit\u00e9s puissantes simplifie la cr\u00e9ation de cours captivants, le partage de didacticiels vid\u00e9o et bien plus encore. Que vous visiez \u00e0 lancer votre cours en ligne inaugural ou \u00e0 \u00e9lever votre entreprise de coaching existante \u00e0 de nouveaux sommets, Unicoach pr\u00e9sente la solution id\u00e9ale pour vous aider \u00e0 atteindre vos objectifs.<\/p>\n","protected":false},"featured_media":145659,"comment_status":"open","ping_status":"open","template":"","meta":[],"product_brand":[2433],"product_cat":[1214,1212,1213],"product_tag":[1366],"class_list":{"0":"post-115200","1":"product","2":"type-product","3":"status-publish","4":"has-post-thumbnail","6":"product_brand-themeforest","7":"product_cat-polyvalent","8":"product_cat-themes","9":"product_cat-wordpress-themes","10":"product_tag-themeforest","11":"member-discount","12":"discount-restricted","14":"first","15":"instock","16":"sale","17":"downloadable","18":"virtual","19":"sold-individually","20":"purchasable","21":"product-type-simple"},"_links":{"self":[{"href":"https:\/\/gpl-love.com\/fr\/wp-json\/wp\/v2\/product\/115200","targetHints":{"allow":["GET"]}}],"collection":[{"href":"https:\/\/gpl-love.com\/fr\/wp-json\/wp\/v2\/product"}],"about":[{"href":"https:\/\/gpl-love.com\/fr\/wp-json\/wp\/v2\/types\/product"}],"replies":[{"embeddable":true,"href":"https:\/\/gpl-love.com\/fr\/wp-json\/wp\/v2\/comments?post=115200"}],"wp:featuredmedia":[{"embeddable":true,"href":"https:\/\/gpl-love.com\/fr\/wp-json\/wp\/v2\/media\/145659"}],"wp:attachment":[{"href":"https:\/\/gpl-love.com\/fr\/wp-json\/wp\/v2\/media?parent=115200"}],"wp:term":[{"taxonomy":"product_brand","embeddable":true,"href":"https:\/\/gpl-love.com\/fr\/wp-json\/wp\/v2\/product_brand?post=115200"},{"taxonomy":"product_cat","embeddable":true,"href":"https:\/\/gpl-love.com\/fr\/wp-json\/wp\/v2\/product_cat?post=115200"},{"taxonomy":"product_tag","embeddable":true,"href":"https:\/\/gpl-love.com\/fr\/wp-json\/wp\/v2\/product_tag?post=115200"}],"curies":[{"name":"wp","href":"https:\/\/api.w.org\/{rel}","templated":true}]}}