{"id":115196,"date":"2021-05-12T00:00:00","date_gmt":"2021-05-11T22:00:00","guid":{"rendered":"http:\/\/gpl-love.com\/fr\/produit\/wp-clever-faq-builder-smart-support-tool-pour-wordpress\/"},"modified":"2026-03-20T23:49:33","modified_gmt":"2026-03-20T22:49:33","slug":"wp-clever-faq-builder-smart-support-tool-pour-wordpress","status":"publish","type":"product","link":"https:\/\/gpl-love.com\/fr\/produit\/wp-clever-faq-builder-smart-support-tool-pour-wordpress\/","title":{"rendered":"WP Clever FAQ Builder Smart Support Tool pour WordPress 1.42"},"content":{"rendered":"<h3>WP Clever FAQ Builder Smart Support Tool pour WordPress Traits<\/h3>\n<p>Le Builder FAQ WP Clever est un outil de support intelligent qui a \u00e9t\u00e9 sp\u00e9cifiquement d\u00e9velopp\u00e9 pour les sites Web WordPress. Ce plugin hautement sophistiqu\u00e9 permet aux utilisateurs de g\u00e9n\u00e9rer et de personnaliser sans effort des questions fr\u00e9quemment pos\u00e9es (FAQ) via une interface de glisser-d\u00e9poser sans couture. Notamment, ce qui distingue ce plugin, c&rsquo;est sa remarquable convivialit\u00e9 par les utilisateurs, \u00e9liminant la n\u00e9cessit\u00e9 d&rsquo;une expertise technique. Cette simplicit\u00e9 inh\u00e9rente le rend \u00e9galement adapt\u00e9 aux novices et aux professionnels chevronn\u00e9s. En tirant parti des capacit\u00e9s remarquables du WP Clever FAQ Builder, vous pouvez classer de mani\u00e8re transparente FAQ et profiter des visiteurs avec la commodit\u00e9 de la r\u00e9cup\u00e9ration des informations rapides via des options de recherche et de filtre. En outre, cet outil poss\u00e8de une vaste gamme de fonctionnalit\u00e9s de personnalisation, vous permettant d&rsquo;harmoniser sans effort les couleurs, les polices et les styles avec les \u00e9l\u00e9ments de conception de votre site Web. En r\u00e9sum\u00e9, le WP Clever FAQ Builder est un outil de support exceptionnel qui a le potentiel d&rsquo;augmenter consid\u00e9rablement l&rsquo;exp\u00e9rience utilisateur sur votre site Web en facilitant l&rsquo;acc\u00e8s sans effort aux informations et en \u00e9levant avec succ\u00e8s les niveaux de satisfaction des clients.<\/p>\n<ul>\n<li>Permet la cr\u00e9ation et la gestion faciles des questions fr\u00e9quemment pos\u00e9es sur les sites Web WordPress<\/li>\n<li>Offre des options de personnalisation pour la conception et la mise en page de la FAQ pour correspondre \u00e0 l&rsquo;esth\u00e9tique du site Web<\/li>\n<li>Utilise une fonction de recherche intelligente pour la navigation conviviale des FAQ<\/li>\n<li>Comprend des outils pour mesurer l&rsquo;engagement et l&rsquo;efficacit\u00e9 de la FAQ pour l&rsquo;optimisation du site Web<\/li>\n<li>Peut s&rsquo;int\u00e9grer aux programmes de CRM et de support de chat populaires pour des solutions de service client compl\u00e8tes<\/li>\n<li>Interface conviviale pour la facilit\u00e9 d&rsquo;utilisation et la gestion<\/li>\n<li>R\u00e9guli\u00e8rement mis \u00e0 jour avec de nouvelles fonctionnalit\u00e9s et mises \u00e0 niveau pour rester en avance sur les tendances de l&rsquo;industrie<\/li>\n<li>Compatible avec la plupart des th\u00e8mes et plugins WordPress pour une int\u00e9gration transparente dans les sites Web existants.<\/li>\n<\/ul>\n","protected":false},"excerpt":{"rendered":"<p>WP Clever FAQ Builder est un outil de support incroyablement robuste et intelligent qui permet aux utilisateurs de g\u00e9n\u00e9rer et de superviser sans effort des questions fr\u00e9quemment pos\u00e9es pour leur site Web WordPress. Au moyen d&rsquo;une interface de glisser-d\u00e9poser tr\u00e8s intuitive, les individus sont capables d&rsquo;organiser rapidement leurs FAQ, fournissant ainsi que les visiteurs de leur site de pr\u00e9cieux solutions \u00e0 leurs demandes. Cet outil inestimable poss\u00e8de en outre une pl\u00e9thore de choix de personnalisation, assurant une int\u00e9gration transparente avec le th\u00e8me et le style distinctifs de son site Web. De plus, sa fonctionnalit\u00e9 de recherche de pointe garantit un acc\u00e8s rapide aux informations pertinentes, optimisant finalement la satisfaction des utilisateurs. Avec l&rsquo;incorporation de WP Clever FAQ Builder, l&rsquo;exp\u00e9rience utilisateur de votre site Web sera sensiblement am\u00e9lior\u00e9e, ce qui entra\u00eenera une r\u00e9duction significative des demandes de soutien.<\/p>\n","protected":false},"featured_media":146137,"comment_status":"open","ping_status":"open","template":"","meta":[],"product_brand":[2435],"product_cat":[1189,1181,1186],"product_tag":[1231],"class_list":{"0":"post-115196","1":"product","2":"type-product","3":"status-publish","4":"has-post-thumbnail","6":"product_brand-codecanyon","7":"product_cat-personnalisation","8":"product_cat-plugins","9":"product_cat-wordpress-plugins","10":"product_tag-codecanyon","11":"member-discount","12":"discount-restricted","14":"first","15":"instock","16":"sale","17":"downloadable","18":"virtual","19":"sold-individually","20":"purchasable","21":"product-type-simple"},"_links":{"self":[{"href":"https:\/\/gpl-love.com\/fr\/wp-json\/wp\/v2\/product\/115196","targetHints":{"allow":["GET"]}}],"collection":[{"href":"https:\/\/gpl-love.com\/fr\/wp-json\/wp\/v2\/product"}],"about":[{"href":"https:\/\/gpl-love.com\/fr\/wp-json\/wp\/v2\/types\/product"}],"replies":[{"embeddable":true,"href":"https:\/\/gpl-love.com\/fr\/wp-json\/wp\/v2\/comments?post=115196"}],"wp:featuredmedia":[{"embeddable":true,"href":"https:\/\/gpl-love.com\/fr\/wp-json\/wp\/v2\/media\/146137"}],"wp:attachment":[{"href":"https:\/\/gpl-love.com\/fr\/wp-json\/wp\/v2\/media?parent=115196"}],"wp:term":[{"taxonomy":"product_brand","embeddable":true,"href":"https:\/\/gpl-love.com\/fr\/wp-json\/wp\/v2\/product_brand?post=115196"},{"taxonomy":"product_cat","embeddable":true,"href":"https:\/\/gpl-love.com\/fr\/wp-json\/wp\/v2\/product_cat?post=115196"},{"taxonomy":"product_tag","embeddable":true,"href":"https:\/\/gpl-love.com\/fr\/wp-json\/wp\/v2\/product_tag?post=115196"}],"curies":[{"name":"wp","href":"https:\/\/api.w.org\/{rel}","templated":true}]}}