{"id":115192,"date":"2021-07-21T00:00:00","date_gmt":"2021-07-20T22:00:00","guid":{"rendered":"http:\/\/gpl-love.com\/fr\/produit\/amos-creative-wordpress-theme\/"},"modified":"2026-03-20T22:54:28","modified_gmt":"2026-03-20T21:54:28","slug":"amos-creative-wordpress-theme","status":"publish","type":"product","link":"https:\/\/gpl-love.com\/fr\/produit\/amos-creative-wordpress-theme\/","title":{"rendered":"Amos Creative WordPress Theme 1.6.6"},"content":{"rendered":"<h3>Amos Creative WordPress Theme Traits<\/h3>\n<p>Le th\u00e8me Amos Creative WordPress est un th\u00e8me tr\u00e8s dynamique et extr\u00eamement polyvalent qui offre une assistance in\u00e9gal\u00e9e dans la cr\u00e9ation de sites Web \u00e0 couper le souffle visuellement avec la plus grande facilit\u00e9. B\u00e9n\u00e9ficiant d&rsquo;un design \u00e9l\u00e9gant et contemporain, ce th\u00e8me sert de plate-forme id\u00e9ale pour pr\u00e9senter efficacement vos efforts de portfolio, blog ou commercial. \u00c9quip\u00e9 d&rsquo;une multitude de fonctionnalit\u00e9s personnalisables, y compris une gamme de sch\u00e9mas de couleurs exquis, de s\u00e9lections de polices et d&rsquo;options de mise en page, ce th\u00e8me vous offre la possibilit\u00e9 d&rsquo;adapter votre site Web pour refl\u00e9ter votre sens du style unique. De plus, l&rsquo;inclusion d&rsquo;une fonction de cr\u00e9ation de pages \u00e0 glisser-d\u00e9poser pratique garantit un processus sans effort lorsqu&rsquo;il s&rsquo;agit d&rsquo;ajouter et d&rsquo;organiser votre contenu. Assurant l&rsquo;adaptabilit\u00e9 sur tous les appareils, ce th\u00e8me est enti\u00e8rement r\u00e9actif, garantissant une apparence impeccable sur n&rsquo;importe quel \u00e9cran. Que vous vous identifiiez en tant que pigiste, entrepreneur ou agence de cr\u00e9ation, le th\u00e8me Amos Creative WordPress est un choix exceptionnel pour la construction d&rsquo;une pr\u00e9sence en ligne professionnelle et remarquablement captivante.<\/p>\n<ul>\n<li>Design moderne et minimaliste pour pr\u00e9senter votre cr\u00e9ativit\u00e9<\/li>\n<li>Disposition enti\u00e8rement r\u00e9active, compatible avec tous les appareils et tailles d&rsquo;\u00e9cran<\/li>\n<li>Page de page de glisser-d\u00e9poser int\u00e9gr\u00e9 pour une personnalisation facile et une cr\u00e9ation de mise en page<\/li>\n<li>Comprend plusieurs mod\u00e8les pr\u00e9-con\u00e7us pour les pages de portefeuille, de blog et de commerce \u00e9lectronique<\/li>\n<li>Panneau d&rsquo;options de th\u00e8me avanc\u00e9 pour un contr\u00f4le complet sur tous les \u00e9l\u00e9ments de conception<\/li>\n<li>Optimisation du r\u00e9f\u00e9rence<\/li>\n<li>Documentation approfondie et support client pour toutes les questions ou probl\u00e8mes qui peuvent survenir<\/li>\n<li>Mises \u00e0 jour r\u00e9guli\u00e8res et am\u00e9liorations des fonctionnalit\u00e9s pour vous assurer que votre site Web reste \u00e0 jour et \u00e0 la pointe<\/li>\n<\/ul>\n","protected":false},"excerpt":{"rendered":"<p>Explorez le monde des possibilit\u00e9s infinies avec le th\u00e8me Amos Creative WordPress. Con\u00e7u en pensant \u00e0 l&rsquo;utilisateur moderne, ce th\u00e8me offre une solution compl\u00e8te et flexible pour tous les besoins de votre site Web. Le th\u00e8me AMOS est \u00e0 la fois r\u00e9actif et pr\u00eat \u00e0 la r\u00e9tine, garantissant que votre site semble net et fonctionne en douceur sur n&rsquo;importe quel appareil. Avec des options enti\u00e8rement personnalisables, vous pouvez facilement adapter votre site \u00e0 votre style et aux pr\u00e9f\u00e9rences uniques.<\/p>\n<p>Incorporez des visuels \u00e9tonnants avec les graphiques haute r\u00e9solution du th\u00e8me, ou profitez de la disposition de la grille pour un look \u00e9l\u00e9gant et organis\u00e9. Ce th\u00e8me est \u00e9galement convivial, aidant votre site \u00e0 se classer plus haut sur les r\u00e9sultats des moteurs de recherche et \u00e0 attirer plus de visiteurs.<\/p>\n<p>Le th\u00e8me Amos Creative WordPress offre des fonctionnalit\u00e9s \u00e9tendues avec sa compatibilit\u00e9 des plugins. Des plugins de commerce \u00e9lectronique comme WooCommerce aux liens de m\u00e9dias sociaux et aux formulaires de contact, ce th\u00e8me vous fournit les outils pour cr\u00e9er un site robuste et engageant.<\/p>\n<p>De plus, il est livr\u00e9 avec une documentation d\u00e9taill\u00e9e et un support d\u00e9di\u00e9 pour vous aider \u00e0 chaque \u00e9tape. Que vous soyez un novice ou un d\u00e9veloppeur exp\u00e9riment\u00e9, le<\/p>\n","protected":false},"featured_media":143120,"comment_status":"open","ping_status":"open","template":"","meta":[],"product_brand":[2433],"product_cat":[1242,1212,1213],"product_tag":[1366],"class_list":{"0":"post-115192","1":"product","2":"type-product","3":"status-publish","4":"has-post-thumbnail","6":"product_brand-themeforest","7":"product_cat-creatif","8":"product_cat-themes","9":"product_cat-wordpress-themes","10":"product_tag-themeforest","11":"member-discount","12":"discount-restricted","14":"first","15":"instock","16":"sale","17":"downloadable","18":"virtual","19":"sold-individually","20":"purchasable","21":"product-type-simple"},"_links":{"self":[{"href":"https:\/\/gpl-love.com\/fr\/wp-json\/wp\/v2\/product\/115192","targetHints":{"allow":["GET"]}}],"collection":[{"href":"https:\/\/gpl-love.com\/fr\/wp-json\/wp\/v2\/product"}],"about":[{"href":"https:\/\/gpl-love.com\/fr\/wp-json\/wp\/v2\/types\/product"}],"replies":[{"embeddable":true,"href":"https:\/\/gpl-love.com\/fr\/wp-json\/wp\/v2\/comments?post=115192"}],"wp:featuredmedia":[{"embeddable":true,"href":"https:\/\/gpl-love.com\/fr\/wp-json\/wp\/v2\/media\/143120"}],"wp:attachment":[{"href":"https:\/\/gpl-love.com\/fr\/wp-json\/wp\/v2\/media?parent=115192"}],"wp:term":[{"taxonomy":"product_brand","embeddable":true,"href":"https:\/\/gpl-love.com\/fr\/wp-json\/wp\/v2\/product_brand?post=115192"},{"taxonomy":"product_cat","embeddable":true,"href":"https:\/\/gpl-love.com\/fr\/wp-json\/wp\/v2\/product_cat?post=115192"},{"taxonomy":"product_tag","embeddable":true,"href":"https:\/\/gpl-love.com\/fr\/wp-json\/wp\/v2\/product_tag?post=115192"}],"curies":[{"name":"wp","href":"https:\/\/api.w.org\/{rel}","templated":true}]}}