{"id":115189,"date":"2025-12-23T00:00:00","date_gmt":"2025-12-22T23:00:00","guid":{"rendered":"http:\/\/gpl-love.com\/fr\/produit\/estudiar-college-university-wordpress\/"},"modified":"2026-03-20T23:04:36","modified_gmt":"2026-03-20T22:04:36","slug":"estudiar-college-university-wordpress","status":"publish","type":"product","link":"https:\/\/gpl-love.com\/fr\/produit\/estudiar-college-university-wordpress\/","title":{"rendered":"Estudiar College University WordPress 34"},"content":{"rendered":"<h3>Estudiar College University WordPress Traits<\/h3>\n<p>WordPress d&rsquo;Estuar College University est un syst\u00e8me de gestion de l&rsquo;apprentissage extraordinairement innovant et remarquablement complet qui a \u00e9t\u00e9 m\u00e9ticuleusement con\u00e7u dans l&rsquo;intention d&rsquo;aider \u00e0 la fois les \u00e9tudiants et les \u00e9ducateurs dans leur qu\u00eate d&rsquo;excellence acad\u00e9mique. Cette plate-forme exceptionnellement conviviale fournit une vaste gamme d&rsquo;outils et de fonctionnalit\u00e9s qui ont \u00e9t\u00e9 complexes pour s&rsquo;assurer que l&rsquo;exp\u00e9rience d&rsquo;apprentissage est non seulement profond\u00e9ment engageante, mais aussi \u00e9tonnamment efficace. Gr\u00e2ce \u00e0 l&rsquo;utilisation d&rsquo;Estudiar, les \u00e9tudiants ont l&rsquo;occasion inestimable d&rsquo;acc\u00e9der sans effort \u00e0 leur mat\u00e9riel de cours, de soumettre consciencieusement leurs missions, de participer activement \u00e0 des discussions stimulantes et de collaborer de mani\u00e8re transparente avec leurs camarades de classe estim\u00e9s, quelle que soit leur emplacement g\u00e9ographique. De m\u00eame, les enseignants re\u00e7oivent la capacit\u00e9 de concevoir sans effort et de g\u00e9rer avec comp\u00e9tence leurs cours respectifs, de noter avec diligence les affectations qui ont \u00e9t\u00e9 soumises avec diligence et de surveiller et de surveiller m\u00e9ticuleusement et d&rsquo;\u00e9valuer m\u00e9ticuleusement les progr\u00e8s de chaque \u00e9l\u00e8ve individuel. \u00c9tonnamment, cette plate-forme ph\u00e9nom\u00e9nale est aliment\u00e9e par WordPress, un syst\u00e8me de gestion de contenu \u00e9tonnamment polyvalent et \u00e9tonnamment adaptable, ce qui signifie qu&rsquo;il poss\u00e8de la capacit\u00e9 inh\u00e9rente \u00e0 \u00eatre remarquablement personnalis\u00e9e et \u00e9tonnamment adapt\u00e9e \u00e0 la magnanimement des besoins uniques et discernants de chaque \u00e9tablissement d&rsquo;enseignement, ind\u00e9pendamment de leur leur taille ou leur port\u00e9e. Que vous soyez un \u00e9tudiant tr\u00e8s ambitieux, un enseignant adroitement accompli, ou un administrateur assiduellement attentif cherchant \u00e0 augmenter davantage les prouesses \u00e9ducatives de votre institution estim\u00e9e, l&rsquo;estualit\u00e9 universitaire Wordpress repr\u00e9sente sans aucun doute la solution ultime et in\u00e9gal\u00e9e pour s&rsquo;engager et embarquer dans le cadre de la Journey immens\u00e9ment transformateur de l&rsquo;apprentissage en ligne.<\/p>\n<ul>\n<li>Un th\u00e8me WordPress complet con\u00e7u pour les sites Web des coll\u00e8ges et universitaires<\/li>\n<li>Fournit une interface conviviale pour une personnalisation et une gestion faciles du contenu<\/li>\n<li>Comprend des mod\u00e8les de page pr\u00e9d\u00e9finis et des fonctionnalit\u00e9s sp\u00e9cifiques aux \u00e9tablissements d&rsquo;enseignement<\/li>\n<li>Fonctionne l&rsquo;int\u00e9gration avec des plugins populaires comme LearnDash, BBPress et WooCommerce<\/li>\n<li>Optimis\u00e9 pour le classement des moteurs de recherche et les temps de chargement de page rapides<\/li>\n<li>La conception r\u00e9active assure la compatibilit\u00e9 avec tous les appareils et tailles d&rsquo;\u00e9cran<\/li>\n<li>Permet une int\u00e9gration facile avec les plateformes de m\u00e9dias sociaux et les services de marketing par e-mail<\/li>\n<li>Fournit des mises \u00e0 jour et un soutien en cours pour la dur\u00e9e de vie du produit<\/li>\n<li>D\u00e9velopp\u00e9 par une \u00e9quipe ayant une vaste exp\u00e9rience dans la cr\u00e9ation de th\u00e8mes WordPress pour les \u00e9tablissements d&rsquo;enseignement.<\/li>\n<\/ul>\n","protected":false},"excerpt":{"rendered":"<p>Estuar College University WordPress, un syst\u00e8me de gestion de l&rsquo;\u00e9ducation holistique m\u00e9ticuleusement con\u00e7u pour r\u00e9pondre aux exigences sp\u00e9cifiques des coll\u00e8ges et universit\u00e9s, offre un \u00e9ventail de fonctionnalit\u00e9s robustes. Ceux-ci englobent la gestion des cours, le suivi des affectations, la gestion des \u00e9tudiants et le suivi des notes, permettant aux \u00e9ducateurs et aux apprenants d&rsquo;optimiser leurs efforts d&rsquo;enseignement et d&rsquo;apprentissage. Ce qui distingue cette plate-forme, c&rsquo;est son utilisation de l&rsquo;interface aliment\u00e9e par WordPress, qui non seulement facilite la personnalisation sans effort, mais assure \u00e9galement l&rsquo;int\u00e9gration transparente avec votre site Web. Par cons\u00e9quent, les \u00e9tablissements d&rsquo;enseignement \u00e0 la recherche d&rsquo;une pr\u00e9sence virtuelle esth\u00e9tiquement agr\u00e9able et conviviale trouveront une solution id\u00e9ale. En tirant parti des capacit\u00e9s de ce syst\u00e8me de pointe, vous pouvez rationaliser vos op\u00e9rations acad\u00e9miques et \u00e9lever le parcours \u00e9ducatif de vos \u00e9l\u00e8ves, ce qui entra\u00eene une am\u00e9lioration des r\u00e9sultats d&rsquo;apprentissage.<\/p>\n","protected":false},"featured_media":143784,"comment_status":"open","ping_status":"open","template":"","meta":[],"product_brand":[2433],"product_cat":[1242,1212,1213],"product_tag":[1366],"class_list":{"0":"post-115189","1":"product","2":"type-product","3":"status-publish","4":"has-post-thumbnail","6":"product_brand-themeforest","7":"product_cat-creatif","8":"product_cat-themes","9":"product_cat-wordpress-themes","10":"product_tag-themeforest","11":"member-discount","12":"discount-restricted","14":"first","15":"instock","16":"sale","17":"downloadable","18":"virtual","19":"sold-individually","20":"purchasable","21":"product-type-simple"},"_links":{"self":[{"href":"https:\/\/gpl-love.com\/fr\/wp-json\/wp\/v2\/product\/115189","targetHints":{"allow":["GET"]}}],"collection":[{"href":"https:\/\/gpl-love.com\/fr\/wp-json\/wp\/v2\/product"}],"about":[{"href":"https:\/\/gpl-love.com\/fr\/wp-json\/wp\/v2\/types\/product"}],"replies":[{"embeddable":true,"href":"https:\/\/gpl-love.com\/fr\/wp-json\/wp\/v2\/comments?post=115189"}],"wp:featuredmedia":[{"embeddable":true,"href":"https:\/\/gpl-love.com\/fr\/wp-json\/wp\/v2\/media\/143784"}],"wp:attachment":[{"href":"https:\/\/gpl-love.com\/fr\/wp-json\/wp\/v2\/media?parent=115189"}],"wp:term":[{"taxonomy":"product_brand","embeddable":true,"href":"https:\/\/gpl-love.com\/fr\/wp-json\/wp\/v2\/product_brand?post=115189"},{"taxonomy":"product_cat","embeddable":true,"href":"https:\/\/gpl-love.com\/fr\/wp-json\/wp\/v2\/product_cat?post=115189"},{"taxonomy":"product_tag","embeddable":true,"href":"https:\/\/gpl-love.com\/fr\/wp-json\/wp\/v2\/product_tag?post=115189"}],"curies":[{"name":"wp","href":"https:\/\/api.w.org\/{rel}","templated":true}]}}