{"id":115185,"date":"2022-03-06T00:00:00","date_gmt":"2022-03-05T23:00:00","guid":{"rendered":"http:\/\/gpl-love.com\/fr\/produit\/autozone-automotive-car-dealer-wordpress-theme\/"},"modified":"2026-03-20T22:55:42","modified_gmt":"2026-03-20T21:55:42","slug":"autozone-automotive-car-dealer-wordpress-theme","status":"publish","type":"product","link":"https:\/\/gpl-love.com\/fr\/produit\/autozone-automotive-car-dealer-wordpress-theme\/","title":{"rendered":"Autozone Automotive Car Dealer WordPress Theme 6.0.5"},"content":{"rendered":"<h3>Autozone Automotive Car Dealer WordPress Theme Traits<\/h3>\n<p>Le th\u00e8me WordPress de concessionnaire automobile AutoZone Automotive est un th\u00e8me complet et multifonctionnel qui est id\u00e9al pour les concessionnaires automobiles et les entreprises automobiles. Il offre une pl\u00e9thore de fonctionnalit\u00e9s qui vous permettront de cr\u00e9er un site Web visuellement attrayant et professionnel qui pr\u00e9sente efficacement vos produits et services. Le th\u00e8me poss\u00e8de une interface intuitive et conviviale, ce qui signifie que vous n&rsquo;aurez pas \u00e0 lutter avec des processus ou du codage compliqu\u00e9s. De plus, il est pleinement r\u00e9actif, ce qui signifie qu&rsquo;il s&rsquo;adaptera parfaitement \u00e0 n&rsquo;importe quelle taille ou appareil d&rsquo;\u00e9cran, garantissant une exp\u00e9rience de navigation optimale pour vos visiteurs.<\/p>\n<p>L&rsquo;une des fonctionnalit\u00e9s remarquables d&rsquo;AutoZone est sa capacit\u00e9 \u00e0 \u00eatre personnalis\u00e9e pour s&rsquo;adapter aux couleurs et style uniques de votre marque. Cela signifie que vous pouvez cr\u00e9er un site Web qui refl\u00e8te l&rsquo;identit\u00e9 de votre marque et se d\u00e9marque de la concurrence. En plus de ses options de personnalisation esth\u00e9tique, AutoZone propose \u00e9galement une gamme de fonctionnalit\u00e9s pratiques et fonctionnelles qui rationaliseront vos op\u00e9rations commerciales. Par exemple, il est livr\u00e9 avec un puissant syst\u00e8me de gestion des stocks qui vous permet de suivre facilement vos v\u00e9hicules disponibles et leurs sp\u00e9cifications. Cela garantira que vous avez toujours une repr\u00e9sentation \u00e0 jour et pr\u00e9cise de votre inventaire sur votre site Web.<\/p>\n<p>Une autre caract\u00e9ristique inestimable d&rsquo;AutoZone est sa fonctionnalit\u00e9 de recherche de v\u00e9hicules. Cette fonctionnalit\u00e9 permet \u00e0 vos clients potentiels de filtrer et de rechercher des v\u00e9hicules sp\u00e9cifiques en fonction de leurs pr\u00e9f\u00e9rences, ce qui leur permet de trouver plus facilement leur voiture id\u00e9ale. En outre, le th\u00e8me comprend \u00e9galement des syst\u00e8mes de r\u00e9servation et de rendez-vous qui simplifient le processus de planification des essais ou des rendez-vous de service. Cela am\u00e9liore non seulement la satisfaction des clients, mais vous fait \u00e9galement gagner du temps et des efforts car il automatise le processus de gestion des rendez-vous.<\/p>\n<p>De plus, AutoZone est optimis\u00e9 pour les moteurs de recherche, ce qui signifie que votre site Web aura une plus grande chance de se classer bien sur les pages de r\u00e9sultats des moteurs de recherche. Ceci est crucial pour augmenter la visibilit\u00e9 et attirer plus de trafic organique vers votre site Web. En utilisant les fonctionnalit\u00e9s d&rsquo;optimisation du r\u00e9f\u00e9rencement int\u00e9gr\u00e9es d&rsquo;AutoZone, vous pouvez am\u00e9liorer le classement des moteurs de recherche de votre site Web et, finalement, conduire plus de clients potentiels vers le concessionnaire de votre voiture.<\/p>\n<p>En conclusion, le th\u00e8me WordPress du concessionnaire AutoZone Automotive Car est un outil puissant et polyvalent qui peut r\u00e9volutionner votre entreprise automobile. Sa longue liste de fonctionnalit\u00e9s, d&rsquo;options de personnalisation et de capacit\u00e9s d&rsquo;optimisation des moteurs de recherche en fait le choix id\u00e9al pour tout concessionnaire automobile ou entreprise automobile qui cherche \u00e0 \u00e9tablir une forte pr\u00e9sence en ligne. Avec AutoZone, vous pouvez g\u00e9rer efficacement vos op\u00e9rations commerciales et attirer une client\u00e8le plus large, ce qui stimule finalement plus de ventes et de succ\u00e8s pour votre concessionnaire.<\/p>\n<ul>\n<li>-Autozone est un th\u00e8me WordPress pleinement r\u00e9actif adapt\u00e9 \u00e0 tous les concessionnaires automobiles<\/li>\n<li>-Autozone est livr\u00e9 avec un syst\u00e8me avanc\u00e9 de gestion des stocks avec des options de recherche, de filtre et de comparaison<\/li>\n<li>-Autozone vous permet de pr\u00e9senter vos voitures avec de belles photographies et des descriptions d\u00e9taill\u00e9es<\/li>\n<li>-Autozone dispose d&rsquo;un module de planification de rendez-vous enti\u00e8rement int\u00e9gr\u00e9 pour les r\u00e9servations de clients faciles<\/li>\n<li>-Autozone comprend des options de financement de v\u00e9hicules avanc\u00e9es pour la commodit\u00e9 des clients<\/li>\n<li>-Autozone comprend de puissants outils de r\u00e9f\u00e9rencement pour aider \u00e0 faire remarquer votre concessionnaire en ligne<\/li>\n<li>-Autozone est livr\u00e9 avec une documentation compl\u00e8te et des tutoriels vid\u00e9o pour une configuration et une personnalisation faciles<\/li>\n<li>-Autozone est soutenu par le support client fiable des d\u00e9veloppeurs de th\u00e8mes<\/li>\n<li>-Autozone est enti\u00e8rement personnalisable pour r\u00e9pondre \u00e0 vos besoins uniques de marque et de concession<\/li>\n<li>-Autozone est constamment mis \u00e0 jour avec de nouvelles fonctionnalit\u00e9s et am\u00e9liorations.<\/li>\n<\/ul>\n","protected":false},"excerpt":{"rendered":"<p>D\u00e9couvrez la puissance et les fonctionnalit\u00e9s d&rsquo;AutoZone &#8211; un th\u00e8me WordPress concessionnaire automobile sp\u00e9cialement con\u00e7u pour les entreprises de concessionnaires automobiles. Avec AutoZone, vous pouvez pr\u00e9senter votre inventaire de voiture de mani\u00e8re professionnelle et attrayante. Le moteur de recherche avanc\u00e9 permettra \u00e0 vos clients de trouver facilement leur voiture de r\u00eave en fonction de leurs pr\u00e9f\u00e9rences.<\/p>\n<p>Le th\u00e8me est livr\u00e9 avec un design enti\u00e8rement r\u00e9actif qui semble magnifique sur n&rsquo;importe quel appareil. Le design moderne et propre impressionnera certainement vos visiteurs et vos clients potentiels. L&rsquo;\u00e9cran Retina Ready assure des images nettes et dynamiques, am\u00e9liorant l&rsquo;exp\u00e9rience de visualisation de vos utilisateurs.<\/p>\n<p>De plus, AutoZone est construit en pensant au r\u00e9f\u00e9rencement pour vous aider \u00e0 vous classer plus sur les r\u00e9sultats des moteurs de recherche. Il dispose d&rsquo;un constructeur de pages glisser-d\u00e9poser, ce qui vous permet de personnaliser facilement votre site Web en fonction des besoins et du style de votre entreprise. Le th\u00e8me comprend \u00e9galement une vari\u00e9t\u00e9 de plugins premium sans frais suppl\u00e9mentaires, augmentant les fonctionnalit\u00e9s de votre site.<\/p>\n<p>L&rsquo;importation de d\u00e9monstration en un clic vous permet de configurer votre site Web en un rien de temps. De plus, avec des mises \u00e0 jour continues et un support d\u00e9di\u00e9, vous pouvez<\/p>\n","protected":false},"featured_media":143202,"comment_status":"open","ping_status":"open","template":"","meta":[],"product_brand":[2433],"product_cat":[1516,1212,1213],"product_tag":[1366],"class_list":{"0":"post-115185","1":"product","2":"type-product","3":"status-publish","4":"has-post-thumbnail","6":"product_brand-themeforest","7":"product_cat-entreprise","8":"product_cat-themes","9":"product_cat-wordpress-themes","10":"product_tag-themeforest","11":"member-discount","12":"discount-restricted","14":"first","15":"instock","16":"sale","17":"downloadable","18":"virtual","19":"sold-individually","20":"purchasable","21":"product-type-simple"},"_links":{"self":[{"href":"https:\/\/gpl-love.com\/fr\/wp-json\/wp\/v2\/product\/115185","targetHints":{"allow":["GET"]}}],"collection":[{"href":"https:\/\/gpl-love.com\/fr\/wp-json\/wp\/v2\/product"}],"about":[{"href":"https:\/\/gpl-love.com\/fr\/wp-json\/wp\/v2\/types\/product"}],"replies":[{"embeddable":true,"href":"https:\/\/gpl-love.com\/fr\/wp-json\/wp\/v2\/comments?post=115185"}],"wp:featuredmedia":[{"embeddable":true,"href":"https:\/\/gpl-love.com\/fr\/wp-json\/wp\/v2\/media\/143202"}],"wp:attachment":[{"href":"https:\/\/gpl-love.com\/fr\/wp-json\/wp\/v2\/media?parent=115185"}],"wp:term":[{"taxonomy":"product_brand","embeddable":true,"href":"https:\/\/gpl-love.com\/fr\/wp-json\/wp\/v2\/product_brand?post=115185"},{"taxonomy":"product_cat","embeddable":true,"href":"https:\/\/gpl-love.com\/fr\/wp-json\/wp\/v2\/product_cat?post=115185"},{"taxonomy":"product_tag","embeddable":true,"href":"https:\/\/gpl-love.com\/fr\/wp-json\/wp\/v2\/product_tag?post=115185"}],"curies":[{"name":"wp","href":"https:\/\/api.w.org\/{rel}","templated":true}]}}