{"id":115177,"date":"2021-05-12T00:00:00","date_gmt":"2021-05-11T22:00:00","guid":{"rendered":"http:\/\/gpl-love.com\/fr\/produit\/borlabs-cache-wordpress-caching-plugin\/"},"modified":"2026-03-20T22:57:16","modified_gmt":"2026-03-20T21:57:16","slug":"borlabs-cache-wordpress-caching-plugin","status":"publish","type":"product","link":"https:\/\/gpl-love.com\/fr\/produit\/borlabs-cache-wordpress-caching-plugin\/","title":{"rendered":"Borlabs Cache 1.6.3"},"content":{"rendered":"<h3>Borlabs Cache Traits<\/h3>\n<p>BorLabs Cache, un plugin de mise en cache WordPress tr\u00e8s efficace et convivial, sert d&rsquo;outil pr\u00e9cieux pour am\u00e9liorer la vitesse et les performances de votre site Web. En mettant automatiquement en cache les pages et les publications de votre site Web, il r\u00e9duit efficacement le volume des requ\u00eates de base de donn\u00e9es et des demandes HTTP dirig\u00e9es vers votre serveur Web. Par cons\u00e9quent, cela conduit \u00e0 des temps de chargement de page acc\u00e9l\u00e9r\u00e9s et \u00e0 une exp\u00e9rience utilisateur am\u00e9lior\u00e9e pour vos visiteurs estim\u00e9s. De plus, ce plugin remarquable englobe une pl\u00e9thore d&rsquo;options personnalisables, vous permettant d&rsquo;adapter les temps d&rsquo;expiration du cache, d&rsquo;exclure des pages ou des publications sp\u00e9cifiques de la mise en cache, et bien plus encore. En r\u00e9sum\u00e9, Borlabs Cache appara\u00eet comme une solution de mise en cache optimale pour les propri\u00e9taires de sites Web WordPress qui s&rsquo;efforcent d&rsquo;optimiser la vitesse et l&rsquo;efficacit\u00e9 de leur plate-forme en ligne.<\/p>\n<ul>\n<li>Temps de chargement du site Web-Lightning en raison de la mise en cache de page optimis\u00e9e<\/li>\n<li>R\u00e9duction du serveur et utilisation de la bande passante<\/li>\n<li>Exp\u00e9rience utilisateur am\u00e9lior\u00e9e et rang de page sur Google en raison de temps de chargement plus rapides<\/li>\n<li>Installation et configuration faciles sans aucune connaissance de codage requise<\/li>\n<li>Cache automatique rin\u00e7age pour un contenu nouveau et \u00e9dit\u00e9 pour garantir des pages \u00e0 jour<\/li>\n<li>Param\u00e8tres hautement personnalisables pour r\u00e9pondre aux besoins des sites Web individuels et de leur trafic<\/li>\n<li>Caract\u00e9ristique avanc\u00e9e de la mise en cache de pages, d&rsquo;URL ou d&rsquo;agents utilisateur sp\u00e9cifiques pour une optimisation encore plus personnalis\u00e9e<\/li>\n<li>Compatibilit\u00e9 avec divers th\u00e8mes et plugins WordPress<\/li>\n<li>Mises \u00e0 jour r\u00e9guli\u00e8res et correctifs de bogues pour les performances et la s\u00e9curit\u00e9 optimales<\/li>\n<li>Assistance client d\u00e9di\u00e9e \u00e0 toute demande ou probl\u00e8me<\/li>\n<\/ul>\n","protected":false},"excerpt":{"rendered":"<p>D\u00e9couvrez une exp\u00e9rience de navigation plus rapide et plus efficace avec BorLabs Cache, un puissant plugin de mise en cache WordPress. Notre technologie de pointe am\u00e9liore non seulement les performances de votre site Web, mais r\u00e9duit \u00e9galement consid\u00e9rablement la charge du serveur, garantissant une exp\u00e9rience utilisateur plus lisse et plus r\u00e9active. Avec Borlabs Cache, vous profiterez du chargement de pages \u00e0 grande vitesse, conduisant \u00e0 de meilleurs classements de moteur de recherche et \u00e0 une satisfaction accrue du client. Ce plugin est convivial et facile \u00e0 configurer, sans comp\u00e9tences techniques requises. Il propose \u00e9galement une vari\u00e9t\u00e9 de fonctionnalit\u00e9s avanc\u00e9es, notamment la compensation et la pr\u00e9charge automatis\u00e9es du cache, l&rsquo;optimisation JavaScript et CSS, etc. Parfait pour les entreprises de toutes tailles, Borlabs Cache offre une solution simple pour am\u00e9liorer les performances de votre site Web et augmenter votre pr\u00e9sence en ligne.<\/p>\n","protected":false},"featured_media":143305,"comment_status":"open","ping_status":"open","template":"","meta":[],"product_brand":[2478],"product_cat":[1203,1181,1186],"product_tag":[2182],"class_list":{"0":"post-115177","1":"product","2":"type-product","3":"status-publish","4":"has-post-thumbnail","6":"product_brand-borlabs","7":"product_cat-performance","8":"product_cat-plugins","9":"product_cat-wordpress-plugins","10":"product_tag-borlabs","11":"member-discount","12":"discount-restricted","14":"first","15":"instock","16":"sale","17":"downloadable","18":"virtual","19":"sold-individually","20":"purchasable","21":"product-type-simple"},"_links":{"self":[{"href":"https:\/\/gpl-love.com\/fr\/wp-json\/wp\/v2\/product\/115177","targetHints":{"allow":["GET"]}}],"collection":[{"href":"https:\/\/gpl-love.com\/fr\/wp-json\/wp\/v2\/product"}],"about":[{"href":"https:\/\/gpl-love.com\/fr\/wp-json\/wp\/v2\/types\/product"}],"replies":[{"embeddable":true,"href":"https:\/\/gpl-love.com\/fr\/wp-json\/wp\/v2\/comments?post=115177"}],"wp:featuredmedia":[{"embeddable":true,"href":"https:\/\/gpl-love.com\/fr\/wp-json\/wp\/v2\/media\/143305"}],"wp:attachment":[{"href":"https:\/\/gpl-love.com\/fr\/wp-json\/wp\/v2\/media?parent=115177"}],"wp:term":[{"taxonomy":"product_brand","embeddable":true,"href":"https:\/\/gpl-love.com\/fr\/wp-json\/wp\/v2\/product_brand?post=115177"},{"taxonomy":"product_cat","embeddable":true,"href":"https:\/\/gpl-love.com\/fr\/wp-json\/wp\/v2\/product_cat?post=115177"},{"taxonomy":"product_tag","embeddable":true,"href":"https:\/\/gpl-love.com\/fr\/wp-json\/wp\/v2\/product_tag?post=115177"}],"curies":[{"name":"wp","href":"https:\/\/api.w.org\/{rel}","templated":true}]}}