{"id":115175,"date":"2025-09-01T00:00:00","date_gmt":"2025-08-31T22:00:00","guid":{"rendered":"http:\/\/gpl-love.com\/fr\/produit\/asting-charity-et-donation-wordpress-theme\/"},"modified":"2026-03-20T22:55:10","modified_gmt":"2026-03-20T21:55:10","slug":"asting-charity-et-donation-wordpress-theme","status":"publish","type":"product","link":"https:\/\/gpl-love.com\/fr\/produit\/asting-charity-et-donation-wordpress-theme\/","title":{"rendered":"Asting Charity et Donation WordPress Theme 1.2.7"},"content":{"rendered":"<h3>Asting Charity et Donation WordPress Theme Traits<\/h3>\n<p>Le th\u00e8me de la charit\u00e9 et du don WordPress est un th\u00e8me tr\u00e8s puissant et de pointe m\u00e9ticuleusement con\u00e7u pour les organisations \u00e0 but non lucratif, les fondations caritatives et les campagnes de don. Ce th\u00e8me remarquable pr\u00e9sente une interface simple et conviviale, permettant aux utilisateurs de fabriquer sans effort des formulaires de don, d&rsquo;organiser des \u00e9v\u00e9nements et de pr\u00e9senter leurs efforts bienveillants. De plus, il poss\u00e8de une r\u00e9activit\u00e9 et une compatibilit\u00e9 compl\u00e8tes sur tous les appareils, garantissant un attrait visuel impeccable \u00e0 travers des tailles d&rsquo;\u00e9cran vari\u00e9es. Notamment, ce th\u00e8me est enrichi d&rsquo;une pl\u00e9thore d&rsquo;options personnalisables qui permettent une adaptation transparente de l&rsquo;esth\u00e9tique de votre site Web \u00e0 s&rsquo;aligner impeccablement avec la marque unique de votre organisation. Sans aucun doute, le th\u00e8me WordPress de l&rsquo;organisme de bienfaisance et des dons est la solution ultime pour les personnes cherchant \u00e0 amplifier la sensibilisation, \u00e0 propulser leur cause \u00e0 terme et \u00e0 solliciter efficacement des dons pour leurs entreprises philanthropiques louables.<\/p>\n<ul>\n<li>Design beau et moderne avec des options enti\u00e8rement personnalisables<\/li>\n<li>Syst\u00e8me de don int\u00e9gr\u00e9 qui permet aux visiteurs de faire facilement un don \u00e0 votre cause<\/li>\n<li>Syst\u00e8me de gestion d&rsquo;\u00e9v\u00e9nements qui vous permet de promouvoir les \u00e9v\u00e9nements et collectes de fonds \u00e0 venir<\/li>\n<li>Compatible avec les plugins WordPress populaires comme WooCommerce et le formulaire de contact 7<\/li>\n<li>Boutons de partage des m\u00e9dias sociaux int\u00e9gr\u00e9s pour une visibilit\u00e9 et un engagement accrus<\/li>\n<li>Conception enti\u00e8rement r\u00e9active qui a fi\u00e8re allure sur tous les appareils<\/li>\n<li>Plusieurs variations de page d&rsquo;accueil au choix<\/li>\n<li>Page Facile \u00e0 utiliser pour une personnalisation de glisser-d\u00e9poser<\/li>\n<li>Pr\u00eat pour la traduction et prend en charge plusieurs langues<\/li>\n<li>Construit en tenant compte de l&rsquo;optimisation des moteurs de recherche pour aider votre site \u00e0 se classer plus haut dans les r\u00e9sultats de recherche.<\/li>\n<\/ul>\n","protected":false},"excerpt":{"rendered":"<p>Notre th\u00e8me WordPress de charit\u00e9 et de don Asting est un outil dynamique et compatissant con\u00e7u pour toute organisation \u00e0 but non lucratif, organisme de bienfaisance ou de collecte de fonds. Il propose une interface conviviale avec des fonctionnalit\u00e9s robustes pour vous aider \u00e0 cr\u00e9er une pr\u00e9sence en ligne professionnelle et attrayante. Le th\u00e8me dispose d&rsquo;un syst\u00e8me de dons, permettant aux visiteurs de faire des contributions directement sur votre site. Il est aliment\u00e9 par la plate-forme WordPress la plus fiable, garantissant une navigation en douceur et des performances optimales. Le th\u00e8me Asting est livr\u00e9 avec une vari\u00e9t\u00e9 de mod\u00e8les personnalisables en fonction de la marque et de la mission de votre organisation. Il prend en charge diverses passerelles de paiement, permettant des transactions s\u00e9curis\u00e9es et un traitement facile. La nature du r\u00e9f\u00e9rencement du th\u00e8me garantit une plus grande visibilit\u00e9 sur les moteurs de recherche, conduisant plus de trafic vers votre site. Avec sa conception r\u00e9active, le th\u00e8me offre une exp\u00e9rience de navigation transparente sur tous les appareils. Commencez \u00e0 utiliser le th\u00e8me WordPress de charit\u00e9 et de don Asting d\u00e8s aujourd&rsquo;hui et amenez votre organisation caritative \u00e0 des hauteurs plus \u00e9lev\u00e9es.<\/p>\n","protected":false},"featured_media":143164,"comment_status":"open","ping_status":"open","template":"","meta":[],"product_brand":[2433],"product_cat":[1242,1212,1213],"product_tag":[1366],"class_list":{"0":"post-115175","1":"product","2":"type-product","3":"status-publish","4":"has-post-thumbnail","6":"product_brand-themeforest","7":"product_cat-creatif","8":"product_cat-themes","9":"product_cat-wordpress-themes","10":"product_tag-themeforest","11":"member-discount","12":"discount-restricted","14":"first","15":"instock","16":"sale","17":"downloadable","18":"virtual","19":"sold-individually","20":"purchasable","21":"product-type-simple"},"_links":{"self":[{"href":"https:\/\/gpl-love.com\/fr\/wp-json\/wp\/v2\/product\/115175","targetHints":{"allow":["GET"]}}],"collection":[{"href":"https:\/\/gpl-love.com\/fr\/wp-json\/wp\/v2\/product"}],"about":[{"href":"https:\/\/gpl-love.com\/fr\/wp-json\/wp\/v2\/types\/product"}],"replies":[{"embeddable":true,"href":"https:\/\/gpl-love.com\/fr\/wp-json\/wp\/v2\/comments?post=115175"}],"wp:featuredmedia":[{"embeddable":true,"href":"https:\/\/gpl-love.com\/fr\/wp-json\/wp\/v2\/media\/143164"}],"wp:attachment":[{"href":"https:\/\/gpl-love.com\/fr\/wp-json\/wp\/v2\/media?parent=115175"}],"wp:term":[{"taxonomy":"product_brand","embeddable":true,"href":"https:\/\/gpl-love.com\/fr\/wp-json\/wp\/v2\/product_brand?post=115175"},{"taxonomy":"product_cat","embeddable":true,"href":"https:\/\/gpl-love.com\/fr\/wp-json\/wp\/v2\/product_cat?post=115175"},{"taxonomy":"product_tag","embeddable":true,"href":"https:\/\/gpl-love.com\/fr\/wp-json\/wp\/v2\/product_tag?post=115175"}],"curies":[{"name":"wp","href":"https:\/\/api.w.org\/{rel}","templated":true}]}}