{"id":115173,"date":"2025-09-11T00:00:00","date_gmt":"2025-09-10T22:00:00","guid":{"rendered":"http:\/\/gpl-love.com\/fr\/produit\/howdy-multipurpose-wordpress-theme\/"},"modified":"2026-03-20T23:19:50","modified_gmt":"2026-03-20T22:19:50","slug":"howdy-multipurpose-wordpress-theme","status":"publish","type":"product","link":"https:\/\/gpl-love.com\/fr\/produit\/howdy-multipurpose-wordpress-theme\/","title":{"rendered":"Howdy Multipurpose WordPress Theme 1.1.8"},"content":{"rendered":"<h3>Howdy Multipurpose WordPress Theme Traits<\/h3>\n<p>Le th\u00e8me WordPress polyvalent Howdy, avec sa nature puissante et polyvalente, s&rsquo;av\u00e8re \u00eatre une option id\u00e9ale pour les personnes qui cherchent \u00e0 d\u00e9velopper un large \u00e9ventail de sites Web, allant des blogs aux sites commerciaux. Son design impeccablement propre et moderne est compl\u00e9t\u00e9 par une pl\u00e9thore de choix de personnalisation, r\u00e9pondant \u00e0 la n\u00e9cessit\u00e9 d&rsquo;un site Web distinct qui s&rsquo;aligne parfaitement sur sa marque et son style personnel. De plus, ce th\u00e8me poss\u00e8de une nature tr\u00e8s r\u00e9active, garantissant l&rsquo;affichage optimal de votre site Web sur divers appareils. En plus de ces attributs remarquables, le th\u00e8me WordPress polyvalent Howdy est d\u00e9bordant d&rsquo;une abondance de fonctionnalit\u00e9s et de fonctionnalit\u00e9s, englobant une gamme de d\u00e9mos pr\u00e9-construites, d&rsquo;options d&rsquo;en-t\u00eate et de pied de page, ainsi que d&rsquo;une page de glisser-d\u00e9poser par l&rsquo;utilisateur constructeur. Par cons\u00e9quent, que votre intention soit d&rsquo;\u00e9tablir un blog personnel, de plonger dans le domaine du commerce \u00e9lectronique ou de pr\u00e9senter votre portefeuille cr\u00e9atif, le th\u00e8me WordPress polyvalent Howdy appara\u00eet comme un choix incroyablement polyvalent et fiable.<\/p>\n<ul>\n<li>Th\u00e8me polyvalent adapt\u00e9 \u00e0 un large \u00e9ventail de sites Web, des blogs aux sites commerciaux<\/li>\n<li>Design moderne et propre personnalisable avec de nombreuses options de couleurs diff\u00e9rentes<\/li>\n<li>La conception sensible aux mobiles garantit que votre site a fi\u00e8re allure sur n&rsquo;importe quel appareil<\/li>\n<li>Le panneau d&rsquo;options de th\u00e8me avanc\u00e9 vous permet de personnaliser facilement la disposition et les fonctionnalit\u00e9s de votre site<\/li>\n<li>Pr\u00eat pour la traduction, donc votre site peut \u00eatre facilement traduit dans n&rsquo;importe quelle langue<\/li>\n<li>Int\u00e9gration avec des plugins populaires tels que WooCommerce et Contact Form 7 pour ajouter des fonctionnalit\u00e9s<\/li>\n<li>De nombreuses d\u00e9mos pr\u00e9-con\u00e7ues parmi lesquelles choisir, ce qui facilite le d\u00e9marrage avec la conception de votre site Web<\/li>\n<li>L&rsquo;outil de g\u00e9n\u00e9rateur de pages faciles \u00e0 utiliser vous permet de cr\u00e9er des dispositions et des conceptions uniques sans codage<\/li>\n<li>Le code rapide et l\u00e9ger garantit que votre site se charge rapidement et efficacement pour une excellente exp\u00e9rience utilisateur<\/li>\n<li>\u00c9quipe de support d\u00e9di\u00e9e et utile disponible pour aider \u00e0 toutes les questions ou probl\u00e8mes que vous pourriez avoir.<\/li>\n<\/ul>\n","protected":false},"excerpt":{"rendered":"<p>Le th\u00e8me WordPress polyvalent Howdy, r\u00e9put\u00e9 pour ses capacit\u00e9s de polyvalence et de personnalisation, appara\u00eet comme un choix exceptionnel et adaptable adapt\u00e9 \u00e0 un large \u00e9ventail de sites Web. Offrant une pl\u00e9thore d&rsquo;options de mise en page et une collection de mod\u00e8les m\u00e9ticuleusement con\u00e7us, ce th\u00e8me facilite sans effort la cr\u00e9ation d&rsquo;un site Web distinctif et premium adapt\u00e9 \u00e0 votre entreprise ou \u00e0 votre marque personnelle sp\u00e9cifique. De plus, son inclusion de l&rsquo;optimisation du r\u00e9f\u00e9rencement int\u00e9gr\u00e9e et de la r\u00e9activit\u00e9 \u00e0 divers appareils assure une exp\u00e9rience de visualisation transparente et optimis\u00e9e. Augmentez et \u00e9levez votre pr\u00e9sence en ligne \u00e0 de nouveaux sommets en embrassant la puissance transformatrice du th\u00e8me WordPress polyvalent Howdy.<\/p>\n","protected":false},"featured_media":144198,"comment_status":"open","ping_status":"open","template":"","meta":[],"product_brand":[2433],"product_cat":[1214,1212,1213],"product_tag":[1366],"class_list":{"0":"post-115173","1":"product","2":"type-product","3":"status-publish","4":"has-post-thumbnail","6":"product_brand-themeforest","7":"product_cat-polyvalent","8":"product_cat-themes","9":"product_cat-wordpress-themes","10":"product_tag-themeforest","11":"member-discount","12":"discount-restricted","14":"first","15":"instock","16":"sale","17":"downloadable","18":"virtual","19":"sold-individually","20":"purchasable","21":"product-type-simple"},"_links":{"self":[{"href":"https:\/\/gpl-love.com\/fr\/wp-json\/wp\/v2\/product\/115173","targetHints":{"allow":["GET"]}}],"collection":[{"href":"https:\/\/gpl-love.com\/fr\/wp-json\/wp\/v2\/product"}],"about":[{"href":"https:\/\/gpl-love.com\/fr\/wp-json\/wp\/v2\/types\/product"}],"replies":[{"embeddable":true,"href":"https:\/\/gpl-love.com\/fr\/wp-json\/wp\/v2\/comments?post=115173"}],"wp:featuredmedia":[{"embeddable":true,"href":"https:\/\/gpl-love.com\/fr\/wp-json\/wp\/v2\/media\/144198"}],"wp:attachment":[{"href":"https:\/\/gpl-love.com\/fr\/wp-json\/wp\/v2\/media?parent=115173"}],"wp:term":[{"taxonomy":"product_brand","embeddable":true,"href":"https:\/\/gpl-love.com\/fr\/wp-json\/wp\/v2\/product_brand?post=115173"},{"taxonomy":"product_cat","embeddable":true,"href":"https:\/\/gpl-love.com\/fr\/wp-json\/wp\/v2\/product_cat?post=115173"},{"taxonomy":"product_tag","embeddable":true,"href":"https:\/\/gpl-love.com\/fr\/wp-json\/wp\/v2\/product_tag?post=115173"}],"curies":[{"name":"wp","href":"https:\/\/api.w.org\/{rel}","templated":true}]}}