{"id":115171,"date":"2021-05-11T00:00:00","date_gmt":"2021-05-10T22:00:00","guid":{"rendered":"http:\/\/gpl-love.com\/fr\/produit\/sitemap-plus-wordpress-plugin\/"},"modified":"2026-04-10T18:39:44","modified_gmt":"2026-04-10T16:39:44","slug":"sitemap-plus-wordpress-plugin","status":"publish","type":"product","link":"https:\/\/gpl-love.com\/fr\/produit\/sitemap-plus-wordpress-plugin\/","title":{"rendered":"Sitemap Plus WordPress Plugin 3.2.4"},"content":{"rendered":"<h3>Sitemap Plus WordPress Plugin Traits<\/h3>\n<p>Le plugin WordPress SiteMap Plus, un outil tr\u00e8s indispensable, r\u00e9pond aux besoins des propri\u00e9taires de sites Web qui souhaitent stimuler le r\u00e9f\u00e9rencement de leur site Web. Ce plugin remarquable sert \u00e0 g\u00e9n\u00e9rer des sitemaps XML, qui jouent un r\u00f4le pivot dans la facilitation de la capacit\u00e9 des moteurs de recherche \u00e0 ramper et \u00e0 indexer efficacement les diff\u00e9rentes pages constituant votre site Web. Ces sitemaps m\u00e9ticuleusement fabriqu\u00e9s, gracieuset\u00e9 de ce plugin, int\u00e8grent toutes les informations requises dont les moteurs de recherche recherchent pour comprendre l&rsquo;architecture complexe de votre site et le contenu riche. De plus, le processus d&rsquo;installation et de configuration de ce plugin est un jeu d&rsquo;enfant, garantissant une utilisation sans effort. Notamment, il met \u00e0 jour de mani\u00e8re transparente votre plan du site chaque fois que vous ajoutez ou supprimez des pages. L&rsquo;\u00e9volution de la puissance du plugin WordPress SiteMap Plus am\u00e9liore consid\u00e9rablement la d\u00e9couverte de votre site Web par les moteurs de recherche, augmentant ainsi le trafic entrant et s\u00e9curisant des classements de moteurs de recherche enviables.<\/p>\n<ul>\n<li>G\u00e9n\u00e9rez et personnalisez facilement les sitemaps pour votre site Web WordPress<\/li>\n<li>Obtenez plus de contr\u00f4le sur la fa\u00e7on dont votre site Web est ramp\u00e9 par les moteurs de recherche<\/li>\n<li>Prioriser les pages et le contenu pour une meilleure optimisation SEO<\/li>\n<li>Cr\u00e9er des sitemaps XML pour une meilleure indexation par Google et d&rsquo;autres moteurs de recherche<\/li>\n<li>Mettez automatiquement \u00e0 jour les sitemaps lorsque vous ajoutez un nouveau contenu \u00e0 votre site Web<\/li>\n<li>\u00c9conomisez du temps et des efforts en permettant au plugin de g\u00e9rer la cr\u00e9ation et les mises \u00e0 jour du plan du site<\/li>\n<li>Compatible avec tous les principaux th\u00e8mes et plugins WordPress<\/li>\n<li>Documentation et soutien d\u00e9taill\u00e9s pour vous aider \u00e0 d\u00e9marrer et \u00e0 r\u00e9soudre les probl\u00e8mes.<\/li>\n<\/ul>\n","protected":false},"excerpt":{"rendered":"<p>Le plugin WordPress SiteMap Plus sert d&rsquo;outil ing\u00e9nieux qui vise \u00e0 rationaliser le processus de g\u00e9n\u00e9ration de sitemaps pour les sites Web. En utilisant ce plugin, les utilisateurs sont autoris\u00e9s \u00e0 produire sans effort et rapidement des sitemaps XML et HTML pour leur site WordPress, le tout avec une poign\u00e9e de clics. Le r\u00e9sultat final est un site de site visuellement attrayant qui poss\u00e8de la capacit\u00e9 d&rsquo;am\u00e9liorer la compr\u00e9hension et l&rsquo;exploration de votre site Web par les moteurs de recherche, ce qui donne ainsi des r\u00e9sultats plus favorables en termes de r\u00e9f\u00e9rencement. De plus, ce plugin poss\u00e8de une interface intuitive et conviviale, ce qui le rend accessible et adaptable aux individus de tous niveaux de comp\u00e9tence, que ce soit des novices ou des v\u00e9t\u00e9rans.<\/p>\n","protected":false},"featured_media":145257,"comment_status":"open","ping_status":"open","template":"","meta":[],"product_brand":[2435],"product_cat":[1187,1181,1186],"product_tag":[1231],"class_list":{"0":"post-115171","1":"product","2":"type-product","3":"status-publish","4":"has-post-thumbnail","6":"product_brand-codecanyon","7":"product_cat-administration-wordpress-plugins","8":"product_cat-plugins","9":"product_cat-wordpress-plugins","10":"product_tag-codecanyon","11":"member-discount","12":"discount-restricted","14":"first","15":"instock","16":"sale","17":"downloadable","18":"virtual","19":"sold-individually","20":"purchasable","21":"product-type-simple"},"_links":{"self":[{"href":"https:\/\/gpl-love.com\/fr\/wp-json\/wp\/v2\/product\/115171","targetHints":{"allow":["GET"]}}],"collection":[{"href":"https:\/\/gpl-love.com\/fr\/wp-json\/wp\/v2\/product"}],"about":[{"href":"https:\/\/gpl-love.com\/fr\/wp-json\/wp\/v2\/types\/product"}],"replies":[{"embeddable":true,"href":"https:\/\/gpl-love.com\/fr\/wp-json\/wp\/v2\/comments?post=115171"}],"wp:featuredmedia":[{"embeddable":true,"href":"https:\/\/gpl-love.com\/fr\/wp-json\/wp\/v2\/media\/145257"}],"wp:attachment":[{"href":"https:\/\/gpl-love.com\/fr\/wp-json\/wp\/v2\/media?parent=115171"}],"wp:term":[{"taxonomy":"product_brand","embeddable":true,"href":"https:\/\/gpl-love.com\/fr\/wp-json\/wp\/v2\/product_brand?post=115171"},{"taxonomy":"product_cat","embeddable":true,"href":"https:\/\/gpl-love.com\/fr\/wp-json\/wp\/v2\/product_cat?post=115171"},{"taxonomy":"product_tag","embeddable":true,"href":"https:\/\/gpl-love.com\/fr\/wp-json\/wp\/v2\/product_tag?post=115171"}],"curies":[{"name":"wp","href":"https:\/\/api.w.org\/{rel}","templated":true}]}}