{"id":115169,"date":"2026-02-26T00:00:00","date_gmt":"2026-02-25T23:00:00","guid":{"rendered":"http:\/\/gpl-love.com\/fr\/produit\/media-file-renamer-pro-wordpress-plugin\/"},"modified":"2026-03-20T23:24:06","modified_gmt":"2026-03-20T22:24:06","slug":"media-file-renamer-pro-wordpress-plugin","status":"publish","type":"product","link":"https:\/\/gpl-love.com\/fr\/produit\/media-file-renamer-pro-wordpress-plugin\/","title":{"rendered":"Media File Renamer Pro WordPress Plugin 6.2.2"},"content":{"rendered":"<h3>Media File Renamer Pro WordPress Plugin Traits<\/h3>\n<p>Le plugin WordPress Renamer Pro WordPress est un outil exceptionnellement puissant qui facilite l&rsquo;organisation efficace et g\u00e9rable et le renommage des fichiers multim\u00e9dias. En utilisant ce plugin, on peut renommer sans effort les fichiers d&rsquo;image, de PDF, de vid\u00e9o et d&rsquo;audio selon des crit\u00e8res sp\u00e9cifi\u00e9s, tels que le titre, la date ou les mots cl\u00e9s. De plus, il fournit m\u00eame des fonctionnalit\u00e9s avanc\u00e9es suppl\u00e9mentaires, notamment le changement de nom automatique, le changement de nom en vrac et les options de recherche et de remplacement. Avec l&rsquo;aide de ce plugin, on peut \u00e9conomiser efficacement le temps et l&rsquo;effort pr\u00e9cieux en veillant \u00e0 ce que les fichiers multim\u00e9dias soient bien nomm\u00e9s et pratiquement locatifs. Par cons\u00e9quent, il s&rsquo;agit d&rsquo;un outil indispensable pour tout site Web WordPress qui s&rsquo;appuie fortement sur le contenu des m\u00e9dias.<\/p>\n<ul>\n<li>Renomme les fichiers m\u00e9diatiques dans WordPress pour une organisation et une identification plus faciles<\/li>\n<li>Prend en charge le changement de nom de lots pour plusieurs fichiers \u00e0 la fois<\/li>\n<li>Conventions de d\u00e9nomination personnalisables en fonction du type de fichier, de la date, et plus encore<\/li>\n<li>Options pour ajouter des pr\u00e9fixes, des suffixes et une num\u00e9rotation incr\u00e9mentielle aux noms de fichiers<\/li>\n<li>Mise \u00e0 jour automatique des r\u00e9f\u00e9rences aux fichiers renomm\u00e9s sur votre site Web<\/li>\n<li>Comprend un outil de recherche et filtrage de biblioth\u00e8que de m\u00e9dias int\u00e9gr\u00e9s<\/li>\n<li>Aide \u00e0 am\u00e9liorer le r\u00e9f\u00e9rencement en cr\u00e9ant plus de noms de fichiers descriptifs<\/li>\n<li>Compatible avec tous les principaux th\u00e8mes et plugins WordPress<\/li>\n<li>Installation et configuration faciles sans codage requis<\/li>\n<\/ul>\n","protected":false},"excerpt":{"rendered":"<p>Media File Renamemer Pro est un plugin WordPress remarquablement puissant qui a \u00e9t\u00e9 m\u00e9ticuleusement con\u00e7u pour rationaliser la gestion de votre biblioth\u00e8que de m\u00e9dias. Ce plugin exceptionnel vous permet de renommer sans effort vos fichiers multim\u00e9dias en vrac ou individuellement, le tout conform\u00e9ment \u00e0 votre format personnalis\u00e9 et sur mesure. En entreprenant ce processus de changement de nom, vous pouvez profond\u00e9ment am\u00e9liorer l&rsquo;organisation et la lucidit\u00e9 de votre site Web, facilitant ainsi une exp\u00e9rience de recherche sans effort pour vos utilisateurs estim\u00e9s qui peuvent rechercher des images, des vid\u00e9os ou des fichiers audio sp\u00e9cifiques. Ce qui distingue le fichier multim\u00e9dia Renam\u00e8re Pro Apart, c&rsquo;est sa convivialit\u00e9 sans pr\u00e9c\u00e9dent et son interface intuitive, ce qui lui a rendu l&rsquo;outil par excellence pour les blogueurs, les photographes et les individus charg\u00e9s de g\u00e9rer efficacement leurs vastes biblioth\u00e8ques de m\u00e9dias.<\/p>\n","protected":false},"featured_media":144481,"comment_status":"open","ping_status":"open","template":"","meta":[],"product_brand":[2435],"product_cat":[1187,1181,1186],"product_tag":[1231],"class_list":{"0":"post-115169","1":"product","2":"type-product","3":"status-publish","4":"has-post-thumbnail","6":"product_brand-codecanyon","7":"product_cat-administration-wordpress-plugins","8":"product_cat-plugins","9":"product_cat-wordpress-plugins","10":"product_tag-codecanyon","11":"member-discount","12":"discount-restricted","14":"first","15":"instock","16":"sale","17":"downloadable","18":"virtual","19":"sold-individually","20":"purchasable","21":"product-type-simple"},"_links":{"self":[{"href":"https:\/\/gpl-love.com\/fr\/wp-json\/wp\/v2\/product\/115169","targetHints":{"allow":["GET"]}}],"collection":[{"href":"https:\/\/gpl-love.com\/fr\/wp-json\/wp\/v2\/product"}],"about":[{"href":"https:\/\/gpl-love.com\/fr\/wp-json\/wp\/v2\/types\/product"}],"replies":[{"embeddable":true,"href":"https:\/\/gpl-love.com\/fr\/wp-json\/wp\/v2\/comments?post=115169"}],"wp:featuredmedia":[{"embeddable":true,"href":"https:\/\/gpl-love.com\/fr\/wp-json\/wp\/v2\/media\/144481"}],"wp:attachment":[{"href":"https:\/\/gpl-love.com\/fr\/wp-json\/wp\/v2\/media?parent=115169"}],"wp:term":[{"taxonomy":"product_brand","embeddable":true,"href":"https:\/\/gpl-love.com\/fr\/wp-json\/wp\/v2\/product_brand?post=115169"},{"taxonomy":"product_cat","embeddable":true,"href":"https:\/\/gpl-love.com\/fr\/wp-json\/wp\/v2\/product_cat?post=115169"},{"taxonomy":"product_tag","embeddable":true,"href":"https:\/\/gpl-love.com\/fr\/wp-json\/wp\/v2\/product_tag?post=115169"}],"curies":[{"name":"wp","href":"https:\/\/api.w.org\/{rel}","templated":true}]}}