{"id":115167,"date":"2026-03-23T00:00:00","date_gmt":"2026-03-22T23:00:00","guid":{"rendered":"http:\/\/gpl-love.com\/fr\/produit\/media-grid-wordpress-responsive-portfolio\/"},"modified":"2026-03-23T23:30:40","modified_gmt":"2026-03-23T22:30:40","slug":"media-grid-wordpress-responsive-portfolio","status":"publish","type":"product","link":"https:\/\/gpl-love.com\/fr\/produit\/media-grid-wordpress-responsive-portfolio\/","title":{"rendered":"Media Grid WordPress Responsive Portfolio 9.2.2"},"content":{"rendered":"<h3>Media Grid WordPress Responsive Portfolio Traits<\/h3>\n<p>Media Grid WordPress Portfolio est un plugin exceptionnel qui a obtenu les tops et est sp\u00e9cifiquement con\u00e7u pour aider les propri\u00e9taires de sites Web \u00e0 la cr\u00e9ation de portefeuilles visuellement \u00e9tonnants et tr\u00e8s r\u00e9actifs qui pr\u00e9sentent efficacement leurs diverses \u0153uvres et projets de mani\u00e8re vraiment impressionnante. Ce plugin remarquable offre un large \u00e9ventail d&rsquo;options de mise en page, y compris, mais sans s&rsquo;y limiter, les styles de ma\u00e7onnerie, de grille et de justification, accordant ainsi aux utilisateurs la libert\u00e9 de s\u00e9lectionner la disposition la plus appropri\u00e9e qui s&rsquo;aligne harmonieusement sur leur marque individuelle et leurs pr\u00e9f\u00e9rences de style unique. En outre, ce plugin poss\u00e8de \u00e9galement un syst\u00e8me de filtrage tr\u00e8s robuste et efficace qui permet aux utilisateurs d&rsquo;organiser et de parcourir sans effort leurs portefeuilles en fonction de divers crit\u00e8res tels que les cat\u00e9gories, les balises et les formats post-post, facilitant ainsi la facilit\u00e9 d&rsquo;accessibilit\u00e9 et l&rsquo;exp\u00e9rience utilisateur am\u00e9lior\u00e9e. De plus, il est crucial de souligner que les cr\u00e9ateurs de ce plugin exceptionnel ont accord\u00e9 une grande importance \u00e0 garantir qu&rsquo;il est enti\u00e8rement optimis\u00e9 et compatible avec les appareils mobiles, garantissant ainsi que votre portefeuille m\u00e9ticuleusement con\u00e7u pr\u00e9sentera une apparence visuellement captivante et esth\u00e9tique sur tous les types sur tous les types des appareils. En exploitant les capacit\u00e9s formidables du portefeuille r\u00e9actif de M\u00e9dia Grid WordPress, vous pouvez \u00e9laborer sans effort un portefeuille poli et sophistiqu\u00e9 qui vous permettra sans aucun doute de vous tailler un cr\u00e9neau distinctif dans votre industrie respective.<\/p>\n<ul>\n<li>Grille de portefeuille enti\u00e8rement personnalisable et r\u00e9active pour les sites Web WordPress<\/li>\n<li>Afficher facilement les images, les vid\u00e9os et les fichiers audio dans la disposition interactive de la grille<\/li>\n<li>Option de filtrer le contenu par cat\u00e9gories ou balises pour une organisation am\u00e9lior\u00e9e<\/li>\n<li>La fonction LightBox permet une vue \u00e9largie des \u00e9l\u00e9ments m\u00e9diatiques individuels<\/li>\n<li>Compatible avec les th\u00e8mes et plugins WordPress populaires<\/li>\n<li>Prend en charge divers formats de m\u00e9dias, notamment des vid\u00e9os JPG, PNG, GIF, MP4 et YouTube<\/li>\n<li>\u00c9diteur de glisser-d\u00e9poser intuitif pour une personnalisation facile sans coder les connaissances<\/li>\n<li>Le syst\u00e8me de mise en cache int\u00e9gr\u00e9 am\u00e9liore la vitesse de chargement pour une meilleure exp\u00e9rience utilisateur<\/li>\n<li>SEO optimis\u00e9 pour am\u00e9liorer le classement des moteurs de recherche<\/li>\n<li>Mises \u00e0 jour r\u00e9guli\u00e8res et support client 24\/7 fournis par des d\u00e9veloppeurs exp\u00e9riment\u00e9s.<\/li>\n<\/ul>\n","protected":false},"excerpt":{"rendered":"<p>Media Grid est un plugin de portefeuille r\u00e9actif WordPress tr\u00e8s efficace et con\u00e7u qui vous pr\u00e9sente la possibilit\u00e9 de montrer vos images, vid\u00e9os et audio dans une mise en page de grille visuellement frappante qui captivera votre public. Ce plugin remarquable propose un \u00e9ventail d&rsquo;options de personnalisation qui vous permettent d&rsquo;adapter votre portefeuille \u00e0 vos sp\u00e9cifications exactes, y compris un constructeur de dispositions flexible qui vous offre la libert\u00e9 d&rsquo;organiser votre contenu d&rsquo;une mani\u00e8re qui convient le mieux \u00e0 votre vision artistique. De plus, Media Grid vous accorde des dispositions de grille illimit\u00e9es, vous permettant de pr\u00e9senter votre travail dans divers arrangements et configurations, en vous garantissant que votre portefeuille reste frais et innovant. De plus, ce plugin exceptionnel poss\u00e8de des options de filtrage avanc\u00e9es qui permettent \u00e0 vos t\u00e9l\u00e9spectateurs de naviguer facilement dans votre portefeuille et de localiser le contenu qui les int\u00e9resse le plus. De plus, Media Grid vous offre des bo\u00eetes lumineuses personnalisables, augmentant l&rsquo;attrait visuel de votre travail et offrant \u00e0 votre public une exp\u00e9rience de vision immersive. La polyvalence de ce plugin s&rsquo;\u00e9tend au-del\u00e0 des images et des vid\u00e9os, car elle accorde \u00e9galement une prise en charge des plateformes multim\u00e9dias populaires telles que YouTube, Vimeo et SoundCloud, vous permettant d&rsquo;int\u00e9grer de mani\u00e8re transparente votre contenu multim\u00e9dia dans votre portefeuille. Que vous soyez un photographe professionnel, un designer talentueux, un artiste brillant ou un blogueur passionn\u00e9, Media Grid est un outil indispensable qui vous permettra de cr\u00e9er un site Web de portefeuille engageant et dynamique qui laissera une impression durable sur vos visiteurs.<\/p>\n","protected":false},"featured_media":144483,"comment_status":"open","ping_status":"open","template":"","meta":[],"product_brand":[2435],"product_cat":[1189,1181,1186],"product_tag":[1231],"class_list":{"0":"post-115167","1":"product","2":"type-product","3":"status-publish","4":"has-post-thumbnail","6":"product_brand-codecanyon","7":"product_cat-personnalisation","8":"product_cat-plugins","9":"product_cat-wordpress-plugins","10":"product_tag-codecanyon","11":"member-discount","12":"discount-restricted","14":"first","15":"instock","16":"sale","17":"downloadable","18":"virtual","19":"sold-individually","20":"purchasable","21":"product-type-simple"},"_links":{"self":[{"href":"https:\/\/gpl-love.com\/fr\/wp-json\/wp\/v2\/product\/115167","targetHints":{"allow":["GET"]}}],"collection":[{"href":"https:\/\/gpl-love.com\/fr\/wp-json\/wp\/v2\/product"}],"about":[{"href":"https:\/\/gpl-love.com\/fr\/wp-json\/wp\/v2\/types\/product"}],"replies":[{"embeddable":true,"href":"https:\/\/gpl-love.com\/fr\/wp-json\/wp\/v2\/comments?post=115167"}],"wp:featuredmedia":[{"embeddable":true,"href":"https:\/\/gpl-love.com\/fr\/wp-json\/wp\/v2\/media\/144483"}],"wp:attachment":[{"href":"https:\/\/gpl-love.com\/fr\/wp-json\/wp\/v2\/media?parent=115167"}],"wp:term":[{"taxonomy":"product_brand","embeddable":true,"href":"https:\/\/gpl-love.com\/fr\/wp-json\/wp\/v2\/product_brand?post=115167"},{"taxonomy":"product_cat","embeddable":true,"href":"https:\/\/gpl-love.com\/fr\/wp-json\/wp\/v2\/product_cat?post=115167"},{"taxonomy":"product_tag","embeddable":true,"href":"https:\/\/gpl-love.com\/fr\/wp-json\/wp\/v2\/product_tag?post=115167"}],"curies":[{"name":"wp","href":"https:\/\/api.w.org\/{rel}","templated":true}]}}