{"id":115165,"date":"2023-11-04T00:00:00","date_gmt":"2023-11-03T23:00:00","guid":{"rendered":"http:\/\/gpl-love.com\/fr\/produit\/negan-clean-minimal-woocommerce-theme\/"},"modified":"2026-04-10T18:33:33","modified_gmt":"2026-04-10T16:33:33","slug":"negan-clean-minimal-woocommerce-theme","status":"publish","type":"product","link":"https:\/\/gpl-love.com\/fr\/produit\/negan-clean-minimal-woocommerce-theme\/","title":{"rendered":"Negan Clean Minimal WooCommerce Theme 1.6.1"},"content":{"rendered":"<h3>Negan Clean Minimal WooCommerce Theme Traits<\/h3>\n<p>Le th\u00e8me WooCommerce de Negan Clean Minimal, une conception de site Web de commerce \u00e9lectronique remarquablement r\u00e9active, adaptable et professionnel, est une option id\u00e9ale pour les entreprises en ligne. Utilisant la technologie de pointe, ce th\u00e8me garantit un site Web distinctif et exceptionnel, le distinguant de vos concurrents. En outre, le th\u00e8me WooCommerce de Negan Clean Minimal offre une installation et une convivialit\u00e9 sans effort, offrant plusieurs dispositions et widgets pr\u00e9d\u00e9finis qui acc\u00e9l\u00e8rent la cr\u00e9ation d&rsquo;un site Web de commerce \u00e9lectronique \u00e9tonnant et enti\u00e8rement fonctionnel. Avec ce th\u00e8me \u00e0 votre disposition, non seulement vous pouvez afficher vos produits de mani\u00e8re esth\u00e9tique, mais vous pouvez \u00e9galement assurer une navigation facile \u00e0 vos clients, ce qui entra\u00eene une augmentation exponentielle des ventes en ligne. Que vous soyez un novice ou un propri\u00e9taire de magasin en ligne chevronn\u00e9, le th\u00e8me WooCommerce minimal Negan Clean se r\u00e9v\u00e8le \u00eatre le choix ultime de votre site Web de commerce \u00e9lectronique.<\/p>\n<ul>\n<li>Parfait pour cr\u00e9er une boutique en ligne propre et minimale<\/li>\n<li>Compatible avec WooCommerce pour une vente en ligne facile<\/li>\n<li>Conception enti\u00e8rement r\u00e9active pour une exp\u00e9rience utilisateur sans couture sur tous les appareils<\/li>\n<li>Page d&rsquo;accueil personnalisable pour pr\u00e9senter vos produits et votre marque<\/li>\n<li>Options d&rsquo;en-t\u00eate et de pied de page \u00e0 choisir<\/li>\n<li>Comprend une vari\u00e9t\u00e9 de mod\u00e8les de pages pour la cr\u00e9ation de sites faciles<\/li>\n<li>Int\u00e9gration int\u00e9gr\u00e9e des m\u00e9dias sociaux pour une visibilit\u00e9 et un engagement accrus<\/li>\n<li>SEO optimis\u00e9 pour am\u00e9liorer votre classement de moteur de recherche<\/li>\n<li>Comprend un panneau d&rsquo;administration puissant pour une gestion facile du site<\/li>\n<li>Documentation et support approfondies pour un processus de configuration fluide<\/li>\n<\/ul>\n","protected":false},"excerpt":{"rendered":"<p>Nous sommes ravis de vous pr\u00e9senter le th\u00e8me WooCommerce minimal Negan Clean, une r\u00e9solution impeccable pour \u00e9tablir une boutique en ligne \u00e9l\u00e9gante et raffin\u00e9e. Avec son design simpliste et \u00e9pur\u00e9, ce th\u00e8me propose une plate-forme o\u00f9 vos produits peuvent se d\u00e9marquer sans effort sans \u00e9l\u00e9ments perturbateurs. De plus, l&rsquo;interface conviviale garantit que vos clients estim\u00e9s peuvent facilement naviguer dans votre magasin et localiser sans effort les articles souhait\u00e9s. De plus, l&rsquo;int\u00e9gration sans faille avec WooCommerce facilite une gestion efficace des stocks et un traitement de commande transparente, simplifiant ainsi vos op\u00e9rations commerciales. De plus, la conception r\u00e9active garantit que votre magasin pr\u00e9sente une apparence impressionnante sur tous les appareils, am\u00e9liorant davantage l&rsquo;exp\u00e9rience utilisateur globale. \u00c9levez votre boutique en ligne \u00e0 de nouveaux sommets d&rsquo;excellence en embrassant le th\u00e8me WooCommerce minimal Negan Clean sans d\u00e9lai!<\/p>\n","protected":false},"featured_media":144717,"comment_status":"open","ping_status":"open","template":"","meta":[],"product_brand":[2433],"product_cat":[1238,1444,1212],"product_tag":[1366],"class_list":{"0":"post-115165","1":"product","2":"type-product","3":"status-publish","4":"has-post-thumbnail","6":"product_brand-themeforest","7":"product_cat-commerce-electronique-themes","8":"product_cat-creatif-commerce-electronique-themes","9":"product_cat-themes","10":"product_tag-themeforest","11":"member-discount","12":"discount-restricted","14":"first","15":"instock","16":"sale","17":"downloadable","18":"virtual","19":"sold-individually","20":"purchasable","21":"product-type-simple"},"_links":{"self":[{"href":"https:\/\/gpl-love.com\/fr\/wp-json\/wp\/v2\/product\/115165","targetHints":{"allow":["GET"]}}],"collection":[{"href":"https:\/\/gpl-love.com\/fr\/wp-json\/wp\/v2\/product"}],"about":[{"href":"https:\/\/gpl-love.com\/fr\/wp-json\/wp\/v2\/types\/product"}],"replies":[{"embeddable":true,"href":"https:\/\/gpl-love.com\/fr\/wp-json\/wp\/v2\/comments?post=115165"}],"wp:featuredmedia":[{"embeddable":true,"href":"https:\/\/gpl-love.com\/fr\/wp-json\/wp\/v2\/media\/144717"}],"wp:attachment":[{"href":"https:\/\/gpl-love.com\/fr\/wp-json\/wp\/v2\/media?parent=115165"}],"wp:term":[{"taxonomy":"product_brand","embeddable":true,"href":"https:\/\/gpl-love.com\/fr\/wp-json\/wp\/v2\/product_brand?post=115165"},{"taxonomy":"product_cat","embeddable":true,"href":"https:\/\/gpl-love.com\/fr\/wp-json\/wp\/v2\/product_cat?post=115165"},{"taxonomy":"product_tag","embeddable":true,"href":"https:\/\/gpl-love.com\/fr\/wp-json\/wp\/v2\/product_tag?post=115165"}],"curies":[{"name":"wp","href":"https:\/\/api.w.org\/{rel}","templated":true}]}}