{"id":115163,"date":"2024-09-08T00:00:00","date_gmt":"2024-09-07T22:00:00","guid":{"rendered":"http:\/\/gpl-love.com\/fr\/produit\/newsomatic-automatic-news-post-generator-plugin-pour-wordpress\/"},"modified":"2026-04-10T18:33:49","modified_gmt":"2026-04-10T16:33:49","slug":"newsomatic-automatic-news-post-generator-plugin-pour-wordpress","status":"publish","type":"product","link":"https:\/\/gpl-love.com\/fr\/produit\/newsomatic-automatic-news-post-generator-plugin-pour-wordpress\/","title":{"rendered":"Newsomatic Automatic News Post Generator Plugin pour WordPress 3.3.3"},"content":{"rendered":"<h3>Newsomatic Automatic News Post Generator Plugin pour WordPress Traits<\/h3>\n<p>Le plugin de post-g\u00e9n\u00e9rateur de nouvelles automatiques de Newsomatic pour WordPress est un outil incroyablement puissant et efficace qui donne aux utilisateurs la possibilit\u00e9 de produire sans effort le contenu de haute qualit\u00e9, pertinent et captivant pour leurs sites Web WordPress. Ce plugin \u00e9radie la n\u00e9cessit\u00e9 pour les utilisateurs d&rsquo;exercer tout effort \u00e9nerg\u00e9tique ou mental, car il r\u00e9cup\u00e8re de mani\u00e8re autonome le contenu d&rsquo;actualit\u00e9s \u00e0 partir d&rsquo;une pl\u00e9thore de sources, englobant les flux RSS, les sites Web d&rsquo;information et les comptes de m\u00e9dias sociaux, g\u00e9n\u00e9rant par la suite unique en son genre Posts \u00e0 la fois \u00e0 l&rsquo;optimisation du moteur de recherche (SEO) &#8211; amical et distinctif. De plus, il accorde aux utilisateurs la possibilit\u00e9 de planifier des publications, de cueillette de cat\u00e9gories particuli\u00e8res et de personnaliser les mod\u00e8les de publication. En r\u00e9sum\u00e9, le plugin Newsomatic est une solution exceptionnelle adapt\u00e9e pour r\u00e9pondre aux besoins des propri\u00e9taires de sites Web cherchant \u00e0 \u00e9conomiser du temps, \u00e0 minimiser l&rsquo;effort et \u00e0 maintenir simultan\u00e9ment un afflux ininterrompu de contenu tout nouveau et \u00e0 jour sur leurs sites Web.<\/p>\n<ul>\n<li>G\u00e9n\u00e8re automatiquement des articles d&rsquo;actualit\u00e9s pour votre site WordPress<\/li>\n<li>Vous fait gagner du temps et des efforts sur la cr\u00e9ation de contenu<\/li>\n<li>Comprend un syst\u00e8me de mots cl\u00e9s int\u00e9gr\u00e9s pour assurer des sujets d&rsquo;actualit\u00e9s pertinents<\/li>\n<li>Vous permet de d\u00e9finir vos sources pr\u00e9f\u00e9r\u00e9es pour les articles de presse<\/li>\n<li>Mod\u00e8les de poste personnalisables pour une apparence coh\u00e9rente<\/li>\n<li>Prend en charge plusieurs langues pour la couverture globale<\/li>\n<li>Interface conviviale pour une configuration et une personnalisation faciles<\/li>\n<li>Compatible avec la plupart des th\u00e8mes et plugins WordPress<\/li>\n<li>Mises \u00e0 jour r\u00e9guli\u00e8res et support pour des performances optimales<\/li>\n<li>Augmente le trafic du site et l&rsquo;engagement avec des mises \u00e0 jour de nouvelles fr\u00e9quentes.<\/li>\n<\/ul>\n","protected":false},"excerpt":{"rendered":"<p>Le plugin de publication de post-news de Newsomatic Newsomatic pour WordPress est un outil extr\u00eamement innovant et de pointe qui offre aux utilisateurs la capacit\u00e9 exceptionnelle de g\u00e9n\u00e9rer et de concocter rapidement des messages dignes d&rsquo;int\u00e9r\u00eat pour leurs sites Web en quelques secondes. Ce plugin, avec son interface conviviale de mani\u00e8re transparente et ses fonctionnalit\u00e9s remarquablement avanc\u00e9es, permet aux individus de forger et de fabriquer un contenu de haut niveau de haut niveau qui est syst\u00e9matiquement et automatiquement d\u00e9riv\u00e9 d&rsquo;un vaste tableau de sources. Il va sans dire que ce plugin remarquable est la quintessence de la perfection pour les blogueurs, les plateformes d&rsquo;information en ligne et les entit\u00e9s commerciales aspirant \u00e0 garantir que leurs pr\u00e9cieux lecteurs sont constamment et globalement inform\u00e9s et tenus au courant des derni\u00e8res nouvelles et mises \u00e0 jour. Avec le plugin Newsomatic News Post Generator, on peut \u00e9conomiser sans \u00e9quivoque une immense quantit\u00e9 de temps et d&rsquo;effort pr\u00e9cieux, tout en garantissant que leur site Web reste sans faillite avec un afflux constant de contenu frais, captivant et captivant.<\/p>\n","protected":false},"featured_media":144741,"comment_status":"open","ping_status":"open","template":"","meta":[],"product_brand":[2435],"product_cat":[1189,1181,1186],"product_tag":[1231],"class_list":{"0":"post-115163","1":"product","2":"type-product","3":"status-publish","4":"has-post-thumbnail","6":"product_brand-codecanyon","7":"product_cat-personnalisation","8":"product_cat-plugins","9":"product_cat-wordpress-plugins","10":"product_tag-codecanyon","11":"member-discount","12":"discount-restricted","14":"first","15":"instock","16":"sale","17":"downloadable","18":"virtual","19":"sold-individually","20":"purchasable","21":"product-type-simple"},"_links":{"self":[{"href":"https:\/\/gpl-love.com\/fr\/wp-json\/wp\/v2\/product\/115163","targetHints":{"allow":["GET"]}}],"collection":[{"href":"https:\/\/gpl-love.com\/fr\/wp-json\/wp\/v2\/product"}],"about":[{"href":"https:\/\/gpl-love.com\/fr\/wp-json\/wp\/v2\/types\/product"}],"replies":[{"embeddable":true,"href":"https:\/\/gpl-love.com\/fr\/wp-json\/wp\/v2\/comments?post=115163"}],"wp:featuredmedia":[{"embeddable":true,"href":"https:\/\/gpl-love.com\/fr\/wp-json\/wp\/v2\/media\/144741"}],"wp:attachment":[{"href":"https:\/\/gpl-love.com\/fr\/wp-json\/wp\/v2\/media?parent=115163"}],"wp:term":[{"taxonomy":"product_brand","embeddable":true,"href":"https:\/\/gpl-love.com\/fr\/wp-json\/wp\/v2\/product_brand?post=115163"},{"taxonomy":"product_cat","embeddable":true,"href":"https:\/\/gpl-love.com\/fr\/wp-json\/wp\/v2\/product_cat?post=115163"},{"taxonomy":"product_tag","embeddable":true,"href":"https:\/\/gpl-love.com\/fr\/wp-json\/wp\/v2\/product_tag?post=115163"}],"curies":[{"name":"wp","href":"https:\/\/api.w.org\/{rel}","templated":true}]}}