{"id":115161,"date":"2025-10-02T00:00:00","date_gmt":"2025-10-01T22:00:00","guid":{"rendered":"http:\/\/gpl-love.com\/fr\/produit\/nyture-elementor-woocommerce-theme\/"},"modified":"2026-04-10T18:34:55","modified_gmt":"2026-04-10T16:34:55","slug":"nyture-elementor-woocommerce-theme","status":"publish","type":"product","link":"https:\/\/gpl-love.com\/fr\/produit\/nyture-elementor-woocommerce-theme\/","title":{"rendered":"Nyture Elementor WooCommerce Theme 2.1.1"},"content":{"rendered":"<h3>Nyture Elementor WooCommerce Theme Traits<\/h3>\n<p>Le th\u00e8me WooCommerce de Nyture Elementor, \u00e9tant un th\u00e8me WordPress haut de gamme adapt\u00e9 aux sites Web de commerce \u00e9lectronique, poss\u00e8de une multitude de fonctionnalit\u00e9s exceptionnelles. L&rsquo;une de ces fonctionnalit\u00e9s est son int\u00e9gration avec le Builder de Page Elementor, un outil extr\u00eamement efficace qui permet aux utilisateurs de g\u00e9rer sans effort des dispositions et des conceptions personnalis\u00e9es, le tout sans n\u00e9cessiter de ma\u00eetrise technique de codage. En outre, ce th\u00e8me s&rsquo;int\u00e8gre parfaitement \u00e0 WooCommerce, le plugin de commerce \u00e9lectronique le plus renomm\u00e9 pour WordPress, permettant aux utilisateurs d&rsquo;\u00e9tablir sans effort une boutique en ligne et de commencer leurs efforts de vente de produits. Parmi les avantages que ce th\u00e8me offre, il fournit une vaste collection de mod\u00e8les et de widgets pr\u00e9-con\u00e7us, y compris, mais sans s&rsquo;y limiter, les pages de produits, les paniers et les pages de caisse, qui servent tous \u00e0 faciliter la cr\u00e9ation d&rsquo;un agr\u00e9able et esth\u00e9tique boutique en ligne enti\u00e8rement fonctionnelle. De plus, le th\u00e8me de Nyture Elementor WooCommerce est enti\u00e8rement r\u00e9actif et compl\u00e8tement optimis\u00e9 pour des temps de chargement rapides, garantissant que votre site Web fonctionnera non seulement parfaitement mais conservera \u00e9galement son attrait visuel sur tous les appareils. En conclusion, le th\u00e8me de Nyture Elementor WooCommerce poss\u00e8de un niveau exceptionnel de puissance et de polyvalence, ce qui en fait un atout inestimable pour ceux qui cherchent \u00e0 construire un site Web de commerce \u00e9lectronique professionnel et tr\u00e8s efficace.<\/p>\n<ul>\n<li>Design \u00e9l\u00e9gant et moderne qui am\u00e9liore l&rsquo;exp\u00e9rience utilisateur<\/li>\n<li>Construit sp\u00e9cifiquement pour WooCommerce, ce qui facilite la pr\u00e9sentation et la vente de produits<\/li>\n<li>Mod\u00e8les de page personnalisables et dispositions, permettant un aspect et une sensation uniques<\/li>\n<li>Mobile r\u00e9actif, garantir que le site a fi\u00e8re allure sur tous les appareils<\/li>\n<li>Vitesses de chargement rapide pour des performances optimales<\/li>\n<li>Typographie avanc\u00e9e et polices Google incluses pour la personnalisation de la typographie<\/li>\n<li>Fonction de vue rapide du produit int\u00e9gr\u00e9 pour les achats rapides et faciles<\/li>\n<li>Options de filtrage des produits pour une meilleure exp\u00e9rience de navigation<\/li>\n<li>Optimisation du r\u00e9f\u00e9rencement pour am\u00e9liorer les classements des moteurs de recherche<\/li>\n<li>Compatible avec les plugins WordPress populaires pour des fonctionnalit\u00e9s suppl\u00e9mentaires.<\/li>\n<\/ul>\n","protected":false},"excerpt":{"rendered":"<p>Si vous \u00eates \u00e0 la recherche d&rsquo;un moyen de construire sans effort un site Web de commerce \u00e9lectronique impressionnant, il n&rsquo;est pas n\u00e9cessaire de chercher plus loin que le th\u00e8me WooCommerce de Nyture Elementor. Ce th\u00e8me particulier est incroyablement polyvalent et convivial, avec un \u00e9ventail de mod\u00e8les personnalisables et une fonctionnalit\u00e9 intuitive de glisser-d\u00e9poser. De plus, il s&rsquo;int\u00e8gre parfaitement \u00e0 WooCommerce, permettant ainsi une exp\u00e9rience de vente en ligne sans couture et sans tracas. Avec le th\u00e8me Nyture \u00e0 votre disposition, non seulement vous serez en mesure de pr\u00e9senter avec \u00e9l\u00e9gance vos produits, mais vous pourrez \u00e9galement \u00e9tablir sans effort une boutique en ligne prosp\u00e8re.<\/p>\n","protected":false},"featured_media":144833,"comment_status":"open","ping_status":"open","template":"","meta":[],"product_brand":[2433],"product_cat":[1238,1444,1212],"product_tag":[1366],"class_list":{"0":"post-115161","1":"product","2":"type-product","3":"status-publish","4":"has-post-thumbnail","6":"product_brand-themeforest","7":"product_cat-commerce-electronique-themes","8":"product_cat-creatif-commerce-electronique-themes","9":"product_cat-themes","10":"product_tag-themeforest","11":"member-discount","12":"discount-restricted","14":"first","15":"instock","16":"sale","17":"downloadable","18":"virtual","19":"sold-individually","20":"purchasable","21":"product-type-simple"},"_links":{"self":[{"href":"https:\/\/gpl-love.com\/fr\/wp-json\/wp\/v2\/product\/115161","targetHints":{"allow":["GET"]}}],"collection":[{"href":"https:\/\/gpl-love.com\/fr\/wp-json\/wp\/v2\/product"}],"about":[{"href":"https:\/\/gpl-love.com\/fr\/wp-json\/wp\/v2\/types\/product"}],"replies":[{"embeddable":true,"href":"https:\/\/gpl-love.com\/fr\/wp-json\/wp\/v2\/comments?post=115161"}],"wp:featuredmedia":[{"embeddable":true,"href":"https:\/\/gpl-love.com\/fr\/wp-json\/wp\/v2\/media\/144833"}],"wp:attachment":[{"href":"https:\/\/gpl-love.com\/fr\/wp-json\/wp\/v2\/media?parent=115161"}],"wp:term":[{"taxonomy":"product_brand","embeddable":true,"href":"https:\/\/gpl-love.com\/fr\/wp-json\/wp\/v2\/product_brand?post=115161"},{"taxonomy":"product_cat","embeddable":true,"href":"https:\/\/gpl-love.com\/fr\/wp-json\/wp\/v2\/product_cat?post=115161"},{"taxonomy":"product_tag","embeddable":true,"href":"https:\/\/gpl-love.com\/fr\/wp-json\/wp\/v2\/product_tag?post=115161"}],"curies":[{"name":"wp","href":"https:\/\/api.w.org\/{rel}","templated":true}]}}