{"id":115159,"date":"2021-05-11T00:00:00","date_gmt":"2021-05-10T22:00:00","guid":{"rendered":"http:\/\/gpl-love.com\/fr\/produit\/ottro-portfolio-et-multipurpose-wordpress\/"},"modified":"2026-04-10T18:35:26","modified_gmt":"2026-04-10T16:35:26","slug":"ottro-portfolio-et-multipurpose-wordpress","status":"publish","type":"product","link":"https:\/\/gpl-love.com\/fr\/produit\/ottro-portfolio-et-multipurpose-wordpress\/","title":{"rendered":"Ottro Portfolio et MultiPurpose WordPress 1.0.6"},"content":{"rendered":"<h3>Ottro Portfolio et MultiPurpose WordPress Traits<\/h3>\n<p>Portfolio OTTRO et WordPress polyvalent, une plate-forme remarquablement polyvalente et personnalisable, offre aux utilisateurs la possibilit\u00e9 d&rsquo;\u00e9laborer sans effort des sites Web impressionnants. Cet outil, connu pour son ing\u00e9niosit\u00e9, pr\u00e9sente un \u00e9ventail de fonctionnalit\u00e9s qui en font une s\u00e9lection exceptionnelle pour les particuliers et les entreprises d\u00e9sireuses d&rsquo;\u00e9tablir une pr\u00e9sence en ligne commandante. Gr\u00e2ce \u00e0 son interface conviviale, les utilisateurs peuvent g\u00e9n\u00e9rer et g\u00e9rer sans effort leurs sites Web, blogs et portefeuilles. De plus, le portefeuille OTTRO et WordPress polyvalent poss\u00e8dent des options de conception sophistiqu\u00e9es, y compris une multitude de mod\u00e8les personnalisables et de dispositions imaginatives, garantissant que les sites Web produits \u00e0 l&rsquo;aide de cette plate-forme sont distincts du reste. En outre, cette plate-forme est \u00e9quip\u00e9e d&rsquo;outils de r\u00e9f\u00e9rencement robustes et d&rsquo;\u00e9l\u00e9ments de conception r\u00e9actifs, garantissant que les sites Web ne semblent pas seulement remarquables, mais fonctionnent \u00e9galement admirablement sur n&rsquo;importe quel appareil. En fin de compte, le portefeuille OTTRO et WordPress polyvalent sert de solution id\u00e9ale pour ceux qui recherchent une plate-forme fiable et extr\u00eamement adaptable pour construire leur empreinte en ligne.<\/p>\n<ul>\n<li>Un th\u00e8me WordPress puissant mais convivial qui peut \u00eatre utilis\u00e9 pour cr\u00e9er des portefeuilles, des blogs, des sites Web d&rsquo;entreprise et de nombreux autres types de sites<\/li>\n<li>Builder de page glisser-d\u00e9poser int\u00e9gr\u00e9 qui vous permet de cr\u00e9er facilement des dispositions complexes<\/li>\n<li>Livr\u00e9 avec une vari\u00e9t\u00e9 de conceptions et de dispositions pr\u00e9-faites \u00e0 utiliser comme point de d\u00e9part ou inspiration pour vos propres conceptions<\/li>\n<li>Enti\u00e8rement r\u00e9actif et optimis\u00e9 pour tous les appareils, en vous assurant que votre site est super sur les ordinateurs de bureau, ordinateurs portables, tablettes et smartphones<\/li>\n<li>Options d&rsquo;en-t\u00eate et de pied de page personnalisables afin de pouvoir personnaliser votre site et le faire ressortir de la foule<\/li>\n<li>Plusieurs dispositions de portefeuille, y compris les options de grille, de ma\u00e7onnerie et de carrousel, ainsi que des filtres et cat\u00e9gories de portefeuille pour aider vos visiteurs \u00e0 naviguer et \u00e0 trouver ce qu&rsquo;ils recherchent<\/li>\n<li>Section de blog faciles \u00e0 utiliser avec plusieurs options de mise en page et boutons de partage social int\u00e9gr\u00e9s afin que vous puissiez facilement d\u00e9velopper votre public sur les plateformes de m\u00e9dias sociaux<\/li>\n<li>S\u00e9o-adapt\u00e9 et optimis\u00e9 pour les temps de chargement rapide afin d&rsquo;am\u00e9liorer le classement et l&rsquo;exp\u00e9rience utilisateur de votre site<\/li>\n<li>Installation de contenu de d\u00e9monstration en un clic qui vous permet de reproduire les sites de d\u00e9monstration dans un tour<\/li>\n<li>Plusieurs options de personnalisation, y compris les sch\u00e9mas de couleurs, les polices, les arri\u00e8re-plans, et plus, qui vous permettent de faire correspondre la conception de votre site \u00e0 votre marque ou vos pr\u00e9f\u00e9rences personnelles.<\/li>\n<\/ul>\n","protected":false},"excerpt":{"rendered":"<p>Le portefeuille OTTRO et le th\u00e8me WordPress polyvalent, r\u00e9put\u00e9 pour sa polyvalence et sa robustesse, sert de solution de site Web exceptionnelle adapt\u00e9e aux personnes cr\u00e9atives et aux entreprises. Ce th\u00e8me extraordinaire poss\u00e8de un \u00e9ventail de fonctionnalit\u00e9s, pr\u00e9sentant un design \u00e9l\u00e9gant et hautement personnalisable, accompagn\u00e9 d&rsquo;une myriade de dispositions de page d&rsquo;accueil, de widgets personnalisables et de mod\u00e8les de page qui permettent une exposition transparente de votre travail ou de votre marchandise. De plus, le th\u00e8me Ottro s&rsquo;int\u00e8gre de mani\u00e8re transparente \u00e0 des plugins populaires tels que WooCommerce et Contact Form 7, ce qui en fait la plate-forme ultime pour fabriquer un site Web contemporain et poli. Que vous vous trouviez dans le domaine de la pige ou du lance d&rsquo;une petite entreprise, Ottro sert d&rsquo;outil inestimable pour \u00e9tablir une pr\u00e9sence en ligne sophistiqu\u00e9e qui incarne non seulement votre identit\u00e9 de marque, mais vous propulse \u00e9galement vers vos aspirations entrepreneuriales.<\/p>\n","protected":false},"featured_media":144878,"comment_status":"open","ping_status":"open","template":"","meta":[],"product_brand":[2433],"product_cat":[1214,1212,1213],"product_tag":[1366],"class_list":{"0":"post-115159","1":"product","2":"type-product","3":"status-publish","4":"has-post-thumbnail","6":"product_brand-themeforest","7":"product_cat-polyvalent","8":"product_cat-themes","9":"product_cat-wordpress-themes","10":"product_tag-themeforest","11":"member-discount","12":"discount-restricted","14":"first","15":"instock","16":"sale","17":"downloadable","18":"virtual","19":"sold-individually","20":"purchasable","21":"product-type-simple"},"_links":{"self":[{"href":"https:\/\/gpl-love.com\/fr\/wp-json\/wp\/v2\/product\/115159","targetHints":{"allow":["GET"]}}],"collection":[{"href":"https:\/\/gpl-love.com\/fr\/wp-json\/wp\/v2\/product"}],"about":[{"href":"https:\/\/gpl-love.com\/fr\/wp-json\/wp\/v2\/types\/product"}],"replies":[{"embeddable":true,"href":"https:\/\/gpl-love.com\/fr\/wp-json\/wp\/v2\/comments?post=115159"}],"wp:featuredmedia":[{"embeddable":true,"href":"https:\/\/gpl-love.com\/fr\/wp-json\/wp\/v2\/media\/144878"}],"wp:attachment":[{"href":"https:\/\/gpl-love.com\/fr\/wp-json\/wp\/v2\/media?parent=115159"}],"wp:term":[{"taxonomy":"product_brand","embeddable":true,"href":"https:\/\/gpl-love.com\/fr\/wp-json\/wp\/v2\/product_brand?post=115159"},{"taxonomy":"product_cat","embeddable":true,"href":"https:\/\/gpl-love.com\/fr\/wp-json\/wp\/v2\/product_cat?post=115159"},{"taxonomy":"product_tag","embeddable":true,"href":"https:\/\/gpl-love.com\/fr\/wp-json\/wp\/v2\/product_tag?post=115159"}],"curies":[{"name":"wp","href":"https:\/\/api.w.org\/{rel}","templated":true}]}}