{"id":115157,"date":"2025-08-07T00:00:00","date_gmt":"2025-08-06T22:00:00","guid":{"rendered":"http:\/\/gpl-love.com\/fr\/produit\/rakon-creative-multi-purpose-wordpress-theme\/"},"modified":"2026-04-10T18:37:42","modified_gmt":"2026-04-10T16:37:42","slug":"rakon-creative-multi-purpose-wordpress-theme","status":"publish","type":"product","link":"https:\/\/gpl-love.com\/fr\/produit\/rakon-creative-multi-purpose-wordpress-theme\/","title":{"rendered":"Rakon Creative Multi-Purpose WordPress Theme 2.2.8"},"content":{"rendered":"<h3>Rakon Creative Multi-Purpose WordPress Theme Traits<\/h3>\n<p>Le th\u00e8me WordPress polyvalent Rakon Creative est un th\u00e8me tr\u00e8s polyvalent et personnalisable qui a \u00e9t\u00e9 sp\u00e9cialement con\u00e7u pour r\u00e9pondre aux divers besoins des professionnels de la cr\u00e9ation et des entreprises. Ce th\u00e8me poss\u00e8de un design moderne et intuitif, qui sert de toile de fond parfaite pour pr\u00e9senter votre portfolio, services et produits impressionnants de mani\u00e8re esth\u00e9tique. De plus, le th\u00e8me propose une vaste gamme de mod\u00e8les et de dispositions pr\u00e9d\u00e9finis qui peuvent \u00eatre adapt\u00e9s sans effort pour refl\u00e9ter l&rsquo;aspect et la sensation uniques de votre marque. De plus, les utilisateurs peuvent profiter des fonctionnalit\u00e9s avanc\u00e9es du th\u00e8me, qui incluent les constructeurs de page de glisser-d\u00e9poser, les capacit\u00e9s de conception r\u00e9actives, un panneau d&rsquo;administration robuste et les fonctionnalit\u00e9s d&rsquo;optimisation des moteurs de recherche. Ces \u00e9l\u00e9ments sophistiqu\u00e9s se combinent pour s&rsquo;assurer que m\u00eame ceux qui n&rsquo;ont aucune connaissance de codage peuvent cr\u00e9er sans effort un site Web visuellement \u00e9tonnant et professionnel. Que vous soyez un professionnel ind\u00e9pendant, une agence ou un propri\u00e9taire d&rsquo;entreprise, le th\u00e8me WordPress polyvalent Rakon Creative vous fournit une plate-forme incroyablement flexible et puissante \u00e0 partir de laquelle pr\u00e9senter vos efforts cr\u00e9atifs et \u00e9largir votre pr\u00e9sence en ligne.<\/p>\n<ul>\n<li>Design polyvalent et accrocheur<\/li>\n<li>Enti\u00e8rement r\u00e9actif et convivial<\/li>\n<li>Construit sur la derni\u00e8re technologie WordPress<\/li>\n<li>Facile \u00e0 personnaliser avec l&rsquo;interface glisser-d\u00e9poser<\/li>\n<li>Compatible avec des plugins populaires comme WooCommerce et le formulaire de contact 7<\/li>\n<li>Comprend plusieurs dispositions de page d&rsquo;accueil et de pages int\u00e9rieures<\/li>\n<li>Utilise les tendances de conception Web modernes pour un impact maximal<\/li>\n<li>SEO optimis\u00e9 pour une plus grande visibilit\u00e9 du moteur de recherche<\/li>\n<li>Comprend une documentation et une assistance approfondies pour les utilisateurs<\/li>\n<\/ul>\n","protected":false},"excerpt":{"rendered":"<p>Le th\u00e8me WordPress polyvalent Rakon Creative se pr\u00e9sente comme une option compl\u00e8te et inclusive pour les particuliers et les entreprises qui cherchent \u00e0 construire un site Web impressionnant. B\u00e9n\u00e9ficiant d&rsquo;une gamme diversifi\u00e9e de fonctionnalit\u00e9s et de modules personnalisables, ce th\u00e8me r\u00e9pond aux exigences uniques et sp\u00e9cifiques de toute entreprise ou individu. Sa polyvalence est \u00e9vidente dans le large \u00e9ventail de dispositions et de styles disponibles, garantissant qu&rsquo;il peut s&rsquo;adapter et s&rsquo;adapter de mani\u00e8re transparente \u00e0 tout projet ou pr\u00e9f\u00e9rence de conception. Que l&rsquo;objectif soit d&rsquo;\u00e9tablir un blog personnel ou une plate-forme commerciale professionnelle, Rakon offre sans \u00e9quivoque les outils et ressources n\u00e9cessaires pour r\u00e9aliser ces ambitions. De plus, avec son interface conviviale et sa conception r\u00e9active, les utilisateurs peuvent \u00eatre assur\u00e9s que ce th\u00e8me offrira une exp\u00e9rience utilisateur in\u00e9gal\u00e9e et exceptionnelle, engageant et captivant efficacement l&rsquo;attention de leurs visiteurs.<\/p>\n","protected":false},"featured_media":145071,"comment_status":"open","ping_status":"open","template":"","meta":[],"product_brand":[2433],"product_cat":[1214,1212,1213],"product_tag":[1366],"class_list":{"0":"post-115157","1":"product","2":"type-product","3":"status-publish","4":"has-post-thumbnail","6":"product_brand-themeforest","7":"product_cat-polyvalent","8":"product_cat-themes","9":"product_cat-wordpress-themes","10":"product_tag-themeforest","11":"member-discount","12":"discount-restricted","14":"first","15":"instock","16":"sale","17":"downloadable","18":"virtual","19":"sold-individually","20":"purchasable","21":"product-type-simple"},"_links":{"self":[{"href":"https:\/\/gpl-love.com\/fr\/wp-json\/wp\/v2\/product\/115157","targetHints":{"allow":["GET"]}}],"collection":[{"href":"https:\/\/gpl-love.com\/fr\/wp-json\/wp\/v2\/product"}],"about":[{"href":"https:\/\/gpl-love.com\/fr\/wp-json\/wp\/v2\/types\/product"}],"replies":[{"embeddable":true,"href":"https:\/\/gpl-love.com\/fr\/wp-json\/wp\/v2\/comments?post=115157"}],"wp:featuredmedia":[{"embeddable":true,"href":"https:\/\/gpl-love.com\/fr\/wp-json\/wp\/v2\/media\/145071"}],"wp:attachment":[{"href":"https:\/\/gpl-love.com\/fr\/wp-json\/wp\/v2\/media?parent=115157"}],"wp:term":[{"taxonomy":"product_brand","embeddable":true,"href":"https:\/\/gpl-love.com\/fr\/wp-json\/wp\/v2\/product_brand?post=115157"},{"taxonomy":"product_cat","embeddable":true,"href":"https:\/\/gpl-love.com\/fr\/wp-json\/wp\/v2\/product_cat?post=115157"},{"taxonomy":"product_tag","embeddable":true,"href":"https:\/\/gpl-love.com\/fr\/wp-json\/wp\/v2\/product_tag?post=115157"}],"curies":[{"name":"wp","href":"https:\/\/api.w.org\/{rel}","templated":true}]}}