{"id":115155,"date":"2025-04-14T00:00:00","date_gmt":"2025-04-13T22:00:00","guid":{"rendered":"http:\/\/gpl-love.com\/fr\/produit\/simple-weather-wordpress-shortcode-et-widget\/"},"modified":"2026-04-10T18:39:43","modified_gmt":"2026-04-10T16:39:43","slug":"simple-weather-wordpress-shortcode-et-widget","status":"publish","type":"product","link":"https:\/\/gpl-love.com\/fr\/produit\/simple-weather-wordpress-shortcode-et-widget\/","title":{"rendered":"Simple Weather WordPress Shortcode et Widget 4.5.1"},"content":{"rendered":"<h3>Simple Weather WordPress Shortcode et Widget Traits<\/h3>\n<p>Le simple shortcode et widget WordPress m\u00e9t\u00e9o est un outil \u00e0 navigable tr\u00e8s convivial et sans effort qui donne aux utilisateurs la possibilit\u00e9 de pr\u00e9senter sans effort des informations m\u00e9t\u00e9orologiques compl\u00e8tes sur leur site Web. Avec seulement une poign\u00e9e de clics, les utilisateurs peuvent incorporer de mani\u00e8re transparente un widget m\u00e9t\u00e9orologique compl\u00e8tement personnalisable dans leur page Web ou leur article de blog en utilisant un raccourci simple. Ce widget exceptionnel fournit aux utilisateurs les donn\u00e9es m\u00e9t\u00e9orologiques les plus \u00e0 jour et m\u00e9ticuleusement pr\u00e9cises, englobant les d\u00e9tails critiques comme la temp\u00e9rature, la vitesse du vent et les pr\u00e9cipitations, pour pratiquement n&rsquo;importe quel emplacement souhait\u00e9 \u00e0 travers le monde. De plus, les utilisateurs ont la libert\u00e9 de s\u00e9lectionner parmi une vaste gamme de pr\u00e9f\u00e9rences d&rsquo;affichage, y compris les unit\u00e9s de temp\u00e9rature et les couleurs d&rsquo;arri\u00e8re-plan, facilitant ainsi l&rsquo;int\u00e9gration harmonieuse du widget avec le th\u00e8me global de leur site Web. Cet outil inestimable se r\u00e9v\u00e8le incontestablement un atout indispensable pour un groupe d\u00e9mographique diversifi\u00e9, englobant les blogueurs, les propri\u00e9taires de petites entreprises astucieux et tous les individus s&rsquo;effor\u00e7ant d&rsquo;augmenter la valeur de leur site Web gr\u00e2ce \u00e0 la mise en \u0153uvre d&rsquo;un contenu inestimable et captivant.<\/p>\n<ul>\n<li>Le shortcode et le widget m\u00e9t\u00e9orologiques faciles \u00e0 utiliser pour les sites Web WordPress<\/li>\n<li>Fournit des informations m\u00e9t\u00e9orologiques pr\u00e9cises et \u00e0 jour<\/li>\n<li>Personnalisable pour correspondre \u00e0 la conception et au sch\u00e9ma de couleurs de votre site Web<\/li>\n<li>Fonctionne avec n&rsquo;importe quel th\u00e8me WordPress et est sensible au mobile<\/li>\n<li>Prend en charge plusieurs emplacements, vous pouvez donc afficher des informations m\u00e9t\u00e9orologiques pour diff\u00e9rentes villes ou r\u00e9gions<\/li>\n<li>D\u00e9tecte automatiquement l&#8217;emplacement de l&rsquo;utilisateur et affiche la m\u00e9t\u00e9o locale<\/li>\n<li>Comprend une pr\u00e9vision m\u00e9t\u00e9o d\u00e9taill\u00e9e pour les jours \u00e0 venir<\/li>\n<li>Livr\u00e9 avec un excellent support client et des mises \u00e0 jour fr\u00e9quentes<\/li>\n<li>Compatible avec la derni\u00e8re version de WordPress<\/li>\n<li>Aide \u00e0 am\u00e9liorer l&rsquo;exp\u00e9rience utilisateur et \u00e0 maintenir les visiteurs engag\u00e9s sur votre site Web.<\/li>\n<\/ul>\n","protected":false},"excerpt":{"rendered":"<p>Le simple raccourci WordPress WordPress et le plugin Widget est un outil incroyablement pratique qui vous offre la possibilit\u00e9 de pr\u00e9senter de mani\u00e8re transparente les donn\u00e9es m\u00e9t\u00e9orologiques sur votre site Web. En ex\u00e9cutant simplement quelques clics sans effort, vous pouvez incorporer sans effort un widget m\u00e9t\u00e9orologique \u00e9tonnant sur votre barre lat\u00e9rale ou utiliser le raccourci pour ins\u00e9rer de mani\u00e8re transparente les informations m\u00e9t\u00e9orologiques dans l&rsquo;un de vos messages ou pages. Le plugin en question englobe une pl\u00e9thore d&rsquo;options de personnalisation, vous offrant ainsi la possibilit\u00e9 de cueillir \u00e0 la main l&#8217;emplacement, les unit\u00e9s de mesure et le style qui s&rsquo;alignent id\u00e9alement avec vos exigences uniques. Que vous soyez le propri\u00e9taire d&rsquo;un blog de voyage dynamique ou que vous vous efforcons simplement de vous assurer que vos lecteurs restent d\u00fbment inform\u00e9s des conditions climatiques dans votre voisinage, ce plugin ing\u00e9nieux sert d&rsquo;attente inestimable pour incorporer des informations indispensables sur votre site estim\u00e9.<\/p>\n","protected":false},"featured_media":145255,"comment_status":"open","ping_status":"open","template":"","meta":[],"product_brand":[2435],"product_cat":[1189,1181,1186],"product_tag":[1231],"class_list":{"0":"post-115155","1":"product","2":"type-product","3":"status-publish","4":"has-post-thumbnail","6":"product_brand-codecanyon","7":"product_cat-personnalisation","8":"product_cat-plugins","9":"product_cat-wordpress-plugins","10":"product_tag-codecanyon","11":"member-discount","12":"discount-restricted","14":"first","15":"instock","16":"sale","17":"downloadable","18":"virtual","19":"sold-individually","20":"purchasable","21":"product-type-simple"},"_links":{"self":[{"href":"https:\/\/gpl-love.com\/fr\/wp-json\/wp\/v2\/product\/115155","targetHints":{"allow":["GET"]}}],"collection":[{"href":"https:\/\/gpl-love.com\/fr\/wp-json\/wp\/v2\/product"}],"about":[{"href":"https:\/\/gpl-love.com\/fr\/wp-json\/wp\/v2\/types\/product"}],"replies":[{"embeddable":true,"href":"https:\/\/gpl-love.com\/fr\/wp-json\/wp\/v2\/comments?post=115155"}],"wp:featuredmedia":[{"embeddable":true,"href":"https:\/\/gpl-love.com\/fr\/wp-json\/wp\/v2\/media\/145255"}],"wp:attachment":[{"href":"https:\/\/gpl-love.com\/fr\/wp-json\/wp\/v2\/media?parent=115155"}],"wp:term":[{"taxonomy":"product_brand","embeddable":true,"href":"https:\/\/gpl-love.com\/fr\/wp-json\/wp\/v2\/product_brand?post=115155"},{"taxonomy":"product_cat","embeddable":true,"href":"https:\/\/gpl-love.com\/fr\/wp-json\/wp\/v2\/product_cat?post=115155"},{"taxonomy":"product_tag","embeddable":true,"href":"https:\/\/gpl-love.com\/fr\/wp-json\/wp\/v2\/product_tag?post=115155"}],"curies":[{"name":"wp","href":"https:\/\/api.w.org\/{rel}","templated":true}]}}