{"id":115040,"date":"2022-06-07T00:00:00","date_gmt":"2022-06-06T22:00:00","guid":{"rendered":"http:\/\/gpl-love.com\/fr\/produit\/wp-ai-assistant\/"},"modified":"2026-03-20T23:49:23","modified_gmt":"2026-03-20T22:49:23","slug":"wp-ai-assistant","status":"publish","type":"product","link":"https:\/\/gpl-love.com\/fr\/produit\/wp-ai-assistant\/","title":{"rendered":"WP A.I. Assistant 2.911"},"content":{"rendered":"<h3>WP A.I. Assistant Traits<\/h3>\n<p>Le WP A.I. L&rsquo;assistant est un outil incroyablement puissant et indispensable con\u00e7u sp\u00e9cifiquement pour les propri\u00e9taires de sites Web et les gestionnaires. Avec sa vaste gamme de fonctionnalit\u00e9s et de capacit\u00e9s, cet assistant intelligent offre un moyen transparent et efficace d&rsquo;acc\u00e9der et de g\u00e9rer des donn\u00e9es et des t\u00e2ches critiques, simplifiant ainsi le processus de supervision de plusieurs sites Web. Tirant parti de la technologie de l&rsquo;intelligence artificielle de pointe, cet outil a la capacit\u00e9 de fournir des informations et des recommandations inestimables visant \u00e0 optimiser les performances du site Web, \u00e0 am\u00e9liorer l&rsquo;exp\u00e9rience utilisateur et \u00e0 \u00e9lever les classements des moteurs de recherche. Que l&rsquo;on soit un propri\u00e9taire de site Web exp\u00e9riment\u00e9 ou un novice qui commence juste son parcours en ligne, le WP A.I. L&rsquo;assistant repr\u00e9sente incontestablement un investissement essentiel pour toute entreprise en ligne exigeante.<\/p>\n<ul>\n<li>Rationalise le flux de travail et augmente l&rsquo;efficacit\u00e9 en automatisant les t\u00e2ches banales<\/li>\n<li>Am\u00e9liore la productivit\u00e9 en fournissant des informations et des analyses pr\u00e9cises en temps r\u00e9el<\/li>\n<li>R\u00e9duit les erreurs et am\u00e9liore la pr\u00e9cision avec le traitement et l&rsquo;analyse des donn\u00e9es intelligentes<\/li>\n<li>Optimise l&rsquo;allocation et la planification des ressources avec des capacit\u00e9s de planification avanc\u00e9es<\/li>\n<li>Aide \u00e0 garantir la conformit\u00e9 r\u00e9glementaire en surveillant et en rapportant automatiquement sur les donn\u00e9es pertinentes<\/li>\n<li>Fournit des exp\u00e9riences et des recommandations utilisateur personnalis\u00e9es bas\u00e9es sur les pr\u00e9f\u00e9rences et les comportements individuels<\/li>\n<li>S&rsquo;int\u00e8gre facilement aux logiciels et syst\u00e8mes existants, minimiser les perturbations et maximiser le retour sur investissement<\/li>\n<li>Offre une \u00e9volutivit\u00e9 et une flexibilit\u00e9 transparentes pour s&rsquo;adapter \u00e0 l&rsquo;\u00e9volution des besoins et des exigences de l&rsquo;entreprise<\/li>\n<li>Fournit des r\u00e9sultats mesurables et un retour sur investissement gr\u00e2ce \u00e0 une efficacit\u00e9, une productivit\u00e9 et des performances am\u00e9lior\u00e9es.<\/li>\n<\/ul>\n","protected":false},"excerpt":{"rendered":"<p>Le WP A.I. Assistant, un plugin tr\u00e8s sophistiqu\u00e9, a \u00e9t\u00e9 m\u00e9ticuleusement d\u00e9velopp\u00e9 pour rationaliser les subtilit\u00e9s de l&rsquo;administration du site Web et \u00e9lever la rencontre globale de l&rsquo;utilisateur. Tirant parti de ses capacit\u00e9s d&rsquo;intelligence artificielle de pointe, elle aborde rapidement et pr\u00e9cis\u00e9ment les demandes de renseignements, automatise diverses t\u00e2ches relatives au site et \u00e9tend des recommandations personnalis\u00e9es pour maintenir un degr\u00e9 de productivit\u00e9 \u00e9lev\u00e9. Cet outil exemplaire sert de quintessence pour les entreprises et les individus visant \u00e0 optimiser efficacement leur site Web WordPress.<\/p>\n","protected":false},"featured_media":146126,"comment_status":"open","ping_status":"open","template":"","meta":[],"product_brand":[2435],"product_cat":[1207,1181,1186],"product_tag":[1231],"class_list":{"0":"post-115040","1":"product","2":"type-product","3":"status-publish","4":"has-post-thumbnail","6":"product_brand-codecanyon","7":"product_cat-commercialisation-wordpress-plugins","8":"product_cat-plugins","9":"product_cat-wordpress-plugins","10":"product_tag-codecanyon","11":"member-discount","12":"discount-restricted","14":"first","15":"instock","16":"sale","17":"downloadable","18":"virtual","19":"sold-individually","20":"purchasable","21":"product-type-simple"},"_links":{"self":[{"href":"https:\/\/gpl-love.com\/fr\/wp-json\/wp\/v2\/product\/115040","targetHints":{"allow":["GET"]}}],"collection":[{"href":"https:\/\/gpl-love.com\/fr\/wp-json\/wp\/v2\/product"}],"about":[{"href":"https:\/\/gpl-love.com\/fr\/wp-json\/wp\/v2\/types\/product"}],"replies":[{"embeddable":true,"href":"https:\/\/gpl-love.com\/fr\/wp-json\/wp\/v2\/comments?post=115040"}],"wp:featuredmedia":[{"embeddable":true,"href":"https:\/\/gpl-love.com\/fr\/wp-json\/wp\/v2\/media\/146126"}],"wp:attachment":[{"href":"https:\/\/gpl-love.com\/fr\/wp-json\/wp\/v2\/media?parent=115040"}],"wp:term":[{"taxonomy":"product_brand","embeddable":true,"href":"https:\/\/gpl-love.com\/fr\/wp-json\/wp\/v2\/product_brand?post=115040"},{"taxonomy":"product_cat","embeddable":true,"href":"https:\/\/gpl-love.com\/fr\/wp-json\/wp\/v2\/product_cat?post=115040"},{"taxonomy":"product_tag","embeddable":true,"href":"https:\/\/gpl-love.com\/fr\/wp-json\/wp\/v2\/product_tag?post=115040"}],"curies":[{"name":"wp","href":"https:\/\/api.w.org\/{rel}","templated":true}]}}