{"id":115038,"date":"2021-05-10T00:00:00","date_gmt":"2021-05-09T22:00:00","guid":{"rendered":"http:\/\/gpl-love.com\/fr\/produit\/cashback-tracker-wordpress-plugin\/"},"modified":"2026-03-20T22:58:11","modified_gmt":"2026-03-20T21:58:11","slug":"cashback-tracker-wordpress-plugin","status":"publish","type":"product","link":"https:\/\/gpl-love.com\/fr\/produit\/cashback-tracker-wordpress-plugin\/","title":{"rendered":"Cashback Tracker WordPress Plugin 1.6.6"},"content":{"rendered":"<h3>Cashback Tracker WordPress Plugin Traits<\/h3>\n<p>Le plugin WordPress Cashback Tracker, un outil tr\u00e8s robuste et efficace, offre aux utilisateurs la capacit\u00e9 transparente de surveiller et de garder un \u0153il m\u00e9ticuleusement sur leurs incitations et pourboires. Son ing\u00e9nieux design s&rsquo;efforce de rationaliser la t\u00e2che ardue de suivre et de surveiller les offres de cashback m\u00e9ticuleusement provenant d&rsquo;une multitude de d\u00e9taillants et de programmes d&rsquo;affiliation divers. En utilisant ce plugin remarquable, les utilisateurs peuvent g\u00e9rer et superviser sans effort leurs offres de cashback, parcourir facilement leurs revenus accumul\u00e9s et recevoir rapidement des notifications indispensables concernant le statut de leur cashback. De plus, ce plugin pr\u00e9sente une interface exceptionnellement conviviale, qui peut \u00eatre facilement adapt\u00e9e et personnalis\u00e9e pour r\u00e9pondre aux besoins des utilisateurs n\u00e9ophytes et avertis en technologie. Ainsi, il s&rsquo;agit d&rsquo;un outil indispensable pour quiconque aspire \u00e0 optimiser pleinement ses r\u00e9compenses de cashback et \u00e0 \u00e9conomiser leurs finances.<\/p>\n<ul>\n<li>Facile \u00e0 installer et \u00e0 configurer le plugin de suivi de cashback pour les sites Web WordPress<\/li>\n<li>Suivi et calcule automatiquement un cashback gagn\u00e9 pour vos clients<\/li>\n<li>Tableau de bord simple et intuitif affichant l&rsquo;historique de cashback et les gains actuels<\/li>\n<li>Taux de cash-back personnalisables pour diff\u00e9rents produits ou cat\u00e9gories<\/li>\n<li>Prend en charge plusieurs syst\u00e8mes et programmes de cashback, y compris ceux populaires comme Rakuten et Honey<\/li>\n<li>Fournit des rapports d\u00e9taill\u00e9s et des informations sur les tendances de la remise et le comportement des utilisateurs<\/li>\n<li>S&rsquo;int\u00e8gre aux plateformes de commerce \u00e9lectronique populaires comme WooCommerce et Shopify<\/li>\n<li>Am\u00e9liore la fid\u00e9lit\u00e9 des clients et stimule les achats r\u00e9p\u00e9t\u00e9s avec un programme de cashback convaincant<\/li>\n<li>Augmente les revenus et la rentabilit\u00e9 globaux de votre boutique en ligne avec un minimum d&rsquo;effort et d&rsquo;investissement<\/li>\n<\/ul>\n","protected":false},"excerpt":{"rendered":"<p>Tirez le meilleur parti de vos exp\u00e9riences d&rsquo;achat en ligne avec notre plugin WordPress Cashback Tracker. Ce plugin convivial est sp\u00e9cialement con\u00e7u pour les sites Web WordPress, vous fournissant une solution compl\u00e8te et automatis\u00e9e pour suivre le cashback ou la commission \u00e0 partir de diff\u00e9rents r\u00e9seaux d&rsquo;affiliation.<\/p>\n<p>Avec Cashback Tracker, vous pouvez facilement garder un onglet sur vos revenus de divers programmes d&rsquo;affiliation. C&rsquo;est un outil fantastique pour les sp\u00e9cialistes du marketing d&rsquo;affiliation, les blogueurs et toute personne qui cherche \u00e0 mon\u00e9tiser le trafic de leur site Web. Le plugin prend en charge de nombreux r\u00e9seaux d&rsquo;affiliation, ce qui en fait un ajout polyvalent \u00e0 votre site WordPress.<\/p>\n<p>L&rsquo;une des principales caract\u00e9ristiques de ce plugin est son syst\u00e8me de suivi automatis\u00e9. Il met syst\u00e9matiquement \u00e0 la mise \u00e0 jour vos revenus de cashback ou d&rsquo;affiliation, en vous garantissant que vous disposiez toujours des donn\u00e9es \u00e0 jour. De plus, le plugin est incroyablement facile \u00e0 installer et \u00e0 configurer, ce qui en fait un jeu d&rsquo;enfant \u00e0 int\u00e9grer dans votre configuration WordPress existante.<\/p>\n<p>B\u00e9n\u00e9ficiez de la puissance du marketing d&rsquo;affiliation et augmentez vos revenus avec le plugin WordPress Cashback Tracker. Que vous soyez un marketing affili\u00e9 chevronn\u00e9 ou que vous commenciez simplement, ce plugin<\/p>\n","protected":false},"featured_media":143366,"comment_status":"open","ping_status":"open","template":"","meta":[],"product_brand":[2435],"product_cat":[1187,1181,1186],"product_tag":[1231],"class_list":{"0":"post-115038","1":"product","2":"type-product","3":"status-publish","4":"has-post-thumbnail","6":"product_brand-codecanyon","7":"product_cat-administration-wordpress-plugins","8":"product_cat-plugins","9":"product_cat-wordpress-plugins","10":"product_tag-codecanyon","11":"member-discount","12":"discount-restricted","14":"first","15":"instock","16":"sale","17":"downloadable","18":"virtual","19":"sold-individually","20":"purchasable","21":"product-type-simple"},"_links":{"self":[{"href":"https:\/\/gpl-love.com\/fr\/wp-json\/wp\/v2\/product\/115038","targetHints":{"allow":["GET"]}}],"collection":[{"href":"https:\/\/gpl-love.com\/fr\/wp-json\/wp\/v2\/product"}],"about":[{"href":"https:\/\/gpl-love.com\/fr\/wp-json\/wp\/v2\/types\/product"}],"replies":[{"embeddable":true,"href":"https:\/\/gpl-love.com\/fr\/wp-json\/wp\/v2\/comments?post=115038"}],"wp:featuredmedia":[{"embeddable":true,"href":"https:\/\/gpl-love.com\/fr\/wp-json\/wp\/v2\/media\/143366"}],"wp:attachment":[{"href":"https:\/\/gpl-love.com\/fr\/wp-json\/wp\/v2\/media?parent=115038"}],"wp:term":[{"taxonomy":"product_brand","embeddable":true,"href":"https:\/\/gpl-love.com\/fr\/wp-json\/wp\/v2\/product_brand?post=115038"},{"taxonomy":"product_cat","embeddable":true,"href":"https:\/\/gpl-love.com\/fr\/wp-json\/wp\/v2\/product_cat?post=115038"},{"taxonomy":"product_tag","embeddable":true,"href":"https:\/\/gpl-love.com\/fr\/wp-json\/wp\/v2\/product_tag?post=115038"}],"curies":[{"name":"wp","href":"https:\/\/api.w.org\/{rel}","templated":true}]}}