{"id":115036,"date":"2025-10-13T00:00:00","date_gmt":"2025-10-12T22:00:00","guid":{"rendered":"http:\/\/gpl-love.com\/fr\/produit\/caridad-charity-wordpress-theme\/"},"modified":"2026-03-20T22:58:05","modified_gmt":"2026-03-20T21:58:05","slug":"caridad-charity-wordpress-theme","status":"publish","type":"product","link":"https:\/\/gpl-love.com\/fr\/produit\/caridad-charity-wordpress-theme\/","title":{"rendered":"Caridad Charity WordPress Theme 32.0"},"content":{"rendered":"<h3>Caridad Charity WordPress Theme Traits<\/h3>\n<p>Le th\u00e8me de Caridad Charity WordPress, un th\u00e8me premium tr\u00e8s recherch\u00e9, a \u00e9t\u00e9 exclusivement con\u00e7u pour les organisations \u00e0 but non lucratif, les organismes de bienfaisance et les associations de protection sociale. B\u00e9n\u00e9ficiant d&rsquo;une conception de pointe et futuriste, ce th\u00e8me est non seulement r\u00e9actif mais aussi personnalisable, garantissant ainsi la cr\u00e9ation sans effort d&rsquo;un site Web distinctif qui pr\u00e9sente efficacement votre noble cause tout en encourageant simultan\u00e9ment des dons g\u00e9n\u00e9reux. Gr\u00e2ce au constructeur de pages de glisser-d\u00e9poser, vous pouvez rassembler de mani\u00e8re transparente des pages captivantes d\u00e9di\u00e9es aux \u00e9v\u00e9nements, aux opportunit\u00e9s de b\u00e9n\u00e9volat, aux formulaires de don et bien plus encore. De plus, le th\u00e8me est \u00e9quip\u00e9 d&rsquo;un \u00e9ventail de fonctionnalit\u00e9s puissantes, y compris un syst\u00e8me de dons int\u00e9gr\u00e9, une int\u00e9gration des m\u00e9dias sociaux sans couture et un blog int\u00e9gr\u00e9. Sans aucun doute, le th\u00e8me WordPress de Caridad Charity sert de solution impeccable \u00e0 toute organisation d\u00e9sireuse d&rsquo;\u00e9tablir une pr\u00e9sence en ligne percutante, tout en collectant simultan\u00e9ment des fonds substantiels pour soutenir sa noble cause.<\/p>\n<ul>\n<li>Design unique et magnifique, parfait pour les organismes de bienfaisance et les organisations \u00e0 but non lucratif<\/li>\n<li>Enti\u00e8rement r\u00e9actif, garantir que votre site Web a fi\u00e8re allure sur n&rsquo;importe quel appareil<\/li>\n<li>Construit sur la plate-forme WordPress puissante et flexible<\/li>\n<li>Builder de page de glisser-d\u00e9poser facile \u00e0 utiliser<\/li>\n<li>Int\u00e9gration de don, permettant \u00e0 vos visiteurs de faire un don directement sur votre site Web<\/li>\n<li>Int\u00e9gration WooCommerce, parfaite pour vendre des marchandises ou collecter des dons<\/li>\n<li>Calendrier des \u00e9v\u00e9nements int\u00e9gr\u00e9s, pr\u00e9sentant tous vos \u00e9v\u00e9nements et collectes de fonds \u00e0 venir<\/li>\n<li>Options de th\u00e8me faciles \u00e0 personnaliser, vous permettant de changer les couleurs, les polices et plus pour correspondre \u00e0 votre marque<\/li>\n<li>SEO optimis\u00e9 pour un meilleur classement des moteurs de recherche<\/li>\n<li>Mises \u00e0 jour r\u00e9guli\u00e8res et excellent support client pour maintenir votre site Web \u00e0 jour et fonctionner en douceur.<\/li>\n<\/ul>\n","protected":false},"excerpt":{"rendered":"<p>Le th\u00e8me WordPress de Caridad Charity est un outil puissant et polyvalent con\u00e7u sp\u00e9cifiquement pour les organisations \u00e0 but non lucratif. Ce th\u00e8me est sp\u00e9cialement organis\u00e9 pour offrir une exp\u00e9rience conviviale avec sa conception facile \u00e0 naviguer. Le th\u00e8me Caridad est r\u00e9actif, garantissant que votre site Web a fi\u00e8re allure sur tous les appareils, des ordinateurs de bureau aux smartphones. Il propose \u00e9galement une int\u00e9gration WooCommerce, vous permettant de g\u00e9rer facilement des dons et de vendre des marchandises. Avec sa conception conviviale SEO, votre site Web se classera plus haut dans les r\u00e9sultats de recherche, augmentant votre visibilit\u00e9 en ligne. Le th\u00e8me Caridad comprend \u00e9galement de nombreux mod\u00e8les et widgets personnalisables, vous permettant de cr\u00e9er un site Web unique et personnalis\u00e9 pour votre organisme de bienfaisance. De plus, le th\u00e8me offre des performances \u00e0 grande vitesse et est compatible avec tous les navigateurs pour l&rsquo;acc\u00e8s aux utilisateurs sans effort. Le th\u00e8me de Caridad Charity WordPress est la solution parfaite pour toute organisation caritative qui cherche \u00e0 \u00e9tablir une forte pr\u00e9sence en ligne.<\/p>\n","protected":false},"featured_media":143360,"comment_status":"open","ping_status":"open","template":"","meta":[],"product_brand":[2433],"product_cat":[1242,1212,1213],"product_tag":[1366],"class_list":{"0":"post-115036","1":"product","2":"type-product","3":"status-publish","4":"has-post-thumbnail","6":"product_brand-themeforest","7":"product_cat-creatif","8":"product_cat-themes","9":"product_cat-wordpress-themes","10":"product_tag-themeforest","11":"member-discount","12":"discount-restricted","14":"first","15":"instock","16":"sale","17":"downloadable","18":"virtual","19":"sold-individually","20":"purchasable","21":"product-type-simple"},"_links":{"self":[{"href":"https:\/\/gpl-love.com\/fr\/wp-json\/wp\/v2\/product\/115036","targetHints":{"allow":["GET"]}}],"collection":[{"href":"https:\/\/gpl-love.com\/fr\/wp-json\/wp\/v2\/product"}],"about":[{"href":"https:\/\/gpl-love.com\/fr\/wp-json\/wp\/v2\/types\/product"}],"replies":[{"embeddable":true,"href":"https:\/\/gpl-love.com\/fr\/wp-json\/wp\/v2\/comments?post=115036"}],"wp:featuredmedia":[{"embeddable":true,"href":"https:\/\/gpl-love.com\/fr\/wp-json\/wp\/v2\/media\/143360"}],"wp:attachment":[{"href":"https:\/\/gpl-love.com\/fr\/wp-json\/wp\/v2\/media?parent=115036"}],"wp:term":[{"taxonomy":"product_brand","embeddable":true,"href":"https:\/\/gpl-love.com\/fr\/wp-json\/wp\/v2\/product_brand?post=115036"},{"taxonomy":"product_cat","embeddable":true,"href":"https:\/\/gpl-love.com\/fr\/wp-json\/wp\/v2\/product_cat?post=115036"},{"taxonomy":"product_tag","embeddable":true,"href":"https:\/\/gpl-love.com\/fr\/wp-json\/wp\/v2\/product_tag?post=115036"}],"curies":[{"name":"wp","href":"https:\/\/api.w.org\/{rel}","templated":true}]}}