{"id":115034,"date":"2022-04-05T00:00:00","date_gmt":"2022-04-04T22:00:00","guid":{"rendered":"http:\/\/gpl-love.com\/fr\/produit\/digiqole-news-magazine-wordpress-theme\/"},"modified":"2026-03-20T23:00:42","modified_gmt":"2026-03-20T22:00:42","slug":"digiqole-news-magazine-wordpress-theme","status":"publish","type":"product","link":"https:\/\/gpl-love.com\/fr\/produit\/digiqole-news-magazine-wordpress-theme\/","title":{"rendered":"Digiqole News Magazine WordPress Theme 2.1.1"},"content":{"rendered":"<h3>Digiqole News Magazine WordPress Theme Traits<\/h3>\n<p>Le th\u00e8me WordPress du magazine Digiqole News est un th\u00e8me tr\u00e8s polyvalent et plein de fonctionnalit\u00e9s qui a \u00e9t\u00e9 sp\u00e9cialement con\u00e7u pour r\u00e9pondre aux besoins des sites Web d&rsquo;actualit\u00e9s et de magazines. B\u00e9n\u00e9ficiant d&rsquo;une disposition \u00e9l\u00e9gante et moderne, ce th\u00e8me fournit une plate-forme impeccable pour pr\u00e9senter du contenu d&rsquo;actualit\u00e9s, des articles et des blogs de mani\u00e8re visuellement captivante. De plus, Digiqole est livr\u00e9 avec une pl\u00e9thore de d\u00e9mos pr\u00e9d\u00e9finies, chacune m\u00e9ticuleusement con\u00e7ue pour r\u00e9pondre aux exigences uniques d&rsquo;une vari\u00e9t\u00e9 de niches, y compris, mais sans s&rsquo;y limiter, la mode, la mode et les sports. De plus, ce th\u00e8me offre une large gamme d&rsquo;options de personnalisation qui permettent aux utilisateurs de personnaliser leur site Web avec des sch\u00e9mas de couleurs illimit\u00e9s, des styles d&rsquo;en-t\u00eate multiples et un assortiment d&rsquo;options de widgets. De plus, le th\u00e8me a \u00e9t\u00e9 m\u00e9ticuleusement optimis\u00e9 pour les moteurs de recherche, garantissant une visibilit\u00e9 et une d\u00e9couverte maximales. De plus, Digiqole est enti\u00e8rement r\u00e9actif, garantissant l&rsquo;accessibilit\u00e9 transparente sur tous les appareils. Enfin, avec son interface conviviale, le th\u00e8me WordPress du magazine Digiqole News est un choix exceptionnel pour les personnes cherchant \u00e0 \u00e9tablir un site Web d&rsquo;actualit\u00e9s ou de magazine sans effort et avec un effort minimal.<\/p>\n<ul>\n<li>Design moderne et \u00e9l\u00e9gant parfait pour les sites Web d&rsquo;actualit\u00e9s et de magazines<\/li>\n<li>Enti\u00e8rement r\u00e9actif et optimis\u00e9 pour tous les appareils<\/li>\n<li>Plusieurs options de page d&rsquo;accueil avec dispositions pr\u00e9-con\u00e7ues<\/li>\n<li>Plus de 10 variations d&rsquo;en-t\u00eate pour la personnalisation<\/li>\n<li>Prise en charge int\u00e9gr\u00e9e pour les plugins populaires comme WooCommerce et le formulaire de contact 7<\/li>\n<li>Widgets personnalis\u00e9s disponibles pour des fonctionnalit\u00e9s suppl\u00e9mentaires<\/li>\n<li>Disposages de publication et de page con\u00e7us sp\u00e9cifiquement pour les nouvelles et le contenu du magazine<\/li>\n<li>Installation de d\u00e9monstration en un clic pour une configuration facile<\/li>\n<li>SEO optimis\u00e9 pour une meilleure visibilit\u00e9 des moteurs de recherche<\/li>\n<li>Compatible avec tous les navigateurs modernes<\/li>\n<\/ul>\n","protected":false},"excerpt":{"rendered":"<p>Pr\u00e9sentation du th\u00e8me WordPress du magazine Digiqole News, une solution unique et polyvalente pour votre site Web WordPress. Ce th\u00e8me est id\u00e9al pour les agences de presse, les blogs de voyage, les magazines commerciaux et tous les sites Web riches en contenu. Avec sa conception r\u00e9active, votre site sera magnifique sur tous les appareils. DiGiqole propose une large gamme de fonctionnalit\u00e9s personnalisables, telles que diverses options de mise en page, des sch\u00e9mas de couleurs et des options de typographie, pour vous aider \u00e0 cr\u00e9er un site Web qui se d\u00e9marque vraiment. Il comprend \u00e9galement un design SEO-friendly pour augmenter la visibilit\u00e9 de votre site sur les moteurs de recherche. De plus, le th\u00e8me est compatible avec des plugins populaires comme Elementor et Gutenberg, vous offrant une exp\u00e9rience de d\u00e9veloppement Web fluide et sans tracas. Obtenez le th\u00e8me WordPress du magazine Digiqole News d\u00e8s aujourd&rsquo;hui et donnez \u00e0 votre site Web un look dynamique et professionnel.<\/p>\n","protected":false},"featured_media":143531,"comment_status":"open","ping_status":"open","template":"","meta":[],"product_brand":[2433],"product_cat":[1220,1212,1213],"product_tag":[1366],"class_list":{"0":"post-115034","1":"product","2":"type-product","3":"status-publish","4":"has-post-thumbnail","6":"product_brand-themeforest","7":"product_cat-blog-magazine","8":"product_cat-themes","9":"product_cat-wordpress-themes","10":"product_tag-themeforest","11":"member-discount","12":"discount-restricted","14":"first","15":"instock","16":"sale","17":"downloadable","18":"virtual","19":"sold-individually","20":"purchasable","21":"product-type-simple"},"_links":{"self":[{"href":"https:\/\/gpl-love.com\/fr\/wp-json\/wp\/v2\/product\/115034","targetHints":{"allow":["GET"]}}],"collection":[{"href":"https:\/\/gpl-love.com\/fr\/wp-json\/wp\/v2\/product"}],"about":[{"href":"https:\/\/gpl-love.com\/fr\/wp-json\/wp\/v2\/types\/product"}],"replies":[{"embeddable":true,"href":"https:\/\/gpl-love.com\/fr\/wp-json\/wp\/v2\/comments?post=115034"}],"wp:featuredmedia":[{"embeddable":true,"href":"https:\/\/gpl-love.com\/fr\/wp-json\/wp\/v2\/media\/143531"}],"wp:attachment":[{"href":"https:\/\/gpl-love.com\/fr\/wp-json\/wp\/v2\/media?parent=115034"}],"wp:term":[{"taxonomy":"product_brand","embeddable":true,"href":"https:\/\/gpl-love.com\/fr\/wp-json\/wp\/v2\/product_brand?post=115034"},{"taxonomy":"product_cat","embeddable":true,"href":"https:\/\/gpl-love.com\/fr\/wp-json\/wp\/v2\/product_cat?post=115034"},{"taxonomy":"product_tag","embeddable":true,"href":"https:\/\/gpl-love.com\/fr\/wp-json\/wp\/v2\/product_tag?post=115034"}],"curies":[{"name":"wp","href":"https:\/\/api.w.org\/{rel}","templated":true}]}}