{"id":115032,"date":"2021-05-10T00:00:00","date_gmt":"2021-05-09T22:00:00","guid":{"rendered":"http:\/\/gpl-love.com\/fr\/produit\/responsive-pro-addons-wpbakery-page-builder\/"},"modified":"2026-04-10T18:38:03","modified_gmt":"2026-04-10T16:38:03","slug":"responsive-pro-addons-wpbakery-page-builder","status":"publish","type":"product","link":"https:\/\/gpl-love.com\/fr\/produit\/responsive-pro-addons-wpbakery-page-builder\/","title":{"rendered":"Responsive Pro Addons WPBakery Page Builder 1.5.1"},"content":{"rendered":"<h3>Responsive Pro Addons WPBakery Page Builder Traits<\/h3>\n<p>En utilisant le constructeur de page WPBakery r\u00e9actif de Pro Addons, vous pouvez \u00e9lever la qualit\u00e9 de votre site Web \u00e0 de nouveaux sommets. Ce formidable compl\u00e9mentaire, qui est sp\u00e9cialement con\u00e7u pour am\u00e9liorer les capacit\u00e9s du c\u00e9l\u00e8bre Builder WPBakery, propose une gamme de fonctionnalit\u00e9s et d&rsquo;outils sophistiqu\u00e9s qui vous permettent de fa\u00e7onner sans effort les sites Web visuellement captivants et tr\u00e8s adaptables. Que vous ayez une expertise approfondie dans le d\u00e9veloppement Web ou que vous soyez un d\u00e9butant dans votre parcours num\u00e9rique, ce module compl\u00e9mentaire vous propulsera sans aucun doute vers la r\u00e9alisation de vos objectifs. \u00c9quip\u00e9 d&rsquo;un assortiment de fonctionnalit\u00e9s, englobant des points d&rsquo;arr\u00eat personnalis\u00e9s et des param\u00e8tres de ligne avanc\u00e9s, entre autres, vous poss\u00e9derez une bo\u00eete \u00e0 outils globale qui vous permet de modeler des sites Web de qualit\u00e9 professionnelle qui offrent des performances optimales sur tous les appareils. De plus, les d\u00e9veloppeurs garantissent des mises \u00e0 jour coh\u00e9rentes et un support in\u00e9branlable, garantissant que vous aurez perp\u00e9tuellement acc\u00e8s aux outils et fonctionnalit\u00e9s les plus de pointe. Embrassez le constructeur de page r\u00e9actif des addons pro-wpbakery aujourd&rsquo;hui et t\u00e9moignez de premi\u00e8re main comment il peut r\u00e9volutionner votre site Web.<\/p>\n<ul>\n<li>Am\u00e9liorez la fonctionnalit\u00e9 de WPBakery Page Builder avec l&rsquo;entr\u00e9e: Addons Pro Reactive<\/li>\n<li>Cr\u00e9ez facilement des sites Web enti\u00e8rement r\u00e9actifs, aucune comp\u00e9tence de codage requise<\/li>\n<li>Choisissez parmi une gamme d&rsquo;\u00e9l\u00e9ments pr\u00e9-con\u00e7us ou personnalisez votre propre<\/li>\n<li>Comprend plus de 50 addons uniques tels que Countdown Timer, Progress Bar et Flip Box<\/li>\n<li>Le chargement rapide et optimis\u00e9 pour les performances, assurant une exp\u00e9rience utilisateur transparente<\/li>\n<li>Compatible avec tous les mod\u00e8les et th\u00e8mes de g\u00e9n\u00e9ration de page WPBAKERY<\/li>\n<li>R\u00e9guli\u00e8rement mis \u00e0 jour avec de nouvelles fonctionnalit\u00e9s et addons pour garder votre site Web frais et \u00e0 jour<\/li>\n<li>Comprend une documentation d\u00e9taill\u00e9e et un soutien \u00e0 une assistance pour tout probl\u00e8me ou questions<\/li>\n<li>Acc\u00e8s \u00e0 vie \u00e0 toutes les futures mises \u00e0 jour et addons avec un achat unique<\/li>\n<\/ul>\n","protected":false},"excerpt":{"rendered":"<p>Le Builder de page d&rsquo;entr\u00e9e: Reactive Pro Addons WPBAKERY est un outil incroyablement puissant sp\u00e9cifiquement cr\u00e9\u00e9 pour am\u00e9liorer la fonctionnalit\u00e9 du plugin Builder de page WPBAKERY pour WordPress. En incorporant ce module compl\u00e9mentaire inestimable, vous avez acc\u00e8s \u00e0 une vaste gamme de fonctionnalit\u00e9s et d&rsquo;\u00e9l\u00e9ments premium qui sont garantis pour \u00e9lever vos pages Web \u00e0 des niveaux de beaut\u00e9, de r\u00e9activit\u00e9 et de convivialit\u00e9 sans pr\u00e9c\u00e9dent. Son vaste r\u00e9pertoire englobe une impressionnante collection de plus de 100 caract\u00e9ristiques et \u00e9l\u00e9ments distinctifs, s&rsquo;\u00e9tendant \u00e0 partir de lignes pleine largeur, jusqu&rsquo;\u00e0 des options de typographie avanc\u00e9es, des ant\u00e9c\u00e9dents vid\u00e9o fascinants, des flux Instagram captivants et une abondance d&rsquo;autres attributs d&rsquo;inspiration. Que vous soyez un d\u00e9butant ambitieux ou un virtuose chevronn\u00e9 dans le domaine de la conception Web, ce merveilleux compl\u00e9ment-on est votre compagnon ultime, rationalisant gracieusement le processus complexe de fabrication de pages de qualit\u00e9 impeccablement professionnelle qui s&rsquo;adaptent et s&rsquo;\u00e9panouissent de mani\u00e8re transparente sur n&rsquo;importe quel appareil concevable.<\/p>\n","protected":false},"featured_media":145109,"comment_status":"open","ping_status":"open","template":"","meta":[],"product_brand":[2435],"product_cat":[1189,1181,1186],"product_tag":[1231],"class_list":{"0":"post-115032","1":"product","2":"type-product","3":"status-publish","4":"has-post-thumbnail","6":"product_brand-codecanyon","7":"product_cat-personnalisation","8":"product_cat-plugins","9":"product_cat-wordpress-plugins","10":"product_tag-codecanyon","11":"member-discount","12":"discount-restricted","14":"first","15":"instock","16":"sale","17":"downloadable","18":"virtual","19":"sold-individually","20":"purchasable","21":"product-type-simple"},"_links":{"self":[{"href":"https:\/\/gpl-love.com\/fr\/wp-json\/wp\/v2\/product\/115032","targetHints":{"allow":["GET"]}}],"collection":[{"href":"https:\/\/gpl-love.com\/fr\/wp-json\/wp\/v2\/product"}],"about":[{"href":"https:\/\/gpl-love.com\/fr\/wp-json\/wp\/v2\/types\/product"}],"replies":[{"embeddable":true,"href":"https:\/\/gpl-love.com\/fr\/wp-json\/wp\/v2\/comments?post=115032"}],"wp:featuredmedia":[{"embeddable":true,"href":"https:\/\/gpl-love.com\/fr\/wp-json\/wp\/v2\/media\/145109"}],"wp:attachment":[{"href":"https:\/\/gpl-love.com\/fr\/wp-json\/wp\/v2\/media?parent=115032"}],"wp:term":[{"taxonomy":"product_brand","embeddable":true,"href":"https:\/\/gpl-love.com\/fr\/wp-json\/wp\/v2\/product_brand?post=115032"},{"taxonomy":"product_cat","embeddable":true,"href":"https:\/\/gpl-love.com\/fr\/wp-json\/wp\/v2\/product_cat?post=115032"},{"taxonomy":"product_tag","embeddable":true,"href":"https:\/\/gpl-love.com\/fr\/wp-json\/wp\/v2\/product_tag?post=115032"}],"curies":[{"name":"wp","href":"https:\/\/api.w.org\/{rel}","templated":true}]}}