{"id":115030,"date":"2024-02-05T00:00:00","date_gmt":"2024-02-04T23:00:00","guid":{"rendered":"http:\/\/gpl-love.com\/fr\/produit\/draven-multipurpose-creative-theme\/"},"modified":"2026-03-20T23:01:33","modified_gmt":"2026-03-20T22:01:33","slug":"draven-multipurpose-creative-theme","status":"publish","type":"product","link":"https:\/\/gpl-love.com\/fr\/produit\/draven-multipurpose-creative-theme\/","title":{"rendered":"Draven Multipurpose Creative Theme 1.6.0"},"content":{"rendered":"<h3>Draven Multipurpose Creative Theme Traits<\/h3>\n<p>Le th\u00e8me cr\u00e9atif polyvalent draven, un th\u00e8me WordPress tr\u00e8s polyvalent et incroyablement puissant, a \u00e9t\u00e9 ing\u00e9nieusement con\u00e7u pour vous aider dans la cr\u00e9ation d&rsquo;un site Web non seulement distinctif mais aussi extr\u00eamement professionnel. B\u00e9n\u00e9ficiant d&rsquo;un vaste assortiment de mod\u00e8les et de dispositions pr\u00e9-con\u00e7us, Draven simplifie le processus de mode d&rsquo;un site Web qui est un reflet fid\u00e8le de votre marque et de votre style. De plus, ce th\u00e8me vous offre une personnalisation compl\u00e8te, vous accordant la possibilit\u00e9 d&rsquo;ajuster m\u00e9ticuleusement toutes les facettes de votre site Web pour r\u00e9pondre \u00e0 vos besoins sp\u00e9cifiques. En plus de sa polyvalence exceptionnelle, Draven a \u00e9galement \u00e9t\u00e9 m\u00e9ticuleusement optimis\u00e9 pour des performances optimales et des temps de chargement rapides, garantissant que votre site Web sera en mesure d&rsquo;ex\u00e9cuter sans effort toutes ses fonctions. Que vous vous identifiiez en tant que blogueur, propri\u00e9taire d&rsquo;entreprise ou professionnel cr\u00e9atif, le th\u00e8me cr\u00e9atif polyvalent Draven est \u00e9quip\u00e9 de tous les outils et fonctionnalit\u00e9s n\u00e9cessaires pour vous permettre de construire un site Web \u00e0 la fois visuellement \u00e9tonnant et tr\u00e8s fonctionnel.<\/p>\n<ul>\n<li>Th\u00e8me cr\u00e9atif hautement polyvalent et personnalisable<\/li>\n<li>Plusieurs options de mise en page et d\u00e9mos pr\u00e9-construites pour une configuration facile<\/li>\n<li>Compatible avec tous les principaux plugins et plates-formes, y compris WooCommerce et WordPress<\/li>\n<li>La conception r\u00e9active garantit que votre site Web a fi\u00e8re allure sur n&rsquo;importe quel appareil<\/li>\n<li>Construit avec un code propre et optimis\u00e9 pour des temps de chargement plus rapides et un r\u00e9f\u00e9rencement am\u00e9lior\u00e9<\/li>\n<li>Comprend un g\u00e9n\u00e9rateur de pages glisser-d\u00e9poser pour une personnalisation sans effort<\/li>\n<li>Le panneau d&rsquo;options de th\u00e8me avanc\u00e9 permet une personnalisation suppl\u00e9mentaire de la conception et des fonctionnalit\u00e9s<\/li>\n<li>Enti\u00e8rement pris en charge par une \u00e9quipe exp\u00e9riment\u00e9e du service \u00e0 la client\u00e8le<\/li>\n<li>Parfait pour les entreprises, les cr\u00e9atifs, les blogueurs et toute personne qui cherche \u00e0 \u00e9lever leur pr\u00e9sence en ligne<\/li>\n<li>R\u00e9gime r\u00e9guli\u00e8rement avec de nouvelles fonctionnalit\u00e9s et am\u00e9liorations pour assurer la poursuite des performances et une pertinence.<\/li>\n<\/ul>\n","protected":false},"excerpt":{"rendered":"<p>D\u00e9couvrez l&rsquo;incroyable polyvalence du th\u00e8me cr\u00e9atif polyvalent draven. Parfait pour les professionnels et les d\u00e9butants, ce th\u00e8me WordPress sophistiqu\u00e9 pr\u00e9sente une interface intuitive et une suite compl\u00e8te d&rsquo;outils de conception. Avec sa disposition enti\u00e8rement personnalisable, vous pouvez cr\u00e9er un espace num\u00e9rique unique et convaincant. Que vous cr\u00e9iez un portefeuille, un blog ou une plate-forme de commerce \u00e9lectronique, Draven propose une grande vari\u00e9t\u00e9 de mod\u00e8les pr\u00e9-con\u00e7us pour vous aider \u00e0 d\u00e9marrer. Sa structure conviviale de r\u00e9f\u00e9rencement et sa vitesse de charge rapide garantissent des performances optimales et un classement \u00e9lev\u00e9 sur les moteurs de recherche. De plus, le th\u00e8me est compatible avec une gamme de plugins, offrant une flexibilit\u00e9 et une adaptabilit\u00e9 pour r\u00e9pondre \u00e0 vos besoins sp\u00e9cifiques. Profitez d&rsquo;une exp\u00e9rience de conception transparente avec le th\u00e8me cr\u00e9atif polyvalent draven.<\/p>\n","protected":false},"featured_media":143585,"comment_status":"open","ping_status":"open","template":"","meta":[],"product_brand":[2433],"product_cat":[1214,1212,1213],"product_tag":[1366],"class_list":{"0":"post-115030","1":"product","2":"type-product","3":"status-publish","4":"has-post-thumbnail","6":"product_brand-themeforest","7":"product_cat-polyvalent","8":"product_cat-themes","9":"product_cat-wordpress-themes","10":"product_tag-themeforest","11":"member-discount","12":"discount-restricted","14":"first","15":"instock","16":"sale","17":"downloadable","18":"virtual","19":"sold-individually","20":"purchasable","21":"product-type-simple"},"_links":{"self":[{"href":"https:\/\/gpl-love.com\/fr\/wp-json\/wp\/v2\/product\/115030","targetHints":{"allow":["GET"]}}],"collection":[{"href":"https:\/\/gpl-love.com\/fr\/wp-json\/wp\/v2\/product"}],"about":[{"href":"https:\/\/gpl-love.com\/fr\/wp-json\/wp\/v2\/types\/product"}],"replies":[{"embeddable":true,"href":"https:\/\/gpl-love.com\/fr\/wp-json\/wp\/v2\/comments?post=115030"}],"wp:featuredmedia":[{"embeddable":true,"href":"https:\/\/gpl-love.com\/fr\/wp-json\/wp\/v2\/media\/143585"}],"wp:attachment":[{"href":"https:\/\/gpl-love.com\/fr\/wp-json\/wp\/v2\/media?parent=115030"}],"wp:term":[{"taxonomy":"product_brand","embeddable":true,"href":"https:\/\/gpl-love.com\/fr\/wp-json\/wp\/v2\/product_brand?post=115030"},{"taxonomy":"product_cat","embeddable":true,"href":"https:\/\/gpl-love.com\/fr\/wp-json\/wp\/v2\/product_cat?post=115030"},{"taxonomy":"product_tag","embeddable":true,"href":"https:\/\/gpl-love.com\/fr\/wp-json\/wp\/v2\/product_tag?post=115030"}],"curies":[{"name":"wp","href":"https:\/\/api.w.org\/{rel}","templated":true}]}}