{"id":115028,"date":"2025-12-28T00:00:00","date_gmt":"2025-12-27T23:00:00","guid":{"rendered":"http:\/\/gpl-love.com\/fr\/produit\/flozen-woocommerce-ajax-wordpress-theme\/"},"modified":"2026-03-20T23:06:07","modified_gmt":"2026-03-20T22:06:07","slug":"flozen-woocommerce-ajax-wordpress-theme","status":"publish","type":"product","link":"https:\/\/gpl-love.com\/fr\/produit\/flozen-woocommerce-ajax-wordpress-theme\/","title":{"rendered":"Flozen WooCommerce AJAX WordPress Theme 1.5.4"},"content":{"rendered":"<h3>Flozen WooCommerce AJAX WordPress Theme Traits<\/h3>\n<p>Le th\u00e8me WOOCommerce Ajax WordPress en volant est une solution de commerce \u00e9lectronique de pointe et hautement adaptable qui fournit une vaste gamme de fonctionnalit\u00e9s personnalisables trait\u00e9es sp\u00e9cifiquement aux utilisateurs de WordPress. Ce th\u00e8me remarquable a \u00e9t\u00e9 con\u00e7u de mani\u00e8re complexe avec l&rsquo;incorporation de la technologie avanc\u00e9e de l&rsquo;Ajax, facilitant ainsi une exp\u00e9rience d&rsquo;achat parfaitement parfaite et fluide pour les clients, tout en r\u00e9duisant simultan\u00e9ment des temps de chargement de page dans une large mesure. En s&rsquo;int\u00e9grant de mani\u00e8re transparente avec la puissante plate-forme WooCommerce, Flozen propose une s\u00e9lection diversifi\u00e9e de mises en page et de styles de produits au choix, ainsi que l&rsquo;avantage suppl\u00e9mentaire des en-t\u00eates et des pieds de page personnalisables, et une multitude de passerelles de paiement en fonction des pr\u00e9f\u00e9rences individuelles. En outre, ce th\u00e8me exceptionnel poss\u00e8de la commodit\u00e9 d&rsquo;un constructeur de pages de glisser-d\u00e9poser des utilisateurs, d&rsquo;une int\u00e9gration des m\u00e9dias sociaux sans couture et d&rsquo;une conception de mani\u00e8re impressionnante qui garantit une boutique en ligne visuellement attrayante, quel que soit l&rsquo;appareil utilis\u00e9 pour y acc\u00e9der. Avec Flozen, le processus de cr\u00e9ation d&rsquo;une boutique en ligne professionnelle et centr\u00e9e sur le client a \u00e9t\u00e9 simplifi\u00e9 \u00e0 un degr\u00e9 extraordinaire, attirant sans effort des clients et g\u00e9n\u00e9rant des ventes substantielles dans le processus.<\/p>\n<ul>\n<li>Design moderne et \u00e9l\u00e9gant id\u00e9al pour toute boutique en ligne<\/li>\n<li>Construit en utilisant les derni\u00e8res technologies Web, notamment Ajax et JQuery<\/li>\n<li>De nombreuses options de personnalisation, y compris 6 dispositions de page d&rsquo;accueil et plusieurs sch\u00e9mas de couleurs<\/li>\n<li>Conception enti\u00e8rement r\u00e9active qui fonctionne parfaitement sur tous les appareils<\/li>\n<li>Configuration rapide et facile avec l&rsquo;importateur de d\u00e9monstration en un clic<\/li>\n<li>Prend en charge de nombreuses fonctionnalit\u00e9s WooCommerce, telles que les notes et les avis de produit, la liste de souhaits, et plus<\/li>\n<li>SEO optimis\u00e9 pour un meilleur classement dans les r\u00e9sultats du moteur de recherche<\/li>\n<li>Id\u00e9al pour les entreprises qui cherchent \u00e0 vendre des produits en ligne avec facilit\u00e9<\/li>\n<li>Livr\u00e9 avec une documentation d\u00e9taill\u00e9e et une \u00e9quipe de support client d\u00e9di\u00e9e<\/li>\n<li>Mises \u00e0 jour r\u00e9guli\u00e8res et corrections de bogues pour assurer les meilleures performances pour votre site Web.<\/li>\n<\/ul>\n","protected":false},"excerpt":{"rendered":"<p>Boostez votre boutique en ligne et dynamisez votre activit\u00e9 gr\u00e2ce \u00e0 l&rsquo;exceptionnel th\u00e8me WordPress WooCommerce AJAX Flozen. Con\u00e7u pour \u00eatre performant et adaptable, ce th\u00e8me remarquable b\u00e9n\u00e9ficie d&rsquo;une optimisation pouss\u00e9e afin de garantir des performances optimales et des temps de chargement ultra-rapides, assurant ainsi une exp\u00e9rience d&rsquo;achat fluide et sans accroc \u00e0 vos clients. Avec son design contemporain et raffin\u00e9, ses options de personnalisation de la mise en page et ses fonctionnalit\u00e9s AJAX avanc\u00e9es, le th\u00e8me Flozen offre une solution compl\u00e8te pour cr\u00e9er un site e-commerce performant et florissant.<\/p>\n","protected":false},"featured_media":143885,"comment_status":"open","ping_status":"open","template":"","meta":[],"product_brand":[2433],"product_cat":[1238,1851,1212],"product_tag":[1366],"class_list":{"0":"post-115028","1":"product","2":"type-product","3":"status-publish","4":"has-post-thumbnail","6":"product_brand-themeforest","7":"product_cat-commerce-electronique-themes","8":"product_cat-entreprise-commerce-electronique-themes","9":"product_cat-themes","10":"product_tag-themeforest","11":"member-discount","12":"discount-restricted","14":"first","15":"instock","16":"sale","17":"downloadable","18":"virtual","19":"sold-individually","20":"purchasable","21":"product-type-simple"},"_links":{"self":[{"href":"https:\/\/gpl-love.com\/fr\/wp-json\/wp\/v2\/product\/115028","targetHints":{"allow":["GET"]}}],"collection":[{"href":"https:\/\/gpl-love.com\/fr\/wp-json\/wp\/v2\/product"}],"about":[{"href":"https:\/\/gpl-love.com\/fr\/wp-json\/wp\/v2\/types\/product"}],"replies":[{"embeddable":true,"href":"https:\/\/gpl-love.com\/fr\/wp-json\/wp\/v2\/comments?post=115028"}],"wp:featuredmedia":[{"embeddable":true,"href":"https:\/\/gpl-love.com\/fr\/wp-json\/wp\/v2\/media\/143885"}],"wp:attachment":[{"href":"https:\/\/gpl-love.com\/fr\/wp-json\/wp\/v2\/media?parent=115028"}],"wp:term":[{"taxonomy":"product_brand","embeddable":true,"href":"https:\/\/gpl-love.com\/fr\/wp-json\/wp\/v2\/product_brand?post=115028"},{"taxonomy":"product_cat","embeddable":true,"href":"https:\/\/gpl-love.com\/fr\/wp-json\/wp\/v2\/product_cat?post=115028"},{"taxonomy":"product_tag","embeddable":true,"href":"https:\/\/gpl-love.com\/fr\/wp-json\/wp\/v2\/product_tag?post=115028"}],"curies":[{"name":"wp","href":"https:\/\/api.w.org\/{rel}","templated":true}]}}