{"id":115026,"date":"2026-05-02T00:00:00","date_gmt":"2026-05-01T22:00:00","guid":{"rendered":"http:\/\/gpl-love.com\/fr\/produit\/visitor-traffic-real-time-statistics-pro\/"},"modified":"2026-05-03T06:31:13","modified_gmt":"2026-05-03T04:31:13","slug":"visitor-traffic-real-time-statistics-pro","status":"publish","type":"product","link":"https:\/\/gpl-love.com\/fr\/produit\/visitor-traffic-real-time-statistics-pro\/","title":{"rendered":"Visitor Traffic Real Time Statistics Pro 11.8"},"content":{"rendered":"<h3>Visitor Traffic Real Time Statistics Pro Traits<\/h3>\n<p>Le trafic des visiteurs STATISTIQUES STATISTIQUES PRO est un outil logiciel exceptionnellement sophistiqu\u00e9 qui sert de ressource inestimable pour les propri\u00e9taires de sites Web et les gestionnaires cherchant \u00e0 surveiller et analyser de pr\u00e8s leur trafic de site Web en temps r\u00e9el. En utilisant cet outil remarquablement puissant, on peut sans effort garder une trace du nombre de visiteurs qui affluent sur leur site Web, de v\u00e9rifier leur emplacement g\u00e9ographique, d&rsquo;identifier les sources \u00e0 partir desquelles ils ont \u00e9t\u00e9 r\u00e9f\u00e9r\u00e9s et de glaner divers autres d\u00e9tails pertinents. De plus, ce logiciel vous fournit non seulement des analyses et des rapports tr\u00e8s complets, mais vous permet \u00e9galement d&rsquo;optimiser votre site Web en vue de maximiser l&rsquo;engagement et les conversions. De plus, il vous offre la possibilit\u00e9 d&rsquo;\u00e9tablir des alertes et des notifications personnalis\u00e9es, garantissant ainsi que vous restez inform\u00e9 de toute modification remarquable des mod\u00e8les de trafic de votre site Web. En substance, le trafic des visiteurs STATISTIQUES PROTIQUES PROS est un outil absolument indispensable pour toute intention individuelle de renforcer les performances de leur site Web et d&rsquo;augmenter leur importance en ligne.<\/p>\n<ul>\n<li>Obtenez des mises \u00e0 jour en temps r\u00e9el sur le nombre de visiteurs sur votre site Web<\/li>\n<li>Suivi des pages que chaque visiteur affiche en temps r\u00e9el<\/li>\n<li>Voir de quels pays et villes vos visiteurs proviennent<\/li>\n<li>Surveillez les appareils (bureau, mobile, tablette) que vos visiteurs utilisent<\/li>\n<li>Analysez le taux de rebond de chaque page pour comprendre quelles pages sont sous-performantes<\/li>\n<li>Voir le temps moyen pass\u00e9 sur chaque page pour \u00e9valuer les niveaux d&rsquo;engagement<\/li>\n<li>Obtenez un aper\u00e7u de laquelle les sources de r\u00e9f\u00e9rence conduisent le plus de trafic vers votre site<\/li>\n<li>Configurez des alertes personnalis\u00e9es pour vous informer des changements importants dans les mod\u00e8les de trafic de votre site<\/li>\n<li>Exporter des donn\u00e9es pour des rapports et partage faciles avec les membres de l&rsquo;\u00e9quipe ou les clients<\/li>\n<li>Int\u00e9grez \u00e0 d&rsquo;autres outils d&rsquo;analyse pour approfondir les performances de votre site Web.<\/li>\n<\/ul>\n","protected":false},"excerpt":{"rendered":"<p>Le trafic des visiteurs STATISTICS STATISTIQUES PRO est un outil incroyablement robuste et innovant con\u00e7u pour r\u00e9pondre aux besoins des propri\u00e9taires de sites Web et des sp\u00e9cialistes du marketing qui ont un int\u00e9r\u00eat direct \u00e0 surveiller \u00e9troitement le trafic de leur site Web. En raison de sa nature de pointe, ce logiciel est capable d&rsquo;analyser le trafic de votre site Web en temps r\u00e9el, vous offrant ainsi un acc\u00e8s sans pr\u00e9c\u00e9dent \u00e0 des informations inestimables concernant les mod\u00e8les, les pr\u00e9f\u00e9rences et les habitudes comportementales de vos visiteurs. \u00c9quip\u00e9 d&rsquo;un tableau de bord convivial con\u00e7u intuitivement, cet outil vous permet de superviser sans effort votre trafic, de suivre m\u00e9ticuleusement votre engagement utilisateur et d&rsquo;optimiser syst\u00e9matiquement votre site Web dans le but express d&rsquo;am\u00e9liorer l&rsquo;exp\u00e9rience utilisateur. Il est important de noter que les id\u00e9es obtenues de cet outil ont une valeur immense car elles vous permettent d&rsquo;orchestrer efficacement des strat\u00e9gies cibl\u00e9es qui non seulement g\u00e9n\u00e9rent du trafic vers votre site Web, mais renforcent \u00e9galement vos taux de conversion, en fin de compte de catapulter la croissance de votre entreprise. Que vous soyez un sp\u00e9cialiste du marketing exp\u00e9riment\u00e9 ou un novice qui se lance dans votre parcours entrepreneurial, le trafic des visiteurs Statistiques en temps r\u00e9el est sans aucun doute un atout indispensable pour toute personne s\u00e9v\u00e8rement engag\u00e9e \u00e0 augmenter sa pr\u00e9sence en ligne.<\/p>\n","protected":false},"featured_media":145724,"comment_status":"open","ping_status":"open","template":"","meta":[],"product_brand":[2683],"product_cat":[1187,1181,1186],"product_tag":[2183],"class_list":{"0":"post-115026","1":"product","2":"type-product","3":"status-publish","4":"has-post-thumbnail","6":"product_brand-wp-buy","7":"product_cat-administration-wordpress-plugins","8":"product_cat-plugins","9":"product_cat-wordpress-plugins","10":"product_tag-wp-buy","11":"member-discount","12":"discount-restricted","14":"first","15":"instock","16":"sale","17":"downloadable","18":"virtual","19":"sold-individually","20":"purchasable","21":"product-type-simple"},"_links":{"self":[{"href":"https:\/\/gpl-love.com\/fr\/wp-json\/wp\/v2\/product\/115026","targetHints":{"allow":["GET"]}}],"collection":[{"href":"https:\/\/gpl-love.com\/fr\/wp-json\/wp\/v2\/product"}],"about":[{"href":"https:\/\/gpl-love.com\/fr\/wp-json\/wp\/v2\/types\/product"}],"replies":[{"embeddable":true,"href":"https:\/\/gpl-love.com\/fr\/wp-json\/wp\/v2\/comments?post=115026"}],"wp:featuredmedia":[{"embeddable":true,"href":"https:\/\/gpl-love.com\/fr\/wp-json\/wp\/v2\/media\/145724"}],"wp:attachment":[{"href":"https:\/\/gpl-love.com\/fr\/wp-json\/wp\/v2\/media?parent=115026"}],"wp:term":[{"taxonomy":"product_brand","embeddable":true,"href":"https:\/\/gpl-love.com\/fr\/wp-json\/wp\/v2\/product_brand?post=115026"},{"taxonomy":"product_cat","embeddable":true,"href":"https:\/\/gpl-love.com\/fr\/wp-json\/wp\/v2\/product_cat?post=115026"},{"taxonomy":"product_tag","embeddable":true,"href":"https:\/\/gpl-love.com\/fr\/wp-json\/wp\/v2\/product_tag?post=115026"}],"curies":[{"name":"wp","href":"https:\/\/api.w.org\/{rel}","templated":true}]}}