{"id":115024,"date":"2023-04-19T00:00:00","date_gmt":"2023-04-18T22:00:00","guid":{"rendered":"http:\/\/gpl-love.com\/fr\/produit\/newstar-magazine-et-news-wordpress-theme\/"},"modified":"2026-04-10T18:33:53","modified_gmt":"2026-04-10T16:33:53","slug":"newstar-magazine-et-news-wordpress-theme","status":"publish","type":"product","link":"https:\/\/gpl-love.com\/fr\/produit\/newstar-magazine-et-news-wordpress-theme\/","title":{"rendered":"NewStar Magazine et News WordPress Theme 1.3.7"},"content":{"rendered":"<h3>NewStar Magazine et News WordPress Theme Traits<\/h3>\n<p>Le magazine Newstar et le th\u00e8me de WordPress de News se pr\u00e9sente comme une solution extraordinaire pour les personnes qui cherchent \u00e0 \u00e9tablir un site Web qui d\u00e9gage le professionnalisme et l&rsquo;\u00e9l\u00e9gance, sp\u00e9cialement adapt\u00e9 \u00e0 des actualit\u00e9s et au contenu du magazine. Ce th\u00e8me a \u00e9t\u00e9 m\u00e9ticuleusement con\u00e7u avec une conception r\u00e9active, ce qui signifie qu&rsquo;il poss\u00e8de la capacit\u00e9 de s&rsquo;adapter de mani\u00e8re transparente \u00e0 tout appareil, garantissant ainsi que vos lecteurs se livrent \u00e0 une exp\u00e9rience de navigation sans faille, quel que soit leur appareil technologique pr\u00e9f\u00e9r\u00e9. De plus, ce th\u00e8me pr\u00e9sente fi\u00e8rement une pl\u00e9thore de fonctionnalit\u00e9s qui incarnent l&rsquo;excellence, ce qui le rend un superbe choix pour quiconque visant \u00e0 \u00e9tablir une pr\u00e9sence en ligne dominante. En raison de ses widgets personnalisables, de son constructeur de pages int\u00e9gr\u00e9 et d&rsquo;un assortiment d&rsquo;options conviviales, vous poss\u00e9derez une autonomie absolue sur l&rsquo;esth\u00e9tique visuelle et les fonctionnalit\u00e9s op\u00e9rationnelles de votre site Web. Que vous soyez un d\u00e9veloppeur Web chevronn\u00e9 ou un novice qui se lance dans le parcours de la cr\u00e9ation de la page Web, le magazine Newstar et le th\u00e8me de News WordPress se pr\u00e9sente ind\u00e9niablement comme une solution exemplaire pour ceux qui souhaitent cr\u00e9er une plate-forme en ligne immersive qui captive leurs lecteurs.<\/p>\n<ul>\n<li>Un design \u00e9l\u00e9gant et moderne avec des options personnalisables pour s&rsquo;adapter \u00e0 votre marque<\/li>\n<li>Con\u00e7u sp\u00e9cifiquement pour les sites Web de magazines et d&rsquo;informations<\/li>\n<li>Comprend un g\u00e9n\u00e9rateur de pages glisser-d\u00e9poser pour une personnalisation facile<\/li>\n<li>Enti\u00e8rement r\u00e9actif et convivial<\/li>\n<li>Comprend plusieurs styles d&rsquo;en-t\u00eate et de pied de page, ainsi que diverses mises en page<\/li>\n<li>Options de partage des m\u00e9dias sociaux int\u00e9gr\u00e9s pour augmenter l&rsquo;engagement<\/li>\n<li>Comprend des options pour plusieurs placements d&rsquo;annonces pour mon\u00e9tiser votre site<\/li>\n<li>Moteur de recherche optimis\u00e9 pour une meilleure visibilit\u00e9<\/li>\n<li>Compatible avec une vari\u00e9t\u00e9 de plugins populaires, notamment WooCommerce et Contact Form 7<\/li>\n<li>Documentation compl\u00e8te et support client d\u00e9di\u00e9 inclus.<\/li>\n<\/ul>\n","protected":false},"excerpt":{"rendered":"<p>Le magazine NewStar et le th\u00e8me de WordPress de News se pr\u00e9sente comme un choix impeccable pour les personnes engag\u00e9es dans les blogs et le fonctionnement des sites de nouvelles, aspirant \u00e0 une avenue pour afficher leur contenu avec un air de professionnalisme et de contemporan\u00e9it\u00e9. Ce th\u00e8me particulier profite au luxe de la personnalisation compl\u00e8te, accordant aux utilisateurs une toile sans restriction sur laquelle les dispositions et les couleurs peuvent \u00eatre m\u00e9ticuleusement peintes. De plus, il poss\u00e8de un \u00e9ventail de fonctionnalit\u00e9s impressionnantes, englobant des widgets personnalisables, une int\u00e9gration transparente avec des plateformes de m\u00e9dias sociaux, des menus glissant de mani\u00e8re transparente et un assortiment d&rsquo;augmentations qui s&rsquo;\u00e9tendent bien au-del\u00e0 de ces offres rudimentaires. Avec son panneau d&rsquo;options robuste et une interface qui incarne la convivialit\u00e9 des utilisateurs dans sa forme la plus pure, le magazine NewStar et le th\u00e8me de News WordPress constituent un phare d&rsquo;espoir pour ceux qui recherchent un th\u00e8me qui d\u00e9gage \u00e0 la fois l&rsquo;\u00e9l\u00e9gance et la praticit\u00e9.<\/p>\n","protected":false},"featured_media":144746,"comment_status":"open","ping_status":"open","template":"","meta":[],"product_brand":[2433],"product_cat":[1220,1212,1213],"product_tag":[1366],"class_list":{"0":"post-115024","1":"product","2":"type-product","3":"status-publish","4":"has-post-thumbnail","6":"product_brand-themeforest","7":"product_cat-blog-magazine","8":"product_cat-themes","9":"product_cat-wordpress-themes","10":"product_tag-themeforest","11":"member-discount","12":"discount-restricted","14":"first","15":"instock","16":"sale","17":"downloadable","18":"virtual","19":"sold-individually","20":"purchasable","21":"product-type-simple"},"_links":{"self":[{"href":"https:\/\/gpl-love.com\/fr\/wp-json\/wp\/v2\/product\/115024","targetHints":{"allow":["GET"]}}],"collection":[{"href":"https:\/\/gpl-love.com\/fr\/wp-json\/wp\/v2\/product"}],"about":[{"href":"https:\/\/gpl-love.com\/fr\/wp-json\/wp\/v2\/types\/product"}],"replies":[{"embeddable":true,"href":"https:\/\/gpl-love.com\/fr\/wp-json\/wp\/v2\/comments?post=115024"}],"wp:featuredmedia":[{"embeddable":true,"href":"https:\/\/gpl-love.com\/fr\/wp-json\/wp\/v2\/media\/144746"}],"wp:attachment":[{"href":"https:\/\/gpl-love.com\/fr\/wp-json\/wp\/v2\/media?parent=115024"}],"wp:term":[{"taxonomy":"product_brand","embeddable":true,"href":"https:\/\/gpl-love.com\/fr\/wp-json\/wp\/v2\/product_brand?post=115024"},{"taxonomy":"product_cat","embeddable":true,"href":"https:\/\/gpl-love.com\/fr\/wp-json\/wp\/v2\/product_cat?post=115024"},{"taxonomy":"product_tag","embeddable":true,"href":"https:\/\/gpl-love.com\/fr\/wp-json\/wp\/v2\/product_tag?post=115024"}],"curies":[{"name":"wp","href":"https:\/\/api.w.org\/{rel}","templated":true}]}}