{"id":115020,"date":"2022-02-08T00:00:00","date_gmt":"2022-02-07T23:00:00","guid":{"rendered":"http:\/\/gpl-love.com\/fr\/produit\/woocommerce-product-catalog-mode-et-enquiry-form\/"},"modified":"2026-04-10T18:48:01","modified_gmt":"2026-04-10T16:48:01","slug":"woocommerce-product-catalog-mode-et-enquiry-form","status":"publish","type":"product","link":"https:\/\/gpl-love.com\/fr\/produit\/woocommerce-product-catalog-mode-et-enquiry-form\/","title":{"rendered":"WooCommerce Product Catalog Mode et Enquiry Form 1.8.4"},"content":{"rendered":"<h3>WooCommerce Product Catalog Mode et Enquiry Form Traits<\/h3>\n<p>Le mode de catalogue de produits de produit WooCommerce et la forme de recherche est un outil exceptionnellement puissant qui r\u00e9pond aux besoins des gestionnaires de boutiques en ligne et des propri\u00e9taires, visant \u00e0 augmenter l&rsquo;exp\u00e9rience de navigation de leurs clients avec une touche plus personnalis\u00e9e. Ce plugin exceptionnel vous accorde la possibilit\u00e9 de fa\u00e7onner un catalogue \u00e9labor\u00e9 incarnant tous vos produits, que la client\u00e8le peut parcourir \u00e0 leurs loissine sans la pression de faire des achats imm\u00e9diats. De plus, il fournit un formulaire de demande hautement personnalisable, offrant aux clients la possibilit\u00e9 d&rsquo;acqu\u00e9rir d&rsquo;autres \u00e9lucidation concernant des produits sp\u00e9cifiques ou m\u00eame de demander un devis personnalis\u00e9 adapt\u00e9 \u00e0 leurs pr\u00e9f\u00e9rences uniques. En tant qu&rsquo;avantage suppl\u00e9mentaire, ce plugin poss\u00e8de un processus d&rsquo;installation sans effort et une interface conviviale, aux c\u00f4t\u00e9s d&rsquo;un \u00e9ventail d&rsquo;options, vous permettant d&rsquo;adapter le formulaire de catalogue et d&rsquo;enqu\u00eate pour s&rsquo;aligner impeccablement sur les conditions pr\u00e9alables de votre magasin estim\u00e9. Que votre aspiration consiste \u00e0 perfectionner l&rsquo;exp\u00e9rience de navigation de vos clients ou \u00e0 acqu\u00e9rir de plus grandes informations sur leurs besoins, le mode de catalogue de produits WooCommerce et le formulaire de recherche consiste \u00e0 un atout in\u00e9gal\u00e9 pour toute boutique en ligne qui vaut son sel.<\/p>\n<ul>\n<li>Vous permet de changer votre magasin WooCommerce en mode catalogue<\/li>\n<li>Cache le bouton \u00ab\u00a0Ajouter au panier\u00a0\u00bb et le remplace par un bouton \u00ab\u00a0Enqu\u00eate\u00a0\u00bb<\/li>\n<li>Donne aux clients la possibilit\u00e9 d&rsquo;envoyer des demandes de renseignements sur les produits directement \u00e0 partir de la page du magasin<\/li>\n<li>Stocke les demandes dans le tableau de bord WordPress pour une gestion et un suivi faciles<\/li>\n<li>Vous permet de personnaliser le formulaire de demande en fonction des besoins de votre magasin<\/li>\n<li>Fournit aux clients une exp\u00e9rience d&rsquo;achat sans couture et encourage l&rsquo;engagement et la communication<\/li>\n<li>Aide \u00e0 r\u00e9duire l&rsquo;abandon des paniers en offrant aux clients un autre moyen de se renseigner sur les produits qui leur int\u00e9ressent<\/li>\n<li>Parfait pour les magasins qui proposent des produits personnalisables ou personnalis\u00e9s, ou pour les entreprises qui souhaitent offrir une exp\u00e9rience d&rsquo;achat plus personnalis\u00e9e \u00e0 leurs clients.<\/li>\n<\/ul>\n","protected":false},"excerpt":{"rendered":"<p>En utilisant le mode de mode de catalogue de produits WooCommerce, les propri\u00e9taires de magasins en ligne sont autoris\u00e9s \u00e0 transformer sans effort leurs sites Web WooCommerce en catalogues de produits complets, offrant aux clients la possibilit\u00e9 de parcourir divers produits sans la possibilit\u00e9 de faire des achats directs. Dans le cas o\u00f9 un client se retrouve captiv\u00e9 par un produit particulier, il peut utiliser de mani\u00e8re transparente le formulaire de demande int\u00e9gr\u00e9 pour communiquer instantan\u00e9ment avec le propri\u00e9taire du magasin, facilitant ainsi une avenue pratique pour acqu\u00e9rir des informations suppl\u00e9mentaires ou entamer une transaction hors ligne. La simplicit\u00e9 et la mall\u00e9abilit\u00e9 inh\u00e9rentes de ce plugin en font une solution sans \u00e9quivoque optimale pour tout \u00e9tablissement WooCommerce cherchant \u00e0 fournir \u00e0 la client\u00e8le un m\u00e9canisme rationalis\u00e9 pour les demandes de produits.<\/p>\n","protected":false},"featured_media":145981,"comment_status":"open","ping_status":"open","template":"","meta":[],"product_brand":[2435],"product_cat":[1182,1223,1181],"product_tag":[1231],"class_list":{"0":"post-115020","1":"product","2":"type-product","3":"status-publish","4":"has-post-thumbnail","6":"product_brand-codecanyon","7":"product_cat-commerce-electronique-plugins","8":"product_cat-personnalisation-commerce-electronique-plugins","9":"product_cat-plugins","10":"product_tag-codecanyon","11":"member-discount","12":"discount-restricted","14":"first","15":"instock","16":"sale","17":"downloadable","18":"virtual","19":"sold-individually","20":"purchasable","21":"product-type-simple"},"_links":{"self":[{"href":"https:\/\/gpl-love.com\/fr\/wp-json\/wp\/v2\/product\/115020","targetHints":{"allow":["GET"]}}],"collection":[{"href":"https:\/\/gpl-love.com\/fr\/wp-json\/wp\/v2\/product"}],"about":[{"href":"https:\/\/gpl-love.com\/fr\/wp-json\/wp\/v2\/types\/product"}],"replies":[{"embeddable":true,"href":"https:\/\/gpl-love.com\/fr\/wp-json\/wp\/v2\/comments?post=115020"}],"wp:featuredmedia":[{"embeddable":true,"href":"https:\/\/gpl-love.com\/fr\/wp-json\/wp\/v2\/media\/145981"}],"wp:attachment":[{"href":"https:\/\/gpl-love.com\/fr\/wp-json\/wp\/v2\/media?parent=115020"}],"wp:term":[{"taxonomy":"product_brand","embeddable":true,"href":"https:\/\/gpl-love.com\/fr\/wp-json\/wp\/v2\/product_brand?post=115020"},{"taxonomy":"product_cat","embeddable":true,"href":"https:\/\/gpl-love.com\/fr\/wp-json\/wp\/v2\/product_cat?post=115020"},{"taxonomy":"product_tag","embeddable":true,"href":"https:\/\/gpl-love.com\/fr\/wp-json\/wp\/v2\/product_tag?post=115020"}],"curies":[{"name":"wp","href":"https:\/\/api.w.org\/{rel}","templated":true}]}}