{"id":115018,"date":"2026-03-20T00:00:00","date_gmt":"2026-03-19T23:00:00","guid":{"rendered":"http:\/\/gpl-love.com\/fr\/produit\/woocommerce-photo-reviews\/"},"modified":"2026-04-10T18:47:52","modified_gmt":"2026-04-10T16:47:52","slug":"woocommerce-photo-reviews","status":"publish","type":"product","link":"https:\/\/gpl-love.com\/fr\/produit\/woocommerce-photo-reviews\/","title":{"rendered":"WooCommerce Photo Reviews 1.4.14"},"content":{"rendered":"<h3>WooCommerce Photo Reviews Traits<\/h3>\n<p>Le plugin WooCommerce Photo Reviews est un outil exceptionnel qui offre aux clients la possibilit\u00e9 de t\u00e9l\u00e9charger de mani\u00e8re transparente des photos captivantes pour accompagner leurs avis de produits dans votre boutique WooCommerce. Ce plugin remarquable \u00e9l\u00e8ve consid\u00e9rablement l&rsquo;exp\u00e9rience client en fournissant une repr\u00e9sentation visuellement s\u00e9duisante de l&rsquo;apparence et des fonctionnalit\u00e9s du produit dans un cadre r\u00e9el. De plus, il favorise efficacement l&rsquo;engagement des clients tout en augmentant simultan\u00e9ment les taux de conversion par l&rsquo;\u00e9tablissement de la confiance et de la cr\u00e9dibilit\u00e9. Notamment, le plugin est install\u00e9 sans effort et peut \u00eatre adapt\u00e9 sans effort en fonction de vos pr\u00e9f\u00e9rences sp\u00e9cifiques, int\u00e9grant parfaitement \u00e0 votre plate-forme WooCommerce pr\u00e9existante. En incorporant les capacit\u00e9s remarquables du plugin de r\u00e9vision des photos WooCommerce, votre boutique en ligne transcendera sans aucun doute des hauteurs sans pr\u00e9c\u00e9dent, car elle permet aux clients de partager sans effort leurs exp\u00e9riences et leurs vitrines in\u00e9gal\u00e9es de mani\u00e8re remarquablement dynamique.<\/p>\n<ul>\n<li>Permet aux clients de laisser des avis de photos sur des produits dans votre boutique WooCommerce<\/li>\n<li>Les images sont affich\u00e9es aux c\u00f4t\u00e9s des critiques de texte, offrant une exp\u00e9rience d&rsquo;achat plus d\u00e9taill\u00e9e et plus engageante pour d&rsquo;autres clients<\/li>\n<li>Les administrateurs peuvent approuver ou rejeter des photos avant d&rsquo;\u00eatre publi\u00e9es pour assurer la qualit\u00e9 et la pertinence des avis<\/li>\n<li>Les avis avec des images se sont av\u00e9r\u00e9s augmenter les ventes et la confiance des clients dans vos produits<\/li>\n<li>Int\u00e9gre parfaitement avec WooCommerce et est facile \u00e0 installer et \u00e0 utiliser<\/li>\n<li>Fournit de puissantes outils d&rsquo;analyse et de rapports pour suivre les commentaires des clients et am\u00e9liorer la qualit\u00e9 du produit<\/li>\n<li>La conception sensible aux mobiles garantit que vos clients peuvent laisser des avis et t\u00e9l\u00e9charger des images \u00e0 partir de n&rsquo;importe quel appareil<\/li>\n<li>Offre un excellent moyen de mettre en valeur la satisfaction et la fid\u00e9lit\u00e9 des clients sur votre magasin, en ajoutant de la valeur et de la cr\u00e9dibilit\u00e9 \u00e0 votre marque<\/li>\n<\/ul>\n","protected":false},"excerpt":{"rendered":"<p>WooCommerce Photo Reviews se pr\u00e9sente comme un plugin tr\u00e8s puissant qui permet aux clients d&rsquo;int\u00e9grer de mani\u00e8re transparente des images ainsi que les avis de produits sur votre boutique WooCommerce. En vertu de ce plugin remarquable, vous gagnez l&rsquo;avantage exceptionnel de l&rsquo;affichage efficace des photographies authentiques et r\u00e9elles de vos produits en action, am\u00e9liorant ainsi consid\u00e9rablement la cr\u00e9dibilit\u00e9 de vos avis clients tout en renfor\u00e7ant simultan\u00e9ment vos performances de vente globales. De plus, ce plugin poss\u00e8de une exp\u00e9rience utilisateur sans effort compl\u00e9t\u00e9e par sa personnalisation compl\u00e8te, vous permettant de l&rsquo;aligner sans effort avec la marque unique de votre magasin. Accordez \u00e0 vos clients estim\u00e9s la capacit\u00e9 inestimable de montrer fi\u00e8rement leurs achats gr\u00e2ce aux capacit\u00e9s exceptionnelles des revues de photos WooCommerce.<\/p>\n","protected":false},"featured_media":145969,"comment_status":"open","ping_status":"open","template":"","meta":[],"product_brand":[2435],"product_cat":[1182,1223,1181],"product_tag":[1231],"class_list":{"0":"post-115018","1":"product","2":"type-product","3":"status-publish","4":"has-post-thumbnail","6":"product_brand-codecanyon","7":"product_cat-commerce-electronique-plugins","8":"product_cat-personnalisation-commerce-electronique-plugins","9":"product_cat-plugins","10":"product_tag-codecanyon","11":"member-discount","12":"discount-restricted","14":"first","15":"instock","16":"sale","17":"downloadable","18":"virtual","19":"sold-individually","20":"purchasable","21":"product-type-simple"},"_links":{"self":[{"href":"https:\/\/gpl-love.com\/fr\/wp-json\/wp\/v2\/product\/115018","targetHints":{"allow":["GET"]}}],"collection":[{"href":"https:\/\/gpl-love.com\/fr\/wp-json\/wp\/v2\/product"}],"about":[{"href":"https:\/\/gpl-love.com\/fr\/wp-json\/wp\/v2\/types\/product"}],"replies":[{"embeddable":true,"href":"https:\/\/gpl-love.com\/fr\/wp-json\/wp\/v2\/comments?post=115018"}],"wp:featuredmedia":[{"embeddable":true,"href":"https:\/\/gpl-love.com\/fr\/wp-json\/wp\/v2\/media\/145969"}],"wp:attachment":[{"href":"https:\/\/gpl-love.com\/fr\/wp-json\/wp\/v2\/media?parent=115018"}],"wp:term":[{"taxonomy":"product_brand","embeddable":true,"href":"https:\/\/gpl-love.com\/fr\/wp-json\/wp\/v2\/product_brand?post=115018"},{"taxonomy":"product_cat","embeddable":true,"href":"https:\/\/gpl-love.com\/fr\/wp-json\/wp\/v2\/product_cat?post=115018"},{"taxonomy":"product_tag","embeddable":true,"href":"https:\/\/gpl-love.com\/fr\/wp-json\/wp\/v2\/product_tag?post=115018"}],"curies":[{"name":"wp","href":"https:\/\/api.w.org\/{rel}","templated":true}]}}