{"id":115016,"date":"2021-11-21T00:00:00","date_gmt":"2021-11-20T23:00:00","guid":{"rendered":"http:\/\/gpl-love.com\/fr\/produit\/woocommerce-show-variations-as-single-products\/"},"modified":"2026-03-20T23:47:48","modified_gmt":"2026-03-20T22:47:48","slug":"woocommerce-show-variations-as-single-products","status":"publish","type":"product","link":"https:\/\/gpl-love.com\/fr\/produit\/woocommerce-show-variations-as-single-products\/","title":{"rendered":"WooCommerce Show Variations as Single Products 1.3.19"},"content":{"rendered":"<h3>WooCommerce Show Variations as Single Products Traits<\/h3>\n<p>Le WooCommerce montre des variations en tant que plugin de produits uniques, un outil robuste con\u00e7u pour am\u00e9liorer l&rsquo;exp\u00e9rience d&rsquo;achat en ligne, permet aux d\u00e9taillants en leur permettant de pr\u00e9senter leurs variations de produits en tant qu&rsquo;entit\u00e9s autonomes. Ce plugin ing\u00e9nieux s&rsquo;av\u00e8re particuli\u00e8rement avantageux pour les entreprises aux prises avec une vaste gamme de variations, car elle simplifie le processus de navigation, augmentant invariablement la probabilit\u00e9 d&rsquo;obtenir des ventes. Tirant parti de ce plugin, les d\u00e9taillants peuvent pr\u00e9senter de mani\u00e8re transparente des images et des descriptions pour chaque variation distincte, tout en ayant la libert\u00e9 d&rsquo;\u00e9tablir des structures de prix et des niveaux de stock uniques. En fin de compte, la nature indispensable du WooCommerce affiche des variations alors que le plugin de produits uniques transcende le domaine du commerce num\u00e9rique, cimentant son statut d&rsquo;actif essentiel pour tous les d\u00e9taillants en ligne qui s&rsquo;efforcent d&rsquo;optimiser les voyages d&rsquo;achat de leurs clients et de renforcer la g\u00e9n\u00e9ration de revenus.<\/p>\n<ul>\n<li>Affiche les variations de produits en tant que produits s\u00e9par\u00e9s<\/li>\n<li>Chaque variation obtient sa propre page de produit unique<\/li>\n<li>Permet aux clients de visualiser et d&rsquo;acheter facilement des variations sp\u00e9cifiques<\/li>\n<li>Am\u00e9liore la navigation du site Web et l&rsquo;exp\u00e9rience utilisateur<\/li>\n<li>Compatible avec la plate-forme WooCommerce<\/li>\n<li>Facile \u00e0 installer et \u00e0 utiliser<\/li>\n<li>Augmente le potentiel de vente en permettant aux clients de parcourir et d&rsquo;acheter des variations sp\u00e9cifiques<\/li>\n<li>Gave le temps et r\u00e9duit la confusion pour les clients et les propri\u00e9taires de magasins<\/li>\n<li>Offre une plus grande flexibilit\u00e9 et des options de personnalisation pour les magasins en ligne.<\/li>\n<\/ul>\n","protected":false},"excerpt":{"rendered":"<p>Avec l&rsquo;utilisation de ce plugin WooCommerce, vous avez la capacit\u00e9 pr\u00e9cieuse de pr\u00e9senter des variations de produits en tant qu&rsquo;entit\u00e9s distinctes au sein de votre emporium num\u00e9rique. En fin de compte, cette fonctionnalit\u00e9 rationalise le processus d&rsquo;achat pour votre client\u00e8le estim\u00e9e, car il leur pr\u00e9sente des options explicites plut\u00f4t que de les inonder avec un \u00e9ventail excessif de choix. Essentiellement, chaque variation poss\u00e9dera sa propre page de produit d\u00e9di\u00e9e, remplie d&rsquo;un SKU distinctif, d&rsquo;une structure de prix et d&rsquo;un syst\u00e8me de gestion des stocks. Par cons\u00e9quent, vous pourrez conserver \u00e0 la fois le temps et l&rsquo;effort en \u00e9vitant la n\u00e9cessit\u00e9 de formuler des listes de produits distinctes pour chaque variation individuelle.<\/p>\n","protected":false},"featured_media":146025,"comment_status":"open","ping_status":"open","template":"","meta":[],"product_brand":[2435],"product_cat":[1182,1223,1181],"product_tag":[1231],"class_list":{"0":"post-115016","1":"product","2":"type-product","3":"status-publish","4":"has-post-thumbnail","6":"product_brand-codecanyon","7":"product_cat-commerce-electronique-plugins","8":"product_cat-personnalisation-commerce-electronique-plugins","9":"product_cat-plugins","10":"product_tag-codecanyon","11":"member-discount","12":"discount-restricted","14":"first","15":"instock","16":"sale","17":"downloadable","18":"virtual","19":"sold-individually","20":"purchasable","21":"product-type-simple"},"_links":{"self":[{"href":"https:\/\/gpl-love.com\/fr\/wp-json\/wp\/v2\/product\/115016","targetHints":{"allow":["GET"]}}],"collection":[{"href":"https:\/\/gpl-love.com\/fr\/wp-json\/wp\/v2\/product"}],"about":[{"href":"https:\/\/gpl-love.com\/fr\/wp-json\/wp\/v2\/types\/product"}],"replies":[{"embeddable":true,"href":"https:\/\/gpl-love.com\/fr\/wp-json\/wp\/v2\/comments?post=115016"}],"wp:featuredmedia":[{"embeddable":true,"href":"https:\/\/gpl-love.com\/fr\/wp-json\/wp\/v2\/media\/146025"}],"wp:attachment":[{"href":"https:\/\/gpl-love.com\/fr\/wp-json\/wp\/v2\/media?parent=115016"}],"wp:term":[{"taxonomy":"product_brand","embeddable":true,"href":"https:\/\/gpl-love.com\/fr\/wp-json\/wp\/v2\/product_brand?post=115016"},{"taxonomy":"product_cat","embeddable":true,"href":"https:\/\/gpl-love.com\/fr\/wp-json\/wp\/v2\/product_cat?post=115016"},{"taxonomy":"product_tag","embeddable":true,"href":"https:\/\/gpl-love.com\/fr\/wp-json\/wp\/v2\/product_tag?post=115016"}],"curies":[{"name":"wp","href":"https:\/\/api.w.org\/{rel}","templated":true}]}}