{"id":114915,"date":"2026-02-14T00:00:00","date_gmt":"2026-02-13T23:00:00","guid":{"rendered":"http:\/\/gpl-love.com\/fr\/produit\/borlabs-cookie-wordpress-cookie-plugin\/"},"modified":"2026-03-20T22:57:16","modified_gmt":"2026-03-20T21:57:16","slug":"borlabs-cookie-wordpress-cookie-plugin","status":"publish","type":"product","link":"https:\/\/gpl-love.com\/fr\/produit\/borlabs-cookie-wordpress-cookie-plugin\/","title":{"rendered":"Borlabs Cookie 3.4"},"content":{"rendered":"<h3>Borlabs Cookie Traits<\/h3>\n<p>Borlabs Cookie, un plugin de cookie WordPress tr\u00e8s robuste, offre aux propri\u00e9taires de sites Web la capacit\u00e9 d&rsquo;\u00e9tablir un syst\u00e8me complet de gestion des cookies. Ce plugin a \u00e9t\u00e9 ing\u00e9nieusement con\u00e7u pour aider les propri\u00e9taires de sites Web \u00e0 respecter les r\u00e9glementations de confidentialit\u00e9 telles que le RGPD et le CCPA, en leur accordant une autorit\u00e9 absolue sur les cookies employ\u00e9s sur leurs sites Web respectifs. En utilisant Borlabs Cookie, les propri\u00e9taires de sites Web peuvent \u00e9laborer et administrer sans effort des banni\u00e8res de cookies, tout en ayant la libert\u00e9 de personnaliser leur apparence et leur comportement, ainsi que les cookies employ\u00e9s sur leur site Web. Le plugin comprend une interface utilisateur instinctive, qui facilite la configuration et la personnalisation sans effort des param\u00e8tres de cookies, offrant une vaste gamme de fonctionnalit\u00e9s et d&rsquo;options pour r\u00e9pondre aux diverses exigences de tout site Web. En conclusion, Borlabs Cookie est un plugin indispensable pour toute personne d\u00e9termin\u00e9e \u00e0 garantir la conformit\u00e9 de leur site Web aux r\u00e9glementations de confidentialit\u00e9, tout en offrant une exp\u00e9rience utilisateur exceptionnelle.<\/p>\n<ul>\n<li>G\u00e8re efficacement l&rsquo;utilisation de cookies sur votre site Web WordPress<\/li>\n<li>Conception de banni\u00e8res cookies enti\u00e8rement personnalisable pour s&rsquo;adapter \u00e0 l&rsquo;identit\u00e9 visuelle de votre site Web<\/li>\n<li>Fournit des fonctionnalit\u00e9s de gestion consentement consentement du RGPB et de l&rsquo;EPRIVAC<\/li>\n<li>Donne aux utilisateurs une transparence compl\u00e8te et un contr\u00f4le sur leurs pr\u00e9f\u00e9rences de cookies<\/li>\n<li>Intregate de mani\u00e8re transparente avec les plugins et th\u00e8mes WordPress populaires pour des fonctionnalit\u00e9s lisses<\/li>\n<li>Facile \u00e0 utiliser avec une interface conviviale pour une configuration et une impl\u00e9mentation sans tracas<\/li>\n<li>Bloque automatiquement les cookies jusqu&rsquo;\u00e0 ce que les utilisateurs donnent leur consentement, garantissant le respect des lois sur la confidentialit\u00e9<\/li>\n<li>L\u00e9ger et optimis\u00e9 pour les temps de chargement de page rapides<\/li>\n<li>R\u00e9guli\u00e8rement mis \u00e0 jour et maintenu pour assurer la stabilit\u00e9 et la s\u00e9curit\u00e9<\/li>\n<li>Excellent support client avec des forums d\u00e9di\u00e9s, une documentation et un support par e-mail.<\/li>\n<\/ul>\n","protected":false},"excerpt":{"rendered":"<p>Borlabs Cookie est un logiciel incroyable et convivial qui vous permet de g\u00e9rer facilement les cookies sur votre site Web. Un outil incontournable pour tout propri\u00e9taire de site Web, ce logiciel garantit que votre site Web est conforme au RGPD, vous aidant \u00e0 \u00e9viter les probl\u00e8mes juridiques potentiels. Avec Borlabs Cookie, vous avez un contr\u00f4le total sur tous les cookies utilis\u00e9s par votre site Web, vous permettant de les classer, de fournir des descriptions d\u00e9taill\u00e9es et de les activer ou de les d\u00e9sactiver en fonction des pr\u00e9f\u00e9rences des utilisateurs. Cela am\u00e9liore non seulement l&rsquo;exp\u00e9rience utilisateur, mais renforce \u00e9galement la confiance entre vos visiteurs. Le logiciel est compatible avec n&rsquo;importe quel th\u00e8me WordPress et comprend diverses options de style pour correspondre \u00e0 la conception de votre site Web. De plus, il prend en charge plusieurs langues, ce qui le rend id\u00e9al pour les sites Web internationaux. Donc, si vous appr\u00e9ciez la conformit\u00e9 de votre site Web et la confidentialit\u00e9 de vos utilisateurs, choisissez Borlabs Cookie d\u00e8s aujourd&rsquo;hui!<\/p>\n","protected":false},"featured_media":143306,"comment_status":"open","ping_status":"closed","template":"","meta":[],"product_brand":[2478],"product_cat":[1187,1181,1186],"product_tag":[2182],"class_list":{"0":"post-114915","1":"product","2":"type-product","3":"status-publish","4":"has-post-thumbnail","6":"product_brand-borlabs","7":"product_cat-administration-wordpress-plugins","8":"product_cat-plugins","9":"product_cat-wordpress-plugins","10":"product_tag-borlabs","11":"member-discount","12":"discount-restricted","14":"first","15":"instock","16":"sale","17":"downloadable","18":"virtual","19":"sold-individually","20":"purchasable","21":"product-type-simple"},"_links":{"self":[{"href":"https:\/\/gpl-love.com\/fr\/wp-json\/wp\/v2\/product\/114915","targetHints":{"allow":["GET"]}}],"collection":[{"href":"https:\/\/gpl-love.com\/fr\/wp-json\/wp\/v2\/product"}],"about":[{"href":"https:\/\/gpl-love.com\/fr\/wp-json\/wp\/v2\/types\/product"}],"replies":[{"embeddable":true,"href":"https:\/\/gpl-love.com\/fr\/wp-json\/wp\/v2\/comments?post=114915"}],"wp:featuredmedia":[{"embeddable":true,"href":"https:\/\/gpl-love.com\/fr\/wp-json\/wp\/v2\/media\/143306"}],"wp:attachment":[{"href":"https:\/\/gpl-love.com\/fr\/wp-json\/wp\/v2\/media?parent=114915"}],"wp:term":[{"taxonomy":"product_brand","embeddable":true,"href":"https:\/\/gpl-love.com\/fr\/wp-json\/wp\/v2\/product_brand?post=114915"},{"taxonomy":"product_cat","embeddable":true,"href":"https:\/\/gpl-love.com\/fr\/wp-json\/wp\/v2\/product_cat?post=114915"},{"taxonomy":"product_tag","embeddable":true,"href":"https:\/\/gpl-love.com\/fr\/wp-json\/wp\/v2\/product_tag?post=114915"}],"curies":[{"name":"wp","href":"https:\/\/api.w.org\/{rel}","templated":true}]}}