{"id":114913,"date":"2025-06-12T00:00:00","date_gmt":"2025-06-11T22:00:00","guid":{"rendered":"http:\/\/gpl-love.com\/fr\/produit\/edukul-online-courses-wordpress-theme\/"},"modified":"2026-03-20T23:02:55","modified_gmt":"2026-03-20T22:02:55","slug":"edukul-online-courses-wordpress-theme","status":"publish","type":"product","link":"https:\/\/gpl-love.com\/fr\/produit\/edukul-online-courses-wordpress-theme\/","title":{"rendered":"Edukul Online Courses WordPress Theme 1.32"},"content":{"rendered":"<h3>Edukul Online Courses WordPress Theme Traits<\/h3>\n<p>Les cours en ligne d&rsquo;Edukul WordPress ont une impressionnante gamme de composants puissants et riches en fonctionnalit\u00e9s, m\u00e9ticuleusement adapt\u00e9s aux besoins uniques des \u00e9tablissements d&rsquo;enseignement qui offrent des cours en ligne. Ce th\u00e8me exceptionnel offre des options de personnalisation in\u00e9gal\u00e9es, et sa vaste collection de dispositions \u00e9l\u00e9gantes et professionnelles r\u00e9pond sp\u00e9cifiquement aux demandes des sites Web \u00e9ducatifs. Sa r\u00e9activit\u00e9 garantit une exp\u00e9rience utilisateur transparente sur tous les appareils, garantissant aux apprenants un voyage exceptionnel. De plus, Edukul int\u00e8gre une myriade de fonctionnalit\u00e9s inestimables, comme un syst\u00e8me de gestion de cours sophistiqu\u00e9, des outils d&rsquo;enseignement en ligne de pointe et une int\u00e9gration de commerce \u00e9lectronique transparente. Cette fusion compl\u00e8te le rend le choix ultime pour les \u00e9tablissements d&rsquo;enseignement qui cherchent \u00e0 offrir \u00e0 leurs \u00e9tudiants une exp\u00e9rience d&rsquo;apprentissage en ligne exhaustive mais tr\u00e8s efficace. Que vous repr\u00e9sentiez une universit\u00e9 prestigieuse, un coll\u00e8ge renomm\u00e9 ou un centre de formation tr\u00e8s appr\u00e9ci\u00e9, Edukul vous offre sans effort tous les outils n\u00e9cessaires pour \u00e9tablir une plate-forme d&rsquo;apprentissage en ligne captivante et triomphante.<\/p>\n<ul>\n<li>Th\u00e8me WordPress enti\u00e8rement personnalisable et convivial con\u00e7u sp\u00e9cifiquement pour les cours en ligne<\/li>\n<li>Options pour cr\u00e9er diff\u00e9rents types de cours avec diverses mises en page et choix de formatage<\/li>\n<li>Capacit\u00e9 \u00e0 mettre en \u0153uvre des fonctionnalit\u00e9s interactives telles que les quiz, les vid\u00e9os et les discussions pour am\u00e9liorer l&rsquo;exp\u00e9rience d&rsquo;apprentissage<\/li>\n<li>Int\u00e9gration de paiement et d&rsquo;enregistrement, y compris le support pour PayPal, Stripe et autres passerelles de paiement<\/li>\n<li>Optimisation de r\u00e9f\u00e9rencement int\u00e9gr\u00e9e pour aider votre site Web \u00e0 se classer plus haut dans les moteurs de recherche<\/li>\n<li>La conception sensible aux mobiles garantit que vos cours sont accessibles \u00e0 tout moment, n&rsquo;importe o\u00f9<\/li>\n<li>G\u00e9rer facilement plusieurs instructeurs et \u00e9tudiants avec des outils administratifs intuitifs<\/li>\n<li>Installation et configuration rapides et faciles avec une documentation utile et un support client<\/li>\n<\/ul>\n","protected":false},"excerpt":{"rendered":"<p>Edukul, un th\u00e8me WordPress exceptionnellement r\u00e9actif sp\u00e9cialement con\u00e7u pour les sites Web d&rsquo;\u00e9ducation et de cours en ligne, poss\u00e8de une multitude d&rsquo;attributs avantageux. Son interface conviviale, ainsi que ses fonctionnalit\u00e9s personnalisables et ses mod\u00e8les pr\u00e9d\u00e9finis, r\u00e9pondent aux divers besoins de diverses niches de cours en ligne. De plus, ce th\u00e8me s&rsquo;int\u00e8gre parfaitement aux plugins du syst\u00e8me de gestion d&rsquo;apprentissage populaire (LMS), garantissant une utilisation sans effort. De plus, Edukul fournit un support multim\u00e9dia robuste et optimise la vitesse de chargement, ce qui le rend exceptionnellement adapt\u00e9 aux novices et aux utilisateurs assaisonn\u00e9s. En tirant parti des capacit\u00e9s d&rsquo;Edukul, vous pouvez construire sans effort une plate-forme extr\u00eamement professionnelle et captivante \u00e0 travers laquelle vous pouvez diffuser du contenu d&rsquo;apprentissage en ligne aux \u00e9tudiants dispers\u00e9s \u00e0 travers le monde.<\/p>\n","protected":false},"featured_media":143676,"comment_status":"open","ping_status":"open","template":"","meta":[],"product_brand":[2433],"product_cat":[1242,1212,1213],"product_tag":[1366],"class_list":{"0":"post-114913","1":"product","2":"type-product","3":"status-publish","4":"has-post-thumbnail","6":"product_brand-themeforest","7":"product_cat-creatif","8":"product_cat-themes","9":"product_cat-wordpress-themes","10":"product_tag-themeforest","11":"member-discount","12":"discount-restricted","14":"first","15":"instock","16":"sale","17":"downloadable","18":"virtual","19":"sold-individually","20":"purchasable","21":"product-type-simple"},"_links":{"self":[{"href":"https:\/\/gpl-love.com\/fr\/wp-json\/wp\/v2\/product\/114913","targetHints":{"allow":["GET"]}}],"collection":[{"href":"https:\/\/gpl-love.com\/fr\/wp-json\/wp\/v2\/product"}],"about":[{"href":"https:\/\/gpl-love.com\/fr\/wp-json\/wp\/v2\/types\/product"}],"replies":[{"embeddable":true,"href":"https:\/\/gpl-love.com\/fr\/wp-json\/wp\/v2\/comments?post=114913"}],"wp:featuredmedia":[{"embeddable":true,"href":"https:\/\/gpl-love.com\/fr\/wp-json\/wp\/v2\/media\/143676"}],"wp:attachment":[{"href":"https:\/\/gpl-love.com\/fr\/wp-json\/wp\/v2\/media?parent=114913"}],"wp:term":[{"taxonomy":"product_brand","embeddable":true,"href":"https:\/\/gpl-love.com\/fr\/wp-json\/wp\/v2\/product_brand?post=114913"},{"taxonomy":"product_cat","embeddable":true,"href":"https:\/\/gpl-love.com\/fr\/wp-json\/wp\/v2\/product_cat?post=114913"},{"taxonomy":"product_tag","embeddable":true,"href":"https:\/\/gpl-love.com\/fr\/wp-json\/wp\/v2\/product_tag?post=114913"}],"curies":[{"name":"wp","href":"https:\/\/api.w.org\/{rel}","templated":true}]}}