{"id":114911,"date":"2025-06-13T00:00:00","date_gmt":"2025-06-12T22:00:00","guid":{"rendered":"http:\/\/gpl-love.com\/fr\/produit\/agrikole-responsive-wordpress-theme-pour-agriculture-et-farming\/"},"modified":"2026-03-20T22:54:09","modified_gmt":"2026-03-20T21:54:09","slug":"agrikole-responsive-wordpress-theme-pour-agriculture-et-farming","status":"publish","type":"product","link":"https:\/\/gpl-love.com\/fr\/produit\/agrikole-responsive-wordpress-theme-pour-agriculture-et-farming\/","title":{"rendered":"Agrikole Responsive WordPress Th\u00e8me pour Agriculture et Farming 1.27"},"content":{"rendered":"<h3>Agrikole Responsive WordPress Th\u00e8me pour Agriculture et Farming Traits<\/h3>\n<p>Le th\u00e8me WordPress r\u00e9actif Agrikole s&rsquo;av\u00e8re \u00eatre une solution impeccable pour les sites Web de l&rsquo;agriculture et de l&rsquo;agriculture. Il pr\u00e9sente la polyvalence et la puissance \u00e0 travers son large \u00e9ventail de fonctionnalit\u00e9s et de fonctionnalit\u00e9s. Avec sa r\u00e9activit\u00e9 compl\u00e8te et sa personnalisation, Agrikole s&rsquo;adapte sans effort \u00e0 toutes les tailles et appareils d&rsquo;\u00e9cran. Pr\u00e9sentant un design \u00e9l\u00e9gant et contemporain avec une touche de professionnalisme, ce th\u00e8me permet aux agriculteurs et aux entreprises d&rsquo;agriculture de pr\u00e9senter efficacement leurs produits et services. La nature conviviale d&rsquo;Agrikole est encore am\u00e9lior\u00e9e par son constructeur de page de glisser-d\u00e9poser, les widgets personnalisables, les styles d&rsquo;en-t\u00eate et de pied de page et une vaste gamme d&rsquo;autres outils. De plus, il s&rsquo;int\u00e8gre parfaitement \u00e0 des plugins populaires comme WooCommerce, Contact Form 7 et MailChimp. En tirant parti des capacit\u00e9s d&rsquo;Agrikole, vous pouvez \u00e9laborer sans effort un site Web captivant qui captivera et engagera le public souhait\u00e9, ce qui entra\u00eenera finalement une augmentation du trafic et des ventes pour votre entreprise.<\/p>\n<ul>\n<li>Un th\u00e8me WordPress premium con\u00e7u sp\u00e9cifiquement pour l&rsquo;industrie agricole et agricole<\/li>\n<li>Con\u00e7u en raison pour une visualisation optimale sur les ordinateurs de bureau, les tablettes et les appareils mobiles<\/li>\n<li>Des options de personnalisation faciles vous permettant d&rsquo;ajuster la disposition et le sch\u00e9ma de couleurs pour s&rsquo;adapter \u00e0 votre marque<\/li>\n<li>Plusieurs dispositions de page d&rsquo;accueil pr\u00e9d\u00e9finies con\u00e7ues pour pr\u00e9senter vos produits et services<\/li>\n<li>Formulaires de contact int\u00e9gr\u00e9s et int\u00e9gration Google Maps pour vous permettre de trouver et de vous atteindre facilement<\/li>\n<li>Int\u00e9gration compl\u00e8te avec WooCommerce pour vendre facilement vos produits en ligne<\/li>\n<li>SEO optimis\u00e9 pour aider \u00e0 am\u00e9liorer le classement des moteurs de recherche de votre site Web<\/li>\n<li>Mises \u00e0 jour r\u00e9guli\u00e8res et assistance d\u00e9di\u00e9e pour vous assurer que votre site Web reste \u00e0 jour et fonctionne bien<\/li>\n<li>Compatible avec une large gamme de plugins WordPress populaires, vous offrant encore plus de flexibilit\u00e9 et de fonctionnalit\u00e9<\/li>\n<\/ul>\n","protected":false},"excerpt":{"rendered":"<p>Immergez-vous dans le monde de l&rsquo;agriculture et de l&rsquo;agriculture avec notre th\u00e8me WordPress r\u00e9actif Agrikole. Con\u00e7u sp\u00e9cifiquement pour l&rsquo;industrie agricole, ce th\u00e8me regorge de fonctionnalit\u00e9s pour am\u00e9liorer votre pr\u00e9sence en ligne. Donnez vie \u00e0 votre entreprise agricole avec notre conception intuitive et tr\u00e8s r\u00e9active qui s&rsquo;adapte de mani\u00e8re transparente \u00e0 n&rsquo;importe quel appareil, garantissant que votre site Web sera \u00e9tonnant sur le bureau et le mobile. Agrikole n&rsquo;est pas seulement visuellement agr\u00e9able, mais offre \u00e9galement une multitude d&rsquo;avantages pour votre entreprise. En tant que WordPress, il vous permet de g\u00e9rer votre contenu facilement et efficacement, de vous faire gagner du temps et des ressources. Ce th\u00e8me int\u00e8gre \u00e9galement des fonctionnalit\u00e9s adapt\u00e9es au r\u00e9f\u00e9rencement, contribuant \u00e0 augmenter votre visibilit\u00e9 sur les r\u00e9sultats des moteurs de recherche et, finalement, g\u00e9n\u00e9rer plus de trafic vers votre site. Intensifiez votre strat\u00e9gie num\u00e9rique avec notre th\u00e8me WordPress sensible \u00e0 Agrikole &#8211; la solution id\u00e9ale pour votre entreprise agricole et agricole.<\/p>\n","protected":false},"featured_media":143098,"comment_status":"open","ping_status":"open","template":"","meta":[],"product_brand":[2433],"product_cat":[1606,1212,1213],"product_tag":[1366],"class_list":{"0":"post-114911","1":"product","2":"type-product","3":"status-publish","4":"has-post-thumbnail","6":"product_brand-themeforest","7":"product_cat-restauration-et-restaurant","8":"product_cat-themes","9":"product_cat-wordpress-themes","10":"product_tag-themeforest","11":"member-discount","12":"discount-restricted","14":"first","15":"instock","16":"sale","17":"downloadable","18":"virtual","19":"sold-individually","20":"purchasable","21":"product-type-simple"},"_links":{"self":[{"href":"https:\/\/gpl-love.com\/fr\/wp-json\/wp\/v2\/product\/114911","targetHints":{"allow":["GET"]}}],"collection":[{"href":"https:\/\/gpl-love.com\/fr\/wp-json\/wp\/v2\/product"}],"about":[{"href":"https:\/\/gpl-love.com\/fr\/wp-json\/wp\/v2\/types\/product"}],"replies":[{"embeddable":true,"href":"https:\/\/gpl-love.com\/fr\/wp-json\/wp\/v2\/comments?post=114911"}],"wp:featuredmedia":[{"embeddable":true,"href":"https:\/\/gpl-love.com\/fr\/wp-json\/wp\/v2\/media\/143098"}],"wp:attachment":[{"href":"https:\/\/gpl-love.com\/fr\/wp-json\/wp\/v2\/media?parent=114911"}],"wp:term":[{"taxonomy":"product_brand","embeddable":true,"href":"https:\/\/gpl-love.com\/fr\/wp-json\/wp\/v2\/product_brand?post=114911"},{"taxonomy":"product_cat","embeddable":true,"href":"https:\/\/gpl-love.com\/fr\/wp-json\/wp\/v2\/product_cat?post=114911"},{"taxonomy":"product_tag","embeddable":true,"href":"https:\/\/gpl-love.com\/fr\/wp-json\/wp\/v2\/product_tag?post=114911"}],"curies":[{"name":"wp","href":"https:\/\/api.w.org\/{rel}","templated":true}]}}