{"id":114909,"date":"2024-02-12T00:00:00","date_gmt":"2024-02-11T23:00:00","guid":{"rendered":"http:\/\/gpl-love.com\/fr\/produit\/nusafe-responsive-wordpress-theme-pour-donation-et-charity\/"},"modified":"2026-04-10T18:34:53","modified_gmt":"2026-04-10T16:34:53","slug":"nusafe-responsive-wordpress-theme-pour-donation-et-charity","status":"publish","type":"product","link":"https:\/\/gpl-love.com\/fr\/produit\/nusafe-responsive-wordpress-theme-pour-donation-et-charity\/","title":{"rendered":"Nusafe Responsive WordPress Th\u00e8me pour Donation et Charity 1.22"},"content":{"rendered":"<h3>Nusafe Responsive WordPress Th\u00e8me pour Donation et Charity Traits<\/h3>\n<p>Le th\u00e8me WordPress r\u00e9actif de Nusafe pour le don et la charit\u00e9 est un th\u00e8me incroyablement polyvalent et exceptionnellement convivial qui offre une exp\u00e9rience transparente en mati\u00e8re de collecte de fonds et de don de charit\u00e9. Sa conception r\u00e9active et ses dispositions hautement personnalisables en font un r\u00eave absolu pour les organisations \u00e0 but non lucratif, les fondations caritatives et m\u00eame les collectes de fonds individuelles. Ce th\u00e8me extraordinaire est \u00e9quip\u00e9 d&rsquo;un syst\u00e8me de dons navigables sans effort, permettant efficacement aux visiteurs de contribuer directement \u00e0 votre noble cause. Sans oublier, Nusafe poss\u00e8de \u00e9galement un tableau de pages et de sections pr\u00e9d\u00e9finies, y compris, mais sans s&rsquo;y limiter, une page \u00ab\u00a0\u00e0 propos de nous\u00a0\u00bb perspicace, une section d&rsquo;\u00e9v\u00e9nements engageants et une page \u00ab\u00a0Contactez-nous\u00a0\u00bb facilement accessible. Ces composants pr\u00e9existants peuvent \u00eatre adapt\u00e9s sans effort pour correspondre \u00e0 la marque unique de votre organisation et transmettre efficacement votre message. Que votre objectif soit de collecter avec succ\u00e8s des fonds pour un projet sp\u00e9cifique ou d&rsquo;\u00e9tablir une campagne de collecte de fonds \u00e0 long terme et durable, le th\u00e8me WordPress r\u00e9actif de Nusafe poss\u00e8de vraiment tous les outils et fonctionnalit\u00e9s n\u00e9cessaires n\u00e9cessaires pour relancer votre parcours philanthropique.<\/p>\n<ul>\n<li>Th\u00e8me WordPress magnifiquement con\u00e7u avec un accent sur les dons et la charit\u00e9<\/li>\n<li>Conception enti\u00e8rement r\u00e9active qui a fi\u00e8re allure sur tous les appareils<\/li>\n<li>Page de page intuitive pour une personnalisation facile de la mise en page et du contenu<\/li>\n<li>Plusieurs options de dons, y compris PayPal, Stripe et Passerelles de paiement personnalis\u00e9es<\/li>\n<li>Syst\u00e8me de gestion des dons int\u00e9gr\u00e9s pour suivre et g\u00e9rer les dons<\/li>\n<li>Sections d\u00e9di\u00e9es pour pr\u00e9senter la mission, l&rsquo;\u00e9quipe et l&rsquo;impact de votre organisation<\/li>\n<li>Int\u00e9gration avec des plugins populaires comme le formulaire de contact 7, Yoast SEO et WooCommerce<\/li>\n<li>Importation de d\u00e9monstration en un clic pour une configuration rapide et une personnalisation sans effort<\/li>\n<li>Compatibilit\u00e9 avec les plugins WordPress populaires comme Give, Charitable et plus<\/li>\n<li>Mises \u00e0 jour r\u00e9guli\u00e8res et \u00e9quipe d&rsquo;assistance d\u00e9di\u00e9e pour vous assurer que votre site Web reste en bon fonctionnement.<\/li>\n<\/ul>\n","protected":false},"excerpt":{"rendered":"<p>Nusafe est un th\u00e8me WordPress exceptionnellement r\u00e9actif qui a \u00e9t\u00e9 exclusivement adapt\u00e9 aux sites Web de dons et de charit\u00e9, leur offrant une plate-forme unique et visuellement attrayante pour promouvoir leurs nobles causes et d\u00e9montrer l&rsquo;impact profond qu&rsquo;ils ont sur la soci\u00e9t\u00e9. Poss\u00e9dant une conception exquise et de pointe, Nusafe permet sans effort les organisations de pr\u00e9senter efficacement leur mission et l&rsquo;influence significative qu&rsquo;ils ont sur le monde qui les entoure. De plus, ce th\u00e8me s&rsquo;int\u00e8gre de mani\u00e8re transparente \u00e0 WooCommerce, facilitant ainsi le traitement en douceur des dons et garantissant une exp\u00e9rience utilisateur rationalis\u00e9e pour les donateurs. De plus, Nusafe a \u00e9t\u00e9 m\u00e9ticuleusement optimis\u00e9 pour am\u00e9liorer sa vitesse et atteindre des classements de moteurs de recherche plus \u00e9lev\u00e9s, renfor\u00e7ant davantage la visibilit\u00e9 et l&rsquo;accessibilit\u00e9 en ligne de ces institutions caritatives. De plus, Nusafe poss\u00e8de une flexibilit\u00e9 remarquable en termes de personnalisation, permettant aux utilisateurs de personnaliser leurs sites Web conform\u00e9ment \u00e0 leurs exigences et pr\u00e9f\u00e9rences uniques. Avec une vaste gamme de pages et de fonctionnalit\u00e9s pr\u00e9d\u00e9finies \u00e0 leur disposition, y compris des outils de gestion de donateurs de pointe, des calendriers d&rsquo;\u00e9v\u00e9nements complets et des formulaires de b\u00e9n\u00e9volat pratiques, les organisations caritatives peuvent \u00e9tablir sans effort une pr\u00e9sence en ligne professionnelle et percutante. En conclusion, Nusafe sert d&rsquo;outil indispensable pour cr\u00e9er une plate-forme en ligne convaincante et efficace pour les organisations et les organismes de bienfaisance \u00e0 but non lucratif, leur permettant de communiquer efficacement leurs objectifs et de provoquer un changement positif dans le monde.<\/p>\n","protected":false},"featured_media":144831,"comment_status":"open","ping_status":"open","template":"","meta":[],"product_brand":[2433],"product_cat":[1242,1212,1213],"product_tag":[1366],"class_list":{"0":"post-114909","1":"product","2":"type-product","3":"status-publish","4":"has-post-thumbnail","6":"product_brand-themeforest","7":"product_cat-creatif","8":"product_cat-themes","9":"product_cat-wordpress-themes","10":"product_tag-themeforest","11":"member-discount","12":"discount-restricted","14":"first","15":"instock","16":"sale","17":"downloadable","18":"virtual","19":"sold-individually","20":"purchasable","21":"product-type-simple"},"_links":{"self":[{"href":"https:\/\/gpl-love.com\/fr\/wp-json\/wp\/v2\/product\/114909","targetHints":{"allow":["GET"]}}],"collection":[{"href":"https:\/\/gpl-love.com\/fr\/wp-json\/wp\/v2\/product"}],"about":[{"href":"https:\/\/gpl-love.com\/fr\/wp-json\/wp\/v2\/types\/product"}],"replies":[{"embeddable":true,"href":"https:\/\/gpl-love.com\/fr\/wp-json\/wp\/v2\/comments?post=114909"}],"wp:featuredmedia":[{"embeddable":true,"href":"https:\/\/gpl-love.com\/fr\/wp-json\/wp\/v2\/media\/144831"}],"wp:attachment":[{"href":"https:\/\/gpl-love.com\/fr\/wp-json\/wp\/v2\/media?parent=114909"}],"wp:term":[{"taxonomy":"product_brand","embeddable":true,"href":"https:\/\/gpl-love.com\/fr\/wp-json\/wp\/v2\/product_brand?post=114909"},{"taxonomy":"product_cat","embeddable":true,"href":"https:\/\/gpl-love.com\/fr\/wp-json\/wp\/v2\/product_cat?post=114909"},{"taxonomy":"product_tag","embeddable":true,"href":"https:\/\/gpl-love.com\/fr\/wp-json\/wp\/v2\/product_tag?post=114909"}],"curies":[{"name":"wp","href":"https:\/\/api.w.org\/{rel}","templated":true}]}}