{"id":114907,"date":"2023-01-13T00:00:00","date_gmt":"2023-01-12T23:00:00","guid":{"rendered":"http:\/\/gpl-love.com\/fr\/produit\/pixzlo-creative-theme-pour-professionals\/"},"modified":"2026-04-10T18:36:39","modified_gmt":"2026-04-10T16:36:39","slug":"pixzlo-creative-theme-pour-professionals","status":"publish","type":"product","link":"https:\/\/gpl-love.com\/fr\/produit\/pixzlo-creative-theme-pour-professionals\/","title":{"rendered":"Pixzlo Creative Th\u00e8me pour Professionals 1.1.7"},"content":{"rendered":"<h3>Pixzlo Creative Th\u00e8me pour Professionals Traits<\/h3>\n<p>Pixzlo Creative Th\u00e8me pour les professionnels est un th\u00e8me WordPress premium et m\u00e9ticuleusement con\u00e7u qui a \u00e9t\u00e9 sp\u00e9cifiquement adapt\u00e9 pour r\u00e9pondre aux besoins et aux exigences des professionnels cr\u00e9atifs qui cherchent \u00e0 \u00e9tablir une pr\u00e9sence en ligne captivante et \u00e0 couper le souffle. B\u00e9n\u00e9ficiant d&rsquo;un design \u00e9l\u00e9gant et contemporain qui est tenu de captiver et de saisir, Pixzlo offre une vaste gamme de fonctionnalit\u00e9s et d&rsquo;options personnalisables qui sont manipulables sans effort, ce qui en fait un choix id\u00e9al pour les entreprises, les pigistes et les cr\u00e9ations de toutes les persuasions. Rempli \u00e0 ras bord d&rsquo;une abondance d&rsquo;outils et de fonctionnalit\u00e9s puissants qui ne peuvent pas laisser une impression durable, Pixzlo est \u00e9quip\u00e9 d&rsquo;une disposition r\u00e9active qui garantit des performances et une convivialit\u00e9 optimales sur un \u00e9ventail diversifi\u00e9 d&rsquo;appareils et de plates-formes, tandis que l&rsquo;inclusion de la r\u00e9tine pour la r\u00e9tine Les graphiques garantissent que votre site Web pr\u00e9sentera des visuels incroyablement nets et \u00e0 couper le souffle. De plus, l&rsquo;assortiment infini d&rsquo;options de couleurs que Pixzlo offre vous offre la possibilit\u00e9 de lib\u00e9rer votre flair cr\u00e9atif et de construire un site Web vraiment unique et distinctif qui ne laissera pas une impression durable sur vos visiteurs. Que vous soyez originaire des domaines de la conception, de la photographie ou de l&rsquo;entrepreneuriat, le th\u00e8me cr\u00e9atif Pixzlo pour les professionnels sert de solution par excellence pour pr\u00e9senter efficacement votre travail et construire une formidable marque en ligne qui est pr\u00eate \u00e0 laisser une marque ind\u00e9l\u00e9bile sur votre public cible.<\/p>\n<ul>\n<li>Th\u00e8me de haute qualit\u00e9 con\u00e7u pour les professionnels cr\u00e9atifs<\/li>\n<li>Convient \u00e0 un large \u00e9ventail d&rsquo;utilisations, y compris des sites Web de portefeuille, des blogs et des sites de commerce \u00e9lectronique<\/li>\n<li>Enti\u00e8rement personnalisable avec des options de disposition flexibles et plus de 130 mod\u00e8les pr\u00e9-con\u00e7us<\/li>\n<li>Compatible avec une gamme de plugins WordPress populaires pour des fonctionnalit\u00e9s suppl\u00e9mentaires<\/li>\n<li>La conception adapt\u00e9e aux mobiles garantit une exp\u00e9rience utilisateur transparente sur tous les appareils<\/li>\n<li>Construit avec les meilleures pratiques SEO pour am\u00e9liorer les classements des moteurs de recherche<\/li>\n<li>Une documentation approfondie et des mises \u00e0 jour r\u00e9guli\u00e8res garantissent des fonctionnalit\u00e9s et un support \u00e0 long terme<\/li>\n<li>Comprend des fonctionnalit\u00e9s premium telles qu&rsquo;un constructeur de pages \u00e0 glisser-d\u00e9poser et un plugin de r\u00e9volution de slider<\/li>\n<li>\u00c9quipe de support d\u00e9di\u00e9e disponible pour r\u00e9pondre \u00e0 tous les probl\u00e8mes ou besoins de personnalisation<\/li>\n<li>Acc\u00e8s \u00e0 vie \u00e0 toutes les mises \u00e0 jour et support client inclus avec l&rsquo;achat<\/li>\n<\/ul>\n","protected":false},"excerpt":{"rendered":"<p>Le th\u00e8me cr\u00e9atif Pixzlo pour les professionnels est un th\u00e8me WordPress tr\u00e8s flexible et esth\u00e9tique qui s&rsquo;adresse sp\u00e9cifiquement aux individus dans le domaine cr\u00e9atif. B\u00e9n\u00e9ficiant d&rsquo;une disposition rationalis\u00e9e et contemporaine, Pixzlo fournit des visuels \u00e0 couper le souffle et une interface utilisateur \u00e9pur\u00e9e qui captivera certainement votre public cible. Id\u00e9al pour pr\u00e9senter votre portfolio, blog ou entreprise, ce th\u00e8me propose un large \u00e9ventail d&rsquo;options de personnalisation et int\u00e8gre de mani\u00e8re transparente des fonctionnalit\u00e9s essentielles telles que la compatibilit\u00e9 WooCommerce, la conception r\u00e9active et les widgets personnalisables. Que vous vous identifiiez en tant que designer, photographe, marketing ou pigiste, Pixzlo englobe tous les \u00e9l\u00e9ments n\u00e9cessaires pour \u00e9lever votre pr\u00e9sence en ligne \u00e0 des hauteurs sans pr\u00e9c\u00e9dent.<\/p>\n","protected":false},"featured_media":144990,"comment_status":"open","ping_status":"open","template":"","meta":[],"product_brand":[2433],"product_cat":[1214,1212,1213],"product_tag":[1366],"class_list":{"0":"post-114907","1":"product","2":"type-product","3":"status-publish","4":"has-post-thumbnail","6":"product_brand-themeforest","7":"product_cat-polyvalent","8":"product_cat-themes","9":"product_cat-wordpress-themes","10":"product_tag-themeforest","11":"member-discount","12":"discount-restricted","14":"first","15":"instock","16":"sale","17":"downloadable","18":"virtual","19":"sold-individually","20":"purchasable","21":"product-type-simple"},"_links":{"self":[{"href":"https:\/\/gpl-love.com\/fr\/wp-json\/wp\/v2\/product\/114907","targetHints":{"allow":["GET"]}}],"collection":[{"href":"https:\/\/gpl-love.com\/fr\/wp-json\/wp\/v2\/product"}],"about":[{"href":"https:\/\/gpl-love.com\/fr\/wp-json\/wp\/v2\/types\/product"}],"replies":[{"embeddable":true,"href":"https:\/\/gpl-love.com\/fr\/wp-json\/wp\/v2\/comments?post=114907"}],"wp:featuredmedia":[{"embeddable":true,"href":"https:\/\/gpl-love.com\/fr\/wp-json\/wp\/v2\/media\/144990"}],"wp:attachment":[{"href":"https:\/\/gpl-love.com\/fr\/wp-json\/wp\/v2\/media?parent=114907"}],"wp:term":[{"taxonomy":"product_brand","embeddable":true,"href":"https:\/\/gpl-love.com\/fr\/wp-json\/wp\/v2\/product_brand?post=114907"},{"taxonomy":"product_cat","embeddable":true,"href":"https:\/\/gpl-love.com\/fr\/wp-json\/wp\/v2\/product_cat?post=114907"},{"taxonomy":"product_tag","embeddable":true,"href":"https:\/\/gpl-love.com\/fr\/wp-json\/wp\/v2\/product_tag?post=114907"}],"curies":[{"name":"wp","href":"https:\/\/api.w.org\/{rel}","templated":true}]}}