{"id":114905,"date":"2021-05-06T00:00:00","date_gmt":"2021-05-05T22:00:00","guid":{"rendered":"http:\/\/gpl-love.com\/fr\/produit\/veneno-coronavirus-information-wordpress-theme\/"},"modified":"2026-04-10T18:44:56","modified_gmt":"2026-04-10T16:44:56","slug":"veneno-coronavirus-information-wordpress-theme","status":"publish","type":"product","link":"https:\/\/gpl-love.com\/fr\/produit\/veneno-coronavirus-information-wordpress-theme\/","title":{"rendered":"Veneno Coronavirus Information WordPress Theme 1.6"},"content":{"rendered":"<h3>Veneno Coronavirus Information WordPress Theme Traits<\/h3>\n<p>Le th\u00e8me WordPress d&rsquo;informations Veneno Coronavirus se pr\u00e9sente comme une r\u00e9solution tr\u00e8s appropri\u00e9e pour les sites Web d&rsquo;information cherchant \u00e0 fournir \u00e0 leurs lecteurs les mises \u00e0 jour les plus r\u00e9centes et les plus pertinentes concernant la pand\u00e9mie en cours. Ce th\u00e8me poss\u00e8de une vaste gamme de fonctionnalit\u00e9s, englobant des dispositions personnalisables, une pl\u00e9thore d&rsquo;options d&rsquo;en-t\u00eate et une fonction de recherche en direct avanc\u00e9e qui facilite efficacement les utilisateurs dans leur qu\u00eate pour acqu\u00e9rir les informations souhait\u00e9es. De plus, il int\u00e8gre des sections m\u00e9ticuleusement construites sp\u00e9cialement con\u00e7ues pour pr\u00e9senter des statistiques pertinentes, des cartes interactives et un assortiment d&rsquo;articles de presse concernant Covid-19. Avec son interface intuitivement navigable et son design exceptionnellement adaptable, le th\u00e8me WordPress d&rsquo;informations Veneno Coronavirus appara\u00eet comme un choix exceptionnel pour tout site Web qui s&rsquo;efforce non seulement de garder leurs visiteurs bien inform\u00e9s, mais \u00e9galement activement engag\u00e9s au milieu des difficult\u00e9s des temps actuels.<\/p>\n<ul>\n<li>Th\u00e8me WordPress professionnel con\u00e7u pour les sites Web d&rsquo;information du coronavirus<\/li>\n<li>Design moderne et \u00e9l\u00e9gant, en mettant l&rsquo;accent sur la convivialit\u00e9 et la fonctionnalit\u00e9<\/li>\n<li>Multipliers de page d&rsquo;accueil, notamment le curseur, la carte interactive, la grille d&rsquo;actualit\u00e9s et plus<\/li>\n<li>Enti\u00e8rement personnalisable avec un panneau d&rsquo;options faciles \u00e0 utiliser, des sch\u00e9mas de couleurs et des param\u00e8tres de typographie<\/li>\n<li>Les statistiques et les widgets de donn\u00e9es Covid-19 int\u00e9gr\u00e9s, mis \u00e0 jour en temps r\u00e9el<\/li>\n<li>Pages d\u00e9di\u00e9es aux sympt\u00f4mes de Covid-19, de pr\u00e9vention et d&rsquo;informations sur le traitement<\/li>\n<li>Coronavirus News Section avec des cat\u00e9gories et des options de filtrage pr\u00e9d\u00e9finies<\/li>\n<li>Fonctionnalit\u00e9 de navigation et de recherche conviviale pour une exploration facile du site<\/li>\n<li>Int\u00e9gration transparente avec des plugins populaires, notamment WooCommerce, Contact Form 7, et plus<\/li>\n<li>L\u00e9ger et \u00e0 chargement rapide, optimis\u00e9 pour la vitesse et les performances<\/li>\n<\/ul>\n","protected":false},"excerpt":{"rendered":"<p>Le th\u00e8me WordPress d&rsquo;informations Veneno Coronavirus, qui a \u00e9t\u00e9 ing\u00e9nieusement con\u00e7u et soigneusement d\u00e9velopp\u00e9, r\u00e9pond aux besoins des sites Web d\u00e9di\u00e9s \u00e0 la diffusion d&rsquo;informations relatives \u00e0 la pand\u00e9mie covide-19 en constante \u00e9volution. Boasting an immaculate and contemporary design, this theme grants users access to an extensive array of customizable attributes, encompassing an assortment of homepage layouts, headers and footers that can be tailored to suit individual preferences, as well as a plethora of advanced theme options to further Am\u00e9liorez l&rsquo;exp\u00e9rience utilisateur globale. Que ce soit un professionnel de la sant\u00e9 ou une organisation des m\u00e9dias, tous deux cherchant \u00e0 transmettre des informations \u00e0 la minute et pr\u00e9cises concernant le virus, le th\u00e8me de l&rsquo;information Veneno Coronavirus WordPress est un choix in\u00e9gal\u00e9, d\u00e9passant toutes les attentes.<\/p>\n","protected":false},"featured_media":145709,"comment_status":"open","ping_status":"open","template":"","meta":[],"product_brand":[2433],"product_cat":[1242,1212,1213],"product_tag":[1366],"class_list":{"0":"post-114905","1":"product","2":"type-product","3":"status-publish","4":"has-post-thumbnail","6":"product_brand-themeforest","7":"product_cat-creatif","8":"product_cat-themes","9":"product_cat-wordpress-themes","10":"product_tag-themeforest","11":"member-discount","12":"discount-restricted","14":"first","15":"instock","16":"sale","17":"downloadable","18":"virtual","19":"sold-individually","20":"purchasable","21":"product-type-simple"},"_links":{"self":[{"href":"https:\/\/gpl-love.com\/fr\/wp-json\/wp\/v2\/product\/114905","targetHints":{"allow":["GET"]}}],"collection":[{"href":"https:\/\/gpl-love.com\/fr\/wp-json\/wp\/v2\/product"}],"about":[{"href":"https:\/\/gpl-love.com\/fr\/wp-json\/wp\/v2\/types\/product"}],"replies":[{"embeddable":true,"href":"https:\/\/gpl-love.com\/fr\/wp-json\/wp\/v2\/comments?post=114905"}],"wp:featuredmedia":[{"embeddable":true,"href":"https:\/\/gpl-love.com\/fr\/wp-json\/wp\/v2\/media\/145709"}],"wp:attachment":[{"href":"https:\/\/gpl-love.com\/fr\/wp-json\/wp\/v2\/media?parent=114905"}],"wp:term":[{"taxonomy":"product_brand","embeddable":true,"href":"https:\/\/gpl-love.com\/fr\/wp-json\/wp\/v2\/product_brand?post=114905"},{"taxonomy":"product_cat","embeddable":true,"href":"https:\/\/gpl-love.com\/fr\/wp-json\/wp\/v2\/product_cat?post=114905"},{"taxonomy":"product_tag","embeddable":true,"href":"https:\/\/gpl-love.com\/fr\/wp-json\/wp\/v2\/product_tag?post=114905"}],"curies":[{"name":"wp","href":"https:\/\/api.w.org\/{rel}","templated":true}]}}