{"id":114903,"date":"2021-05-06T00:00:00","date_gmt":"2021-05-05T22:00:00","guid":{"rendered":"http:\/\/gpl-love.com\/fr\/produit\/valenti-wordpress-hd-review-magazine-news-theme\/"},"modified":"2026-04-10T18:44:51","modified_gmt":"2026-04-10T16:44:51","slug":"valenti-wordpress-hd-review-magazine-news-theme","status":"publish","type":"product","link":"https:\/\/gpl-love.com\/fr\/produit\/valenti-wordpress-hd-review-magazine-news-theme\/","title":{"rendered":"Valenti WordPress HD Review Magazine News Theme 5.6.3.4"},"content":{"rendered":"<h3>Valenti WordPress HD Review Magazine News Theme Traits<\/h3>\n<p>Le th\u00e8me des nouvelles du magazine Valenti WordPress HD Review se pr\u00e9sente comme la solution ultime pour les personnes visant \u00e0 \u00e9tablir un magazine ou un site Web d&rsquo;actualit\u00e9s de qualit\u00e9 exceptionnelle. B\u00e9n\u00e9ficiant d&rsquo;un \u00e9ventail de fonctionnalit\u00e9s, ce th\u00e8me permet aux utilisateurs d&rsquo;exposer leur contenu de mani\u00e8re visuellement captivante et captivante. Le syst\u00e8me d&rsquo;examen HD dans le th\u00e8me facilite l&rsquo;inclusion de scores et de notes dans les revues, simplifiant ainsi le processus d&rsquo;identification des produits et services les plus exemplaires pour les lecteurs. De plus, Valenti est \u00e9quip\u00e9 de widgets personnalisables, d&rsquo;une gamme illimit\u00e9e de sch\u00e9mas de couleurs et d&rsquo;une conception r\u00e9active, garantissant son optimisation impeccable pour les appareils de bureau et mobiles. De plus, le th\u00e8me comprend un puissant constructeur de pages, accordant ainsi aux utilisateurs la possibilit\u00e9 de g\u00e9n\u00e9rer sans effort des mises en page et des conceptions \u00e0 couper le souffle, tous d\u00e9pourvus de toute expertise de codage. Par cons\u00e9quent, si l&rsquo;on cherche \u00e0 forger un site Web d&rsquo;une nature professionnelle et visuellement \u00e9tonnante, le th\u00e8me des nouvelles du magazine Valenti WordPress HD Review appara\u00eet comme un choix incontestablement parfait.<\/p>\n<ul>\n<li>Th\u00e8me WordPress de haute qualit\u00e9 con\u00e7u pour les sites Web d&rsquo;actualit\u00e9s et de r\u00e9vision<\/li>\n<li>Prise en charge HD 1080p compl\u00e8te pour un beau contenu visuel<\/li>\n<li>Disposition de style magazine avec page d&rsquo;accueil personnalisable et pages de cat\u00e9gorie<\/li>\n<li>Plusieurs options de mise en page, notamment la grille, la liste et le classique<\/li>\n<li>Syst\u00e8me d&rsquo;examen int\u00e9gr\u00e9 pour pr\u00e9senter les \u00e9valuations des produits et des services<\/li>\n<li>Plusieurs espaces publicitaires pour mon\u00e9tiser votre site Web<\/li>\n<li>Conception enti\u00e8rement r\u00e9active pour une visualisation optimale sur tous les appareils<\/li>\n<li>Int\u00e9gration avec des plugins populaires tels que WooCommerce et BBPress<\/li>\n<li>Panneau d&rsquo;options de th\u00e8me facile \u00e0 utiliser pour la personnalisation sans codage<\/li>\n<li>Documentation compl\u00e8te et support client de premier ordre.<\/li>\n<\/ul>\n","protected":false},"excerpt":{"rendered":"<p>Le th\u00e8me des nouvelles du magazine Valenti WordPress HD Review, un th\u00e8me exceptionnel, a \u00e9t\u00e9 m\u00e9ticuleusement con\u00e7u pour r\u00e9pondre aux besoins des \u00e9diteurs \u00e0 la recherche d&rsquo;une disposition de site Web poli et sophistiqu\u00e9e qui pr\u00e9sente impeccablement leur contenu pr\u00e9cieux. Ce th\u00e8me est vraiment id\u00e9al pour diverses personnes, \u00e0 savoir les blogueurs, les propri\u00e9taires de magazines et les organisations de presse, car il est fier de sa r\u00e9activit\u00e9, lui permettant de s&rsquo;adapter de mani\u00e8re transparente \u00e0 diff\u00e9rents appareils. De plus, il affiche un curseur de fonctionnalit\u00e9s plein \u00e9cran s\u00e9duisant, offrant aux utilisateurs la possibilit\u00e9 de personnaliser leur typographie, en incorporant un syst\u00e8me de notes et de r\u00e9vision int\u00e9gr\u00e9s, et en pr\u00e9sentant une abondance de fonctionnalit\u00e9s suppl\u00e9mentaires.<\/p>\n","protected":false},"featured_media":145702,"comment_status":"open","ping_status":"open","template":"","meta":[],"product_brand":[2433],"product_cat":[1242,1212,1213],"product_tag":[1366],"class_list":{"0":"post-114903","1":"product","2":"type-product","3":"status-publish","4":"has-post-thumbnail","6":"product_brand-themeforest","7":"product_cat-creatif","8":"product_cat-themes","9":"product_cat-wordpress-themes","10":"product_tag-themeforest","11":"member-discount","12":"discount-restricted","14":"first","15":"instock","16":"sale","17":"downloadable","18":"virtual","19":"sold-individually","20":"purchasable","21":"product-type-simple"},"_links":{"self":[{"href":"https:\/\/gpl-love.com\/fr\/wp-json\/wp\/v2\/product\/114903","targetHints":{"allow":["GET"]}}],"collection":[{"href":"https:\/\/gpl-love.com\/fr\/wp-json\/wp\/v2\/product"}],"about":[{"href":"https:\/\/gpl-love.com\/fr\/wp-json\/wp\/v2\/types\/product"}],"replies":[{"embeddable":true,"href":"https:\/\/gpl-love.com\/fr\/wp-json\/wp\/v2\/comments?post=114903"}],"wp:featuredmedia":[{"embeddable":true,"href":"https:\/\/gpl-love.com\/fr\/wp-json\/wp\/v2\/media\/145702"}],"wp:attachment":[{"href":"https:\/\/gpl-love.com\/fr\/wp-json\/wp\/v2\/media?parent=114903"}],"wp:term":[{"taxonomy":"product_brand","embeddable":true,"href":"https:\/\/gpl-love.com\/fr\/wp-json\/wp\/v2\/product_brand?post=114903"},{"taxonomy":"product_cat","embeddable":true,"href":"https:\/\/gpl-love.com\/fr\/wp-json\/wp\/v2\/product_cat?post=114903"},{"taxonomy":"product_tag","embeddable":true,"href":"https:\/\/gpl-love.com\/fr\/wp-json\/wp\/v2\/product_tag?post=114903"}],"curies":[{"name":"wp","href":"https:\/\/api.w.org\/{rel}","templated":true}]}}