{"id":114901,"date":"2026-01-24T00:00:00","date_gmt":"2026-01-23T23:00:00","guid":{"rendered":"http:\/\/gpl-love.com\/fr\/produit\/yena-beauty-et-cosmetic-woocommerce-theme\/"},"modified":"2026-03-20T23:52:34","modified_gmt":"2026-03-20T22:52:34","slug":"yena-beauty-et-cosmetic-woocommerce-theme","status":"publish","type":"product","link":"https:\/\/gpl-love.com\/fr\/produit\/yena-beauty-et-cosmetic-woocommerce-theme\/","title":{"rendered":"Yena Beauty et Cosmetic WooCommerce Theme 1.2.9"},"content":{"rendered":"<h3>Yena Beauty et Cosmetic WooCommerce Theme Traits<\/h3>\n<p>Le th\u00e8me de Yena Beauty and Cosmetic WooCommerce offre une option exceptionnelle aux individus \u00e0 la recherche d&rsquo;une boutique en ligne pour montrer leur beaut\u00e9 et leurs marchandises cosm\u00e9tiques. Sa conception vise la convivialit\u00e9 et la navigation sans effort, garantissant que les clients peuvent sans effort localiser et se procurer leurs produits souhait\u00e9s. De plus, le th\u00e8me poss\u00e8de une conception r\u00e9active, garantissant un affichage impeccable sur n&rsquo;importe quel appareil. Ses fonctionnalit\u00e9s personnalisables permettent en outre la cr\u00e9ation d&rsquo;un site Web distinctif et visuellement captivant qui refl\u00e8te avec pr\u00e9cision votre marque. Ce th\u00e8me est une solution id\u00e9ale pour ceux qui souhaitent construire une boutique en ligne qui combine de mani\u00e8re transparente les fonctionnalit\u00e9s avec l&rsquo;attrait esth\u00e9tique.<\/p>\n<ul>\n<li>Th\u00e8me WooCommerce magnifiquement con\u00e7u avec un accent sur l&rsquo;industrie de la beaut\u00e9 et du cosm\u00e9tique<\/li>\n<li>Sensible au mobile et optimis\u00e9 pour les vitesses de chargement de pages rapides<\/li>\n<li>Interface facile \u00e0 utiliser et param\u00e8tres personnalisables pour rendre votre boutique en ligne unique<\/li>\n<li>Livr\u00e9 avec des pages pr\u00e9d\u00e9finies pour pr\u00e9senter des produits, des articles de blog et une page de contact<\/li>\n<li>Int\u00e9gration avec des passerelles de paiement populaires pour une exp\u00e9rience de paiement transparente pour les clients<\/li>\n<li>Options int\u00e9gr\u00e9es pour ajouter des liens de m\u00e9dias sociaux et des boutons de partage pour vous aider \u00e0 promouvoir vos produits sur plusieurs plateformes<\/li>\n<li>Documentation d\u00e9di\u00e9e et support client pour vous aider \u00e0 d\u00e9marrer et \u00e0 r\u00e9soudre tous les probl\u00e8mes que vous pourriez rencontrer<\/li>\n<li>Capacit\u00e9 \u00e0 ajouter des fonctionnalit\u00e9s suppl\u00e9mentaires via des extensions WooCommerce<\/li>\n<li>Mises \u00e0 jour r\u00e9guli\u00e8res pour rester compatibles avec la derni\u00e8re version de WordPress et WooCommerce.<\/li>\n<\/ul>\n","protected":false},"excerpt":{"rendered":"<p>Le th\u00e8me de Yena Beauty and Cosmetic WooCommerce, d\u00e9velopp\u00e9 exclusivement pour l&rsquo;industrie des cosm\u00e9tiques et de la beaut\u00e9, se d\u00e9marque comme une plate-forme de commerce \u00e9lectronique sophistiqu\u00e9 et de pointe. Avec son constructeur de pages de glisser-d\u00e9poser remarquablement convivial, de pl\u00e9thore de mod\u00e8les de page d&rsquo;accueil, et la capacit\u00e9 de personnaliser la conception pour exposer \u00e9l\u00e9gamment vos produits, ce th\u00e8me surpasse vraiment la concurrence. De plus, il poss\u00e8de des fonctionnalit\u00e9s de recherche et de filtrage avanc\u00e9es, une int\u00e9gration transparente avec diverses plateformes de m\u00e9dias sociaux et une disposition r\u00e9active qui garantit une exp\u00e9rience utilisateur exceptionnelle sur tous les appareils. Que vous vous lanciez dans une nouvelle entreprise commerciale ou que vous cherchiez \u00e0 am\u00e9liorer une boutique en ligne existante, le th\u00e8me de Yena Beauty et Cosmetic WooCommerce appara\u00eet comme la solution par excellence pour r\u00e9pondre \u00e0 vos besoins commerciaux en ligne uniques.<\/p>\n","protected":false},"featured_media":146336,"comment_status":"open","ping_status":"open","template":"","meta":[],"product_brand":[2433],"product_cat":[1238,1444,1212],"product_tag":[1366],"class_list":{"0":"post-114901","1":"product","2":"type-product","3":"status-publish","4":"has-post-thumbnail","6":"product_brand-themeforest","7":"product_cat-commerce-electronique-themes","8":"product_cat-creatif-commerce-electronique-themes","9":"product_cat-themes","10":"product_tag-themeforest","11":"member-discount","12":"discount-restricted","14":"first","15":"instock","16":"sale","17":"downloadable","18":"virtual","19":"sold-individually","20":"purchasable","21":"product-type-simple"},"_links":{"self":[{"href":"https:\/\/gpl-love.com\/fr\/wp-json\/wp\/v2\/product\/114901","targetHints":{"allow":["GET"]}}],"collection":[{"href":"https:\/\/gpl-love.com\/fr\/wp-json\/wp\/v2\/product"}],"about":[{"href":"https:\/\/gpl-love.com\/fr\/wp-json\/wp\/v2\/types\/product"}],"replies":[{"embeddable":true,"href":"https:\/\/gpl-love.com\/fr\/wp-json\/wp\/v2\/comments?post=114901"}],"wp:featuredmedia":[{"embeddable":true,"href":"https:\/\/gpl-love.com\/fr\/wp-json\/wp\/v2\/media\/146336"}],"wp:attachment":[{"href":"https:\/\/gpl-love.com\/fr\/wp-json\/wp\/v2\/media?parent=114901"}],"wp:term":[{"taxonomy":"product_brand","embeddable":true,"href":"https:\/\/gpl-love.com\/fr\/wp-json\/wp\/v2\/product_brand?post=114901"},{"taxonomy":"product_cat","embeddable":true,"href":"https:\/\/gpl-love.com\/fr\/wp-json\/wp\/v2\/product_cat?post=114901"},{"taxonomy":"product_tag","embeddable":true,"href":"https:\/\/gpl-love.com\/fr\/wp-json\/wp\/v2\/product_tag?post=114901"}],"curies":[{"name":"wp","href":"https:\/\/api.w.org\/{rel}","templated":true}]}}