{"id":114897,"date":"2026-03-21T00:00:00","date_gmt":"2026-03-20T23:00:00","guid":{"rendered":"http:\/\/gpl-love.com\/fr\/produit\/wp-cost-estimation-et-payment-forms-builder\/"},"modified":"2026-03-21T23:30:49","modified_gmt":"2026-03-21T22:30:49","slug":"wp-cost-estimation-et-payment-forms-builder","status":"publish","type":"product","link":"https:\/\/gpl-love.com\/fr\/produit\/wp-cost-estimation-et-payment-forms-builder\/","title":{"rendered":"WP Cost Estimation et Payment Forms Builder 10.3.2"},"content":{"rendered":"<h3>WP Cost Estimation et Payment Forms Builder Traits<\/h3>\n<p>Le constructeur de formulaires d&rsquo;estimation des co\u00fbts et de paiement WP est un outil incroyablement formidable et efficace qui facilite \u00e9norm\u00e9ment les entreprises et les organisations dans la cr\u00e9ation et la personnalisation de formulaires d&rsquo;estimation et de paiement des co\u00fbts hautement adapt\u00e9s et personnalis\u00e9s pour leurs sites Web respectifs. Ce plugin remarquable permet aux utilisateurs de construire et de modifier sans effort les formulaires pour s&rsquo;aligner parfaitement avec leurs exigences sp\u00e9cifiques, allant des calculatrices de tarification rudimentaires aux formes multiples complexes et complexes. De plus, cet outil extraordinaire pr\u00e9sente \u00e9galement un large \u00e9ventail d&rsquo;alternatives de paiement, englobant des plates-formes importantes telles que PayPal, Stripe et WooCommerce, facilitant ainsi les utilisateurs en acceptant de mani\u00e8re transparente les paiements directement via leurs formulaires. En outre, le plugin poss\u00e8de une interface de glisser-d\u00e9poser extr\u00eamement conviviale et d&rsquo;explication, accompagn\u00e9e d&rsquo;un assortiment diversifi\u00e9 de mod\u00e8les pr\u00e9-con\u00e7us m\u00e9ticuleusement con\u00e7us qui acc\u00e9l\u00e8rent et acc\u00e9l\u00e8rent les \u00e9tapes initiales du processus de cr\u00e9ation de formulaire pour les utilisateurs. En adoptant les capacit\u00e9s remarquables offertes par le constructeur de formulaires d&rsquo;estimation des co\u00fbts et de paiement WP, les entreprises peuvent rationaliser sans effort leurs proc\u00e9dures de paiement et am\u00e9liorer consid\u00e9rablement leur exp\u00e9rience client en ligne, catapultant finalement leur succ\u00e8s global et leur prosp\u00e9rit\u00e9 \u00e0 des hauteurs sans pr\u00e9c\u00e9dent.<\/p>\n<ul>\n<li>Cr\u00e9ez des formulaires d&rsquo;estimation des co\u00fbts personnalis\u00e9s pour votre site Web<\/li>\n<li>Offrez aux clients un devis pr\u00e9cis pour vos produits ou services<\/li>\n<li>Inclure divers champs et options de personnalisation<\/li>\n<li>Ajoutez des options de paiement \u00e0 vos formulaires pour rationaliser le processus d&rsquo;achat<\/li>\n<li>Compatible avec un large \u00e9ventail de passerelles et de fournisseurs de paiement<\/li>\n<li>Facile \u00e0 installer et \u00e0 configurer avec WordPress CMS<\/li>\n<li>Concevez les formulaires pour correspondre \u00e0 la marque et au style de votre site Web<\/li>\n<li>Personnalisez les messages et notifications envoy\u00e9es aux clients apr\u00e8s la soumission<\/li>\n<li>Options de prix flexibles en fonction de la quantit\u00e9, des remises ou des frais<\/li>\n<li>Suivre et g\u00e9rer les paiements et les soumissions de formulaires dans le tableau de bord WordPress<\/li>\n<\/ul>\n","protected":false},"excerpt":{"rendered":"<p>Le constructeur de formulaires d&rsquo;estimation des co\u00fbts et de paiement WP est un plugin incroyablement robuste qui a \u00e9t\u00e9 m\u00e9ticuleusement con\u00e7u pour vous offrir la possibilit\u00e9 de g\u00e9n\u00e9rer rapidement et sans effort sans effort une estimation et des formulaires de paiement de co\u00fbts tr\u00e8s \u00e9tonnants et tr\u00e8s r\u00e9actifs. En tirant parti de son interface de glisser-d\u00e9poser, vous pouvez cr\u00e9er sans effort sans effort des formes complexes et complexes, incorporant de mani\u00e8re transparente la logique conditionnelle, des champs personnalis\u00e9s et un vaste \u00e9ventail d&rsquo;options de style esth\u00e9tique. Que vous ayez besoin d&rsquo;un formulaire de demande de devis modeste ou d&rsquo;une calculatrice de tarification compl\u00e8te et globale, des formulaires d&rsquo;estimation des co\u00fbts WP et des formulaires de paiement ont \u00e9t\u00e9 m\u00e9ticuleusement adapt\u00e9s pour r\u00e9pondre \u00e0 tous vos besoins. De plus, il s&rsquo;int\u00e8gre parfaitement \u00e0 la majorit\u00e9 des passerelles de paiement les plus utilis\u00e9es, facilitant ainsi l&rsquo;acceptation transparente des paiements directement dans vos formulaires m\u00e9ticuleusement con\u00e7us. Ne perdez pas de temps \u00e0 saisir l&rsquo;opportunit\u00e9 de ressentir les avantages incroyables que les formulaires d&rsquo;estimation des co\u00fbts et les formulaires de paiement WP peuvent apporter \u00e0 vos processus d&rsquo;estimation et de paiement des co\u00fbts en l&rsquo;essayant aujourd&rsquo;hui!<\/p>\n","protected":false},"featured_media":146141,"comment_status":"open","ping_status":"open","template":"","meta":[],"product_brand":[2435],"product_cat":[1191,1181,1186],"product_tag":[1231],"class_list":{"0":"post-114897","1":"product","2":"type-product","3":"status-publish","4":"has-post-thumbnail","6":"product_brand-codecanyon","7":"product_cat-formes","8":"product_cat-plugins","9":"product_cat-wordpress-plugins","10":"product_tag-codecanyon","11":"member-discount","12":"discount-restricted","14":"first","15":"instock","16":"sale","17":"downloadable","18":"virtual","19":"sold-individually","20":"purchasable","21":"product-type-simple"},"_links":{"self":[{"href":"https:\/\/gpl-love.com\/fr\/wp-json\/wp\/v2\/product\/114897","targetHints":{"allow":["GET"]}}],"collection":[{"href":"https:\/\/gpl-love.com\/fr\/wp-json\/wp\/v2\/product"}],"about":[{"href":"https:\/\/gpl-love.com\/fr\/wp-json\/wp\/v2\/types\/product"}],"replies":[{"embeddable":true,"href":"https:\/\/gpl-love.com\/fr\/wp-json\/wp\/v2\/comments?post=114897"}],"wp:featuredmedia":[{"embeddable":true,"href":"https:\/\/gpl-love.com\/fr\/wp-json\/wp\/v2\/media\/146141"}],"wp:attachment":[{"href":"https:\/\/gpl-love.com\/fr\/wp-json\/wp\/v2\/media?parent=114897"}],"wp:term":[{"taxonomy":"product_brand","embeddable":true,"href":"https:\/\/gpl-love.com\/fr\/wp-json\/wp\/v2\/product_brand?post=114897"},{"taxonomy":"product_cat","embeddable":true,"href":"https:\/\/gpl-love.com\/fr\/wp-json\/wp\/v2\/product_cat?post=114897"},{"taxonomy":"product_tag","embeddable":true,"href":"https:\/\/gpl-love.com\/fr\/wp-json\/wp\/v2\/product_tag?post=114897"}],"curies":[{"name":"wp","href":"https:\/\/api.w.org\/{rel}","templated":true}]}}