{"id":114893,"date":"2021-05-06T00:00:00","date_gmt":"2021-05-05T22:00:00","guid":{"rendered":"http:\/\/gpl-love.com\/fr\/produit\/autima-car-accessories-theme-pour-woocommerce-wordpress\/"},"modified":"2026-03-20T22:55:17","modified_gmt":"2026-03-20T21:55:17","slug":"autima-car-accessories-theme-pour-woocommerce-wordpress","status":"publish","type":"product","link":"https:\/\/gpl-love.com\/fr\/produit\/autima-car-accessories-theme-pour-woocommerce-wordpress\/","title":{"rendered":"Autima Car Accessories Th\u00e8me pour WooCommerce WordPress 1.0.8"},"content":{"rendered":"<h3>Autima Car Accessories Th\u00e8me pour WooCommerce WordPress Traits<\/h3>\n<p>Le th\u00e8me des accessoires de voiture Autima pour WooCommerce est un th\u00e8me WordPress extr\u00eamement sophistiqu\u00e9 et charg\u00e9 de fonctionnalit\u00e9s qui a \u00e9t\u00e9 sp\u00e9cifiquement con\u00e7u pour r\u00e9pondre aux besoins uniques de l&rsquo;industrie des accessoires automobiles. B\u00e9n\u00e9ficiant d&rsquo;un design \u00e9l\u00e9gant et contemporain, ce th\u00e8me offre une exp\u00e9rience d&rsquo;achat incroyablement captivante et immersive pour les clients exigeants qui sont \u00e0 la recherche d&rsquo;accessoires de voiture de premier ordre. En outre, il est \u00e9quip\u00e9 d&rsquo;une pl\u00e9thore de fonctionnalit\u00e9s robustes, telles qu&rsquo;une fonctionnalit\u00e9 de recherche de produit avanc\u00e9e, des options de tarification personnalisables et une conception r\u00e9active, ce qui en fait un choix optimal pour les entreprises de toutes grandeur. Que vous soyez un pilier \u00e9tabli dans l&rsquo;industrie des accessoires de voiture ou que vous vous lancez simplement dans votre parcours entrepreneurial, le th\u00e8me des accessoires de voiture Autima sert de plate-forme \u00e9tonnamment polyvalente et puissante qui est pr\u00eate \u00e0 vous propulser vers un triomphe retentissant dans le domaine expansif de la Market en ligne.<\/p>\n<ul>\n<li>Th\u00e8me premium con\u00e7u sp\u00e9cifiquement pour les magasins d&rsquo;automobiles et d&rsquo;accessoires automobiles.<\/li>\n<li>Personnalisation facile avec personnalisation du th\u00e8me en direct et constructeur de pages glisser-d\u00e9poser.<\/li>\n<li>Comprend des pages pr\u00e9-con\u00e7ues telles que la maison, la boutique, \u00e0 propos de nous, contactez-nous, etc.<\/li>\n<li>Le r\u00e9f\u00e9rencement optimis\u00e9 pour un meilleur classement des moteurs de recherche.<\/li>\n<li>Conception enti\u00e8rement r\u00e9active et adapt\u00e9e aux mobiles pour une exp\u00e9rience utilisateur transparente.<\/li>\n<li>WooCommerce compatible pour la gestion et les ventes de boutiques en ligne faciles.<\/li>\n<li>Int\u00e9gration avec les passerelles de paiement populaires et les m\u00e9thodes d&rsquo;exp\u00e9dition.<\/li>\n<li>Prend en charge plusieurs langues et devises pour les ventes internationales.<\/li>\n<li>Options pour les filtres de cat\u00e9gorie de produits, le zoom d&rsquo;image du produit et les avis sur les produits.<\/li>\n<li>Documentation compl\u00e8te et support client d\u00e9di\u00e9 \u00e0 toute question ou probl\u00e8me.<\/li>\n<\/ul>\n","protected":false},"excerpt":{"rendered":"<p>D\u00e9couvrez le th\u00e8me des accessoires de voiture Autima pour WooCommerce WordPress, sur mesure sp\u00e9cifiquement pour les magasins d&rsquo;accessoires de voiture et les magasins de pi\u00e8ces automobiles. Ce th\u00e8me hautement personnalisable et convivial est livr\u00e9 avec des fonctionnalit\u00e9s avanc\u00e9es WooCommerce qui vous permettent de configurer et de g\u00e9rer votre boutique en ligne. Avec Autima, vous b\u00e9n\u00e9ficiez d&rsquo;une disposition de conception intuitive qui am\u00e9liore la visibilit\u00e9 de votre produit, entra\u00eenant ainsi plus de ventes. Sa compatibilit\u00e9 avec WordPress facilite l&rsquo;installation et l&rsquo;utilisation. La conception r\u00e9active d&rsquo;Autima garantit que votre boutique en ligne est \u00e9tonnante et fonctionne parfaitement sur tous les appareils. Ne manquez pas ce th\u00e8me si vous visez \u00e0 stimuler les accessoires de votre voiture et les ventes de pi\u00e8ces automobiles en ligne.<\/p>\n","protected":false},"featured_media":143173,"comment_status":"open","ping_status":"open","template":"","meta":[],"product_brand":[2433],"product_cat":[1238,1851,1212],"product_tag":[1366],"class_list":{"0":"post-114893","1":"product","2":"type-product","3":"status-publish","4":"has-post-thumbnail","6":"product_brand-themeforest","7":"product_cat-commerce-electronique-themes","8":"product_cat-entreprise-commerce-electronique-themes","9":"product_cat-themes","10":"product_tag-themeforest","11":"member-discount","12":"discount-restricted","14":"first","15":"instock","16":"sale","17":"downloadable","18":"virtual","19":"sold-individually","20":"purchasable","21":"product-type-simple"},"_links":{"self":[{"href":"https:\/\/gpl-love.com\/fr\/wp-json\/wp\/v2\/product\/114893","targetHints":{"allow":["GET"]}}],"collection":[{"href":"https:\/\/gpl-love.com\/fr\/wp-json\/wp\/v2\/product"}],"about":[{"href":"https:\/\/gpl-love.com\/fr\/wp-json\/wp\/v2\/types\/product"}],"replies":[{"embeddable":true,"href":"https:\/\/gpl-love.com\/fr\/wp-json\/wp\/v2\/comments?post=114893"}],"wp:featuredmedia":[{"embeddable":true,"href":"https:\/\/gpl-love.com\/fr\/wp-json\/wp\/v2\/media\/143173"}],"wp:attachment":[{"href":"https:\/\/gpl-love.com\/fr\/wp-json\/wp\/v2\/media?parent=114893"}],"wp:term":[{"taxonomy":"product_brand","embeddable":true,"href":"https:\/\/gpl-love.com\/fr\/wp-json\/wp\/v2\/product_brand?post=114893"},{"taxonomy":"product_cat","embeddable":true,"href":"https:\/\/gpl-love.com\/fr\/wp-json\/wp\/v2\/product_cat?post=114893"},{"taxonomy":"product_tag","embeddable":true,"href":"https:\/\/gpl-love.com\/fr\/wp-json\/wp\/v2\/product_tag?post=114893"}],"curies":[{"name":"wp","href":"https:\/\/api.w.org\/{rel}","templated":true}]}}