{"id":114891,"date":"2026-03-21T00:00:00","date_gmt":"2026-03-20T23:00:00","guid":{"rendered":"http:\/\/gpl-love.com\/fr\/produit\/blessing-responsive-wordpress-theme\/"},"modified":"2026-03-21T23:30:10","modified_gmt":"2026-03-21T22:30:10","slug":"blessing-responsive-wordpress-theme","status":"publish","type":"product","link":"https:\/\/gpl-love.com\/fr\/produit\/blessing-responsive-wordpress-theme\/","title":{"rendered":"Blessing Responsive WordPress Theme 1.7.10"},"content":{"rendered":"<h3>Blessing Responsive WordPress Theme Traits<\/h3>\n<p>Le th\u00e8me WordPress sensible \u00e0 la b\u00e9n\u00e9diction se pr\u00e9sente comme une option tr\u00e8s appropri\u00e9e pour les individus souhaitant construire un site Web visuellement attrayant et fonctionnel, tout en \u00e9chappant aux complexit\u00e9s associ\u00e9es au codage. Ce th\u00e8me particulier s&rsquo;av\u00e8re particuli\u00e8rement avantageux pour les \u00e9glises, les organisations \u00e0 but non lucratif et les sites Web de nature religieuse. Notamment, le th\u00e8me est caract\u00e9ris\u00e9 par sa r\u00e9activit\u00e9 compl\u00e8te, s&rsquo;adaptant sans effort aux dimensions de l&rsquo;\u00e9cran de tous les appareils. En outre, il poss\u00e8de un tableau de fonctionnalit\u00e9s impressionnantes, y compris des widgets personnalis\u00e9s, un curseur r\u00e9actif et la capacit\u00e9 de personnaliser les couleurs et les polices. De plus, ce th\u00e8me est exceptionnellement convivial, accompagn\u00e9 d&rsquo;une documentation et d&rsquo;un support complet. Avec le th\u00e8me WordPress r\u00e9actif de Blessing \u00e0 votre disposition, vous avez le pouvoir de fabriquer un site Web vraiment \u00e9tonnant, qui captive et motive votre public cible.<\/p>\n<ul>\n<li>Conception enti\u00e8rement r\u00e9active pour une visualisation optimale sur n&rsquo;importe quel appareil<\/li>\n<li>Flexibilit\u00e9 ultime avec des options de mise en page personnalisables<\/li>\n<li>Les styles d&rsquo;en-t\u00eate et de pied de page \u00e0 choisir<\/li>\n<li>Mega menu int\u00e9gr\u00e9 pour une navigation facile<\/li>\n<li>Code de r\u00e9f\u00e9rencement pour une am\u00e9lioration de la visibilit\u00e9 du moteur de recherche<\/li>\n<li>Compatible avec les plugins WordPress populaires tels que WooCommerce et Contact Form 7<\/li>\n<li>Mod\u00e8les de page int\u00e9gr\u00e9s pour la cr\u00e9ation de pages efficaces<\/li>\n<li>Traduction pr\u00eate avec le fichier .pot inclus<\/li>\n<li>Int\u00e9gration des m\u00e9dias sociaux pour le partage et la promotion<\/li>\n<li>\u00c9quipe d&rsquo;assistance fiable et professionnelle pour aider \u00e0 toute question ou probl\u00e8me.<\/li>\n<\/ul>\n","protected":false},"excerpt":{"rendered":"<p>Le th\u00e8me WordPress sensible \u00e0 la b\u00e9n\u00e9diction est une solution moderne, propre et conviviale pour les besoins de votre site Web. Ce th\u00e8me est parfaitement adapt\u00e9 \u00e0 tout type de site Web &#8211; des blogs personnels aux sites Web professionnels. Sa conception r\u00e9active garantit que votre site Web sera \u00e9tonnant et fonctionnera parfaitement sur n&rsquo;importe quel appareil, que ce soit un bureau, un ordinateur portable, une tablette ou un smartphone. La b\u00e9n\u00e9diction est livr\u00e9e avec une pl\u00e9thore de fonctionnalit\u00e9s personnalisables, vous permettant de cr\u00e9er une pr\u00e9sence Web unique et engageante. Il prend en charge un large \u00e9ventail de plugins, vous offrant la flexibilit\u00e9 d&rsquo;ajouter des fonctionnalit\u00e9s suppl\u00e9mentaires au besoin. Le th\u00e8me fournit \u00e9galement un excellent support client, en vous garantissant que vous avez l&rsquo;aide dont vous avez besoin pour cr\u00e9er un site Web hors concours. D\u00e9couvrez le m\u00e9lange parfait de style et de fonctionnalit\u00e9 avec le th\u00e8me WordPress sensible \u00e0 la b\u00e9n\u00e9diction.<\/p>\n","protected":false},"featured_media":143249,"comment_status":"open","ping_status":"open","template":"","meta":[],"product_brand":[2433],"product_cat":[1242,1212,1213],"product_tag":[1366],"class_list":{"0":"post-114891","1":"product","2":"type-product","3":"status-publish","4":"has-post-thumbnail","6":"product_brand-themeforest","7":"product_cat-creatif","8":"product_cat-themes","9":"product_cat-wordpress-themes","10":"product_tag-themeforest","11":"member-discount","12":"discount-restricted","14":"first","15":"instock","16":"sale","17":"downloadable","18":"virtual","19":"sold-individually","20":"purchasable","21":"product-type-simple"},"_links":{"self":[{"href":"https:\/\/gpl-love.com\/fr\/wp-json\/wp\/v2\/product\/114891","targetHints":{"allow":["GET"]}}],"collection":[{"href":"https:\/\/gpl-love.com\/fr\/wp-json\/wp\/v2\/product"}],"about":[{"href":"https:\/\/gpl-love.com\/fr\/wp-json\/wp\/v2\/types\/product"}],"replies":[{"embeddable":true,"href":"https:\/\/gpl-love.com\/fr\/wp-json\/wp\/v2\/comments?post=114891"}],"wp:featuredmedia":[{"embeddable":true,"href":"https:\/\/gpl-love.com\/fr\/wp-json\/wp\/v2\/media\/143249"}],"wp:attachment":[{"href":"https:\/\/gpl-love.com\/fr\/wp-json\/wp\/v2\/media?parent=114891"}],"wp:term":[{"taxonomy":"product_brand","embeddable":true,"href":"https:\/\/gpl-love.com\/fr\/wp-json\/wp\/v2\/product_brand?post=114891"},{"taxonomy":"product_cat","embeddable":true,"href":"https:\/\/gpl-love.com\/fr\/wp-json\/wp\/v2\/product_cat?post=114891"},{"taxonomy":"product_tag","embeddable":true,"href":"https:\/\/gpl-love.com\/fr\/wp-json\/wp\/v2\/product_tag?post=114891"}],"curies":[{"name":"wp","href":"https:\/\/api.w.org\/{rel}","templated":true}]}}