{"id":114887,"date":"2021-05-06T00:00:00","date_gmt":"2021-05-05T22:00:00","guid":{"rendered":"http:\/\/gpl-love.com\/fr\/produit\/clima-responsive-woocommerce-wordpress-theme\/"},"modified":"2026-03-20T22:58:40","modified_gmt":"2026-03-20T21:58:40","slug":"clima-responsive-woocommerce-wordpress-theme","status":"publish","type":"product","link":"https:\/\/gpl-love.com\/fr\/produit\/clima-responsive-woocommerce-wordpress-theme\/","title":{"rendered":"Clima Responsive WooCommerce WordPress Theme 1.0.4"},"content":{"rendered":"<h3>Clima Responsive WooCommerce WordPress Theme Traits<\/h3>\n<p>Le th\u00e8me WordPress WooCommerce r\u00e9actif Clima, avec sa polyvalence et sa puissance exceptionnels, sert de solution de commerce \u00e9lectronique exemplaire qui accorde aux utilisateurs une exp\u00e9rience d&rsquo;achat sans pr\u00e9c\u00e9dent et personnalisable. Ce th\u00e8me de pointe pr\u00e9sente une adaptabilit\u00e9 remarquable \u00e0 diverses tailles et appareils d&rsquo;\u00e9cran, garantissant ainsi une apparence esth\u00e9tique sur toutes les plateformes. En tirant parti du th\u00e8me Clima, les utilisateurs peuvent sans effort forger un site Web sophistiqu\u00e9 et contemporain qui a \u00e9t\u00e9 minutieusement optimis\u00e9 pour la rapidit\u00e9 et l&rsquo;optimisation des moteurs de recherche (SEO). De plus, l&rsquo;int\u00e9gration transparente du formidable WooCommerce permet aux utilisateurs de donner sans effort leurs produits tout en offrant simultan\u00e9ment une vaste gamme d&rsquo;options de personnalisation, facilitant ainsi l&rsquo;alignement m\u00e9ticuleux du site Web avec le style et l&rsquo;essence uniques de leur marque. Avec Clima \u00e0 votre disposition, la cr\u00e9ation d&rsquo;une boutique en ligne vraiment professionnelle et hautement performante, qui est s\u00fbre de captiver et de satisfaire votre client\u00e8le estim\u00e9e.<\/p>\n<ul>\n<li>Design professionnel et moderne sp\u00e9cialement con\u00e7u pour WooCommerce<\/li>\n<li>Enti\u00e8rement personnalisable avec un constructeur de pages visuelles faciles \u00e0 utiliser<\/li>\n<li>S&rsquo;adapte intelligemment au climat et aux conditions m\u00e9t\u00e9orologiques pour am\u00e9liorer l&rsquo;exp\u00e9rience d&rsquo;achat<\/li>\n<li>Plusieurs pages pr\u00e9d\u00e9finies pour une configuration et une personnalisation faciles<\/li>\n<li>Options avanc\u00e9es de filtrage des produits pour une navigation plus rapide et plus efficace<\/li>\n<li>SEO optimis\u00e9 pour les classements de moteur de recherche plus \u00e9lev\u00e9s<\/li>\n<li>Mobile r\u00e9actif pour les achats transparents sur tous les appareils<\/li>\n<li>Installation de d\u00e9monstration en un clic pour la configuration sans effort<\/li>\n<li>Partage social int\u00e9gr\u00e9 pour une augmentation de l&rsquo;engagement et de la port\u00e9e<\/li>\n<li>Traduction pr\u00eate pour l&rsquo;expansion du march\u00e9 mondial<\/li>\n<li>Mises \u00e0 jour r\u00e9guli\u00e8res et soutien d\u00e9di\u00e9 \u00e0 une exp\u00e9rience sans tracas.<\/li>\n<\/ul>\n","protected":false},"excerpt":{"rendered":"<p>Pr\u00e9sentation du th\u00e8me WordPress WooCommerce r\u00e9actif Clima, un th\u00e8me WordPress de pointe con\u00e7u pour autonomiser votre boutique en ligne. Ce th\u00e8me est enti\u00e8rement r\u00e9actif, ce qui signifie qu&rsquo;il s&rsquo;adaptera \u00e0 n&rsquo;importe quelle taille d&rsquo;\u00e9cran, offrant \u00e0 vos clients une exp\u00e9rience d&rsquo;achat transparente sur n&rsquo;importe quel appareil. Int\u00e9gr\u00e9 \u00e0 WooCommerce, Clima vous permet de configurer votre boutique en ligne en un jeu d&rsquo;enfant, offrant une gamme de fonctionnalit\u00e9s personnalisables pour rendre votre site Web vraiment unique. Le th\u00e8me est \u00e9galement adapt\u00e9 au r\u00e9f\u00e9rencement, aidant votre magasin plus \u00e9lev\u00e9 dans les r\u00e9sultats des moteurs de recherche, atteignant un public plus large et potentiellement augmenter vos ventes. Que vous vendiez des v\u00eatements, de l&rsquo;\u00e9lectronique ou des articles \u00e0 domicile, le th\u00e8me WordPress WooCommerce de Clima est votre cl\u00e9 d&rsquo;une boutique en ligne r\u00e9ussie.<\/p>\n","protected":false},"featured_media":143397,"comment_status":"open","ping_status":"open","template":"","meta":[],"product_brand":[2433],"product_cat":[1214,1212,1213],"product_tag":[1366],"class_list":{"0":"post-114887","1":"product","2":"type-product","3":"status-publish","4":"has-post-thumbnail","6":"product_brand-themeforest","7":"product_cat-polyvalent","8":"product_cat-themes","9":"product_cat-wordpress-themes","10":"product_tag-themeforest","11":"member-discount","12":"discount-restricted","14":"first","15":"instock","16":"sale","17":"downloadable","18":"virtual","19":"sold-individually","20":"purchasable","21":"product-type-simple"},"_links":{"self":[{"href":"https:\/\/gpl-love.com\/fr\/wp-json\/wp\/v2\/product\/114887","targetHints":{"allow":["GET"]}}],"collection":[{"href":"https:\/\/gpl-love.com\/fr\/wp-json\/wp\/v2\/product"}],"about":[{"href":"https:\/\/gpl-love.com\/fr\/wp-json\/wp\/v2\/types\/product"}],"replies":[{"embeddable":true,"href":"https:\/\/gpl-love.com\/fr\/wp-json\/wp\/v2\/comments?post=114887"}],"wp:featuredmedia":[{"embeddable":true,"href":"https:\/\/gpl-love.com\/fr\/wp-json\/wp\/v2\/media\/143397"}],"wp:attachment":[{"href":"https:\/\/gpl-love.com\/fr\/wp-json\/wp\/v2\/media?parent=114887"}],"wp:term":[{"taxonomy":"product_brand","embeddable":true,"href":"https:\/\/gpl-love.com\/fr\/wp-json\/wp\/v2\/product_brand?post=114887"},{"taxonomy":"product_cat","embeddable":true,"href":"https:\/\/gpl-love.com\/fr\/wp-json\/wp\/v2\/product_cat?post=114887"},{"taxonomy":"product_tag","embeddable":true,"href":"https:\/\/gpl-love.com\/fr\/wp-json\/wp\/v2\/product_tag?post=114887"}],"curies":[{"name":"wp","href":"https:\/\/api.w.org\/{rel}","templated":true}]}}