{"id":114885,"date":"2021-05-06T00:00:00","date_gmt":"2021-05-05T22:00:00","guid":{"rendered":"http:\/\/gpl-love.com\/fr\/produit\/cosmetista-beauty-et-makeup-theme\/"},"modified":"2026-03-20T22:59:07","modified_gmt":"2026-03-20T21:59:07","slug":"cosmetista-beauty-et-makeup-theme","status":"publish","type":"product","link":"https:\/\/gpl-love.com\/fr\/produit\/cosmetista-beauty-et-makeup-theme\/","title":{"rendered":"Cosmetista Beauty et Makeup Theme 1.0.5"},"content":{"rendered":"<h3>Cosmetista Beauty et Makeup Theme Traits<\/h3>\n<p>Le th\u00e8me de la beaut\u00e9 et du maquillage cosm\u00e9tista sert d&rsquo;outil exceptionnel pour les personnes impliqu\u00e9es dans l&rsquo;industrie de la beaut\u00e9, y compris les blogueurs de beaut\u00e9, les maquilleurs et les entreprises de cosm\u00e9tiques, cherchant \u00e0 montrer leur large gamme de produits, de services et d&rsquo;expertise. Ce th\u00e8me englobe un design \u00e9l\u00e9gant et moderne, qui facilite la navigation sans effort, compl\u00e9t\u00e9e par une typographie immacul\u00e9e. De plus, il pr\u00e9sente des sch\u00e9mas de couleurs personnalisables, permettant la cr\u00e9ation d&rsquo;une apparence distincte et personnalis\u00e9e coh\u00e9rente avec la marque. De plus, le th\u00e8me poss\u00e8de un tableau de fonctionnalit\u00e9s con\u00e7ues pour optimiser l&rsquo;exp\u00e9rience utilisateur, telles que sa conception r\u00e9active, ses graphiques pr\u00eats pour la r\u00e9tine et son codage optimis\u00e9, garantissant des temps de chargement rapides. En tirant parti des capacit\u00e9s offertes par le th\u00e8me Cosm\u00e9tista Beauty and Makeup, les utilisateurs peuvent \u00e9tablir un site Web visuellement captivant et exceptionnellement fonctionnel, favorisant ainsi un suivi d\u00e9vou\u00e9 et s&rsquo;engager efficacement avec le public cible souhait\u00e9.<\/p>\n<ul>\n<li>Un th\u00e8me WordPress magnifiquement con\u00e7u sp\u00e9cifiquement pour les blogueurs et les entreprises de maquillage et de maquillage<\/li>\n<li>Caract\u00e9ristiques des sections de page d&rsquo;accueil personnalisables pour afficher des publications, des produits et des t\u00e9moignages en vedette<\/li>\n<li>Comprend des options de couleurs illimit\u00e9es et plus de 800 polices Google au choix<\/li>\n<li>L&rsquo;int\u00e9gration des flux Instagram int\u00e9gr\u00e9s permet une promotion de m\u00e9dias sociaux transparent<\/li>\n<li>SEO optimis\u00e9 pour une visibilit\u00e9 maximale dans les r\u00e9sultats du moteur de recherche<\/li>\n<li>La conception enti\u00e8rement r\u00e9active garantit que votre site Web aura fi\u00e8re allure sur tous les appareils<\/li>\n<li>Compatible avec les plugins WordPress populaires comme WooCommerce, le formulaire de contact 7, et plus<\/li>\n<li>Le panneau d&rsquo;options de th\u00e8me facile \u00e0 utiliser vous permet de personnaliser votre site sans toucher \u00e0 aucun code<\/li>\n<li>Livr\u00e9 avec une documentation d\u00e9taill\u00e9e et une \u00e9quipe de support d\u00e9di\u00e9e pour vous aider \u00e0 chaque \u00e9tape du chemin<\/li>\n<\/ul>\n","protected":false},"excerpt":{"rendered":"<p>Lib\u00e9rez votre gourou de la beaut\u00e9 int\u00e9rieure avec Cosm\u00e9tista, le th\u00e8me ultime de la beaut\u00e9 et du maquillage. Ce th\u00e8me magnifique et \u00e9l\u00e9gant est parfait pour les blogueurs de beaut\u00e9, les maquilleurs et les magasins de cosm\u00e9tiques. Son design \u00e9l\u00e9gant et son interface conviviale pr\u00e9senteront vos produits de la mani\u00e8re la plus \u00e9l\u00e9gante. Avec Cosm\u00e9tista, vous pouvez facilement partager vos conseils et astuces de beaut\u00e9, pr\u00e9senter vos superbes transformations de maquillage et promouvoir vos produits de beaut\u00e9. De plus, il est optimis\u00e9 du r\u00e9f\u00e9rencement pour augmenter votre visibilit\u00e9 en ligne. Avec sa conception r\u00e9active, votre site sera parfait sur n&rsquo;importe quel appareil. Obtenez le cosm\u00e9tista maintenant et am\u00e9liorez votre entreprise de beaut\u00e9!<\/p>\n","protected":false},"featured_media":143427,"comment_status":"open","ping_status":"open","template":"","meta":[],"product_brand":[2433],"product_cat":[1242,1212,1213],"product_tag":[1366],"class_list":{"0":"post-114885","1":"product","2":"type-product","3":"status-publish","4":"has-post-thumbnail","6":"product_brand-themeforest","7":"product_cat-creatif","8":"product_cat-themes","9":"product_cat-wordpress-themes","10":"product_tag-themeforest","11":"member-discount","12":"discount-restricted","14":"first","15":"instock","16":"sale","17":"downloadable","18":"virtual","19":"sold-individually","20":"purchasable","21":"product-type-simple"},"_links":{"self":[{"href":"https:\/\/gpl-love.com\/fr\/wp-json\/wp\/v2\/product\/114885","targetHints":{"allow":["GET"]}}],"collection":[{"href":"https:\/\/gpl-love.com\/fr\/wp-json\/wp\/v2\/product"}],"about":[{"href":"https:\/\/gpl-love.com\/fr\/wp-json\/wp\/v2\/types\/product"}],"replies":[{"embeddable":true,"href":"https:\/\/gpl-love.com\/fr\/wp-json\/wp\/v2\/comments?post=114885"}],"wp:featuredmedia":[{"embeddable":true,"href":"https:\/\/gpl-love.com\/fr\/wp-json\/wp\/v2\/media\/143427"}],"wp:attachment":[{"href":"https:\/\/gpl-love.com\/fr\/wp-json\/wp\/v2\/media?parent=114885"}],"wp:term":[{"taxonomy":"product_brand","embeddable":true,"href":"https:\/\/gpl-love.com\/fr\/wp-json\/wp\/v2\/product_brand?post=114885"},{"taxonomy":"product_cat","embeddable":true,"href":"https:\/\/gpl-love.com\/fr\/wp-json\/wp\/v2\/product_cat?post=114885"},{"taxonomy":"product_tag","embeddable":true,"href":"https:\/\/gpl-love.com\/fr\/wp-json\/wp\/v2\/product_tag?post=114885"}],"curies":[{"name":"wp","href":"https:\/\/api.w.org\/{rel}","templated":true}]}}