{"id":114881,"date":"2023-05-25T00:00:00","date_gmt":"2023-05-24T22:00:00","guid":{"rendered":"http:\/\/gpl-love.com\/fr\/produit\/ecologie-environmental-et-ecology-wordpress-theme\/"},"modified":"2026-03-20T23:02:46","modified_gmt":"2026-03-20T22:02:46","slug":"ecologie-environmental-et-ecology-wordpress-theme","status":"publish","type":"product","link":"https:\/\/gpl-love.com\/fr\/produit\/ecologie-environmental-et-ecology-wordpress-theme\/","title":{"rendered":"Ecologie Environmental et Ecology WordPress Theme 1.0.9"},"content":{"rendered":"<h3>Ecologie Environmental et Ecology WordPress Theme Traits<\/h3>\n<p>Le th\u00e8me WordPress environnemental et \u00e9cologie Ecologie se pr\u00e9sente comme une option tr\u00e8s appropri\u00e9e et attrayante pour les entreprises activement impliqu\u00e9es dans la protection de l&rsquo;environnement et l&rsquo;\u00e9cologie. Ce th\u00e8me comprend un large \u00e9ventail de fonctionnalit\u00e9s qui ont \u00e9t\u00e9 sp\u00e9cialement con\u00e7ues pour aider ces entreprises \u00e0 \u00e9tablir une pr\u00e9sence en ligne distinctive et impressionnante. Parmi ces fonctionnalit\u00e9s notables figurent la fourniture de mod\u00e8les pr\u00e9fabriqu\u00e9s, des options de couleurs multiples et des widgets personnalisables, qui contribuent tous \u00e0 la cr\u00e9ation sans effort d&rsquo;un site Web d&rsquo;aspect professionnel. De plus, le th\u00e8me est \u00e9galement \u00e9quip\u00e9 d&rsquo;un degr\u00e9 \u00e9lev\u00e9 de r\u00e9activit\u00e9, permettant ainsi aux utilisateurs d&rsquo;acc\u00e9der facilement au site \u00e0 partir d&rsquo;une vaste gamme d&rsquo;appareils, englobant des ordinateurs de bureau, des tablettes et des smartphones. En outre, ce th\u00e8me remarquable comprend une pl\u00e9thore de fonctionnalit\u00e9s suppl\u00e9mentaires, y compris, mais sans s&rsquo;y limiter, une section de blog, des formulaires de contact et une int\u00e9gration transparente avec diverses plateformes de m\u00e9dias sociaux. Ces fonctionnalit\u00e9s contribuent \u00e0 la facilitation d&rsquo;une communication et d&rsquo;une interaction transparentes et efficaces avec les clients et les abonn\u00e9s. \u00c0 la lumi\u00e8re de tous ces attributs impressionnants, il est ind\u00e9niable que le th\u00e8me WordPress environnemental et \u00e9cologie Ecologie repr\u00e9sente un choix tr\u00e8s attrayant et appropri\u00e9 pour les entreprises qui aspirent \u00e0 \u00e9tablir une pr\u00e9sence en ligne robuste et percutante qui convient \u00e0 leur engagement envers la protection de l&rsquo;environnement et la durabilit\u00e9.<\/p>\n<ul>\n<li>Un th\u00e8me WordPress r\u00e9actif et personnalisable con\u00e7u sp\u00e9cialement pour les sites Web environnementaux et li\u00e9s \u00e0 l&rsquo;\u00e9cologie<\/li>\n<li>Page d&rsquo;accueil multiples et dispositions de pages int\u00e9rieures, y compris les options pour diff\u00e9rents types de projets, d&rsquo;\u00e9v\u00e9nements et de pages membres de l&rsquo;\u00e9quipe<\/li>\n<li>Une vari\u00e9t\u00e9 de sch\u00e9mas de couleurs et de polices pr\u00e9-construites au choix, ou l&rsquo;option pour cr\u00e9er une palette de couleurs et une typographie personnalis\u00e9es<\/li>\n<li>Int\u00e9gration du g\u00e9n\u00e9rateur de page glisser et d\u00e9poser pour une personnalisation facile et une cr\u00e9ation de contenu<\/li>\n<li>Int\u00e9gration avec des plugins populaires comme WooCommerce pour la fonctionnalit\u00e9 du commerce \u00e9lectronique, le formulaire de contact 7 pour les formulaires de contact et le WPML pour les sites multilingues<\/li>\n<li>Construit avec l&rsquo;optimisation du r\u00e9f\u00e9rence<\/li>\n<li>Conception conviviale pour une visualisation optimale sur tous les appareils<\/li>\n<li>Mises \u00e0 jour r\u00e9guli\u00e8res et support d\u00e9di\u00e9 pour garantir que le th\u00e8me continue de fonctionner de mani\u00e8re transparente avec WordPress et ses plugins<\/li>\n<li>L&rsquo;importation de contenu de d\u00e9monstration pour configurer facilement un nouveau site avec le th\u00e8me rapidement<\/li>\n<\/ul>\n","protected":false},"excerpt":{"rendered":"<p>Ecologie, le th\u00e8me ultime WordPress con\u00e7u pour r\u00e9pondre \u00e0 tous vos besoins environnementaux et li\u00e9s \u00e0 l&rsquo;\u00e9cologie, est en cours d&rsquo;introduction. B\u00e9n\u00e9ficiant d&rsquo;un design \u00e9l\u00e9gant et moderne, ce th\u00e8me extraordinaire offre une pl\u00e9thore de fonctionnalit\u00e9s personnalisables qui offrent un niveau de flexibilit\u00e9 et de fonctionnalit\u00e9 sans pr\u00e9c\u00e9dent. Que vous apparteniez \u00e0 une organisation environnementale, \u00e0 une entreprise \u00e9cologique ou que vous \u00eates un activiste vert enthousiaste, Ecologie englobe tous les \u00e9l\u00e9ments essentiels requis pour la cr\u00e9ation d&rsquo;un site Web frappant et influent. En fournissant un large \u00e9ventail de widgets et de plugins, ainsi que des dispositions de page personnalisables, Ecologie simplifie le processus de pr\u00e9sentation efficace de votre message, d&rsquo;attirer de nouveaux abonn\u00e9s et de favoriser la croissance d&rsquo;une communaut\u00e9 en ligne florissante d\u00e9di\u00e9e \u00e0 la durabilit\u00e9 environnementale. Alors, pourquoi reporter votre mission pour sauver la plan\u00e8te? Saisissez l&rsquo;opportunit\u00e9 aujourd&rsquo;hui et lancez votre voyage vers un avenir meilleur avec Ecologie!<\/p>\n","protected":false},"featured_media":143666,"comment_status":"open","ping_status":"open","template":"","meta":[],"product_brand":[2433],"product_cat":[1242,1212,1213],"product_tag":[1366],"class_list":{"0":"post-114881","1":"product","2":"type-product","3":"status-publish","4":"has-post-thumbnail","6":"product_brand-themeforest","7":"product_cat-creatif","8":"product_cat-themes","9":"product_cat-wordpress-themes","10":"product_tag-themeforest","11":"member-discount","12":"discount-restricted","14":"first","15":"instock","16":"sale","17":"downloadable","18":"virtual","19":"sold-individually","20":"purchasable","21":"product-type-simple"},"_links":{"self":[{"href":"https:\/\/gpl-love.com\/fr\/wp-json\/wp\/v2\/product\/114881","targetHints":{"allow":["GET"]}}],"collection":[{"href":"https:\/\/gpl-love.com\/fr\/wp-json\/wp\/v2\/product"}],"about":[{"href":"https:\/\/gpl-love.com\/fr\/wp-json\/wp\/v2\/types\/product"}],"replies":[{"embeddable":true,"href":"https:\/\/gpl-love.com\/fr\/wp-json\/wp\/v2\/comments?post=114881"}],"wp:featuredmedia":[{"embeddable":true,"href":"https:\/\/gpl-love.com\/fr\/wp-json\/wp\/v2\/media\/143666"}],"wp:attachment":[{"href":"https:\/\/gpl-love.com\/fr\/wp-json\/wp\/v2\/media?parent=114881"}],"wp:term":[{"taxonomy":"product_brand","embeddable":true,"href":"https:\/\/gpl-love.com\/fr\/wp-json\/wp\/v2\/product_brand?post=114881"},{"taxonomy":"product_cat","embeddable":true,"href":"https:\/\/gpl-love.com\/fr\/wp-json\/wp\/v2\/product_cat?post=114881"},{"taxonomy":"product_tag","embeddable":true,"href":"https:\/\/gpl-love.com\/fr\/wp-json\/wp\/v2\/product_tag?post=114881"}],"curies":[{"name":"wp","href":"https:\/\/api.w.org\/{rel}","templated":true}]}}