{"id":114875,"date":"2021-05-06T00:00:00","date_gmt":"2021-05-05T22:00:00","guid":{"rendered":"http:\/\/gpl-love.com\/fr\/produit\/nolez-education-wordpress-theme\/"},"modified":"2026-04-10T18:34:44","modified_gmt":"2026-04-10T16:34:44","slug":"nolez-education-wordpress-theme","status":"publish","type":"product","link":"https:\/\/gpl-love.com\/fr\/produit\/nolez-education-wordpress-theme\/","title":{"rendered":"Nolez Education WordPress Theme 1.0"},"content":{"rendered":"<h3>Nolez Education WordPress Theme Traits<\/h3>\n<p>Le th\u00e8me WordPress de Nolez Education est une excellente option pour les \u00e9tablissements d&rsquo;enseignement et les plateformes d&rsquo;apprentissage en ligne qui souhaitent une conception de site Web \u00e0 la fois professionnelle et contemporaine. Il offre une gamme diversifi\u00e9e de fonctionnalit\u00e9s qui servent \u00e0 mettre en \u00e9vidence efficacement vos cours et vos programmes, tout en vous offrant la possibilit\u00e9 de personnaliser et de naviguer facilement sur la plate-forme. Notamment, ce th\u00e8me vous donne la possibilit\u00e9 de fa\u00e7onner un site Web distinct et de haut calibre qui incarne avec pr\u00e9cision votre marque unique, en utilisant du contenu multim\u00e9dia, des t\u00e9moignages et des composants personnalisables. En outre, Nolez Education est construit \u00e0 l&rsquo;aide d&rsquo;une technologie de pointe, garantissant qu&rsquo;il est optimis\u00e9 pour les moteurs de recherche et fonctionne parfaitement sur tous les appareils. Il est tout aussi bien adapt\u00e9 \u00e0 ceux qui cherchent \u00e0 annoncer leur \u00e9tablissement d&rsquo;enseignement, \u00e0 \u00e9tablir un march\u00e9 de cours ou \u00e0 lancer simplement une plate-forme d&rsquo;apprentissage en ligne. Sans aucun doute, le th\u00e8me WordPress de Nolez Education est le choix ultime pour r\u00e9pondre \u00e0 vos besoins dans ce domaine.<\/p>\n<ul>\n<li>Design \u00e9l\u00e9gant et moderne avec des options personnalisables<\/li>\n<li>Enti\u00e8rement r\u00e9actif pour les mobiles et les tablettes<\/li>\n<li>Comprend des mod\u00e8les de page pr\u00e9-con\u00e7us pour une configuration facile<\/li>\n<li>Compatible avec les plugins WordPress populaires pour des fonctionnalit\u00e9s ajout\u00e9es<\/li>\n<li>Int\u00e9gr\u00e9 aux fonctionnalit\u00e9s de partage des m\u00e9dias sociaux et de commentaires<\/li>\n<li>Typographie avanc\u00e9e et options de couleur pour une marque am\u00e9lior\u00e9e<\/li>\n<li>Support int\u00e9gr\u00e9 pour les cours d&rsquo;apprentissage en ligne et les salles de classe en ligne<\/li>\n<li>Facile \u00e0 utiliser un g\u00e9n\u00e9rateur de pages glisser-d\u00e9poser pour la personnalisation<\/li>\n<li>Documentation compl\u00e8te et \u00e9quipe de support client d\u00e9di\u00e9e.<\/li>\n<\/ul>\n","protected":false},"excerpt":{"rendered":"<p>Le th\u00e8me WordPress de Nolez Education est un th\u00e8me tr\u00e8s sophistiqu\u00e9 et m\u00e9ticuleusement con\u00e7u qui a \u00e9t\u00e9 sp\u00e9cifiquement adapt\u00e9 pour r\u00e9pondre aux besoins des \u00e9ducateurs, des \u00e9coles et des universit\u00e9s. Son design impeccable et sa fonctionnalit\u00e9 transparente en font un choix de premier plan pour ceux qui cherchent \u00e0 pr\u00e9senter leurs cours, leurs \u00e9v\u00e9nements et leurs membres du corps professoral d&rsquo;une mani\u00e8re visuellement \u00e9tonnante et engageante. De plus, l&rsquo;interface intuitive et conviviale du th\u00e8me Nolez garantit que les utilisateurs ont une exp\u00e9rience sans tracas et agr\u00e9able lors de la navigation sur le site Web. De plus, sa r\u00e9activit\u00e9 garantit que votre site Web sera impeccable et fonctionnera parfaitement sur tous les appareils, que ce soit un bureau, une tablette ou un t\u00e9l\u00e9phone mobile. De plus, le th\u00e8me Nolez s&rsquo;int\u00e8gre parfaitement \u00e0 des plugins populaires comme Contact Form 7 et WooCommerce, vous permettant ainsi de g\u00e9rer et de mon\u00e9tiser sans effort vos ressources \u00e9ducatives. De plus, le th\u00e8me offre une vaste gamme d&rsquo;options de personnalisation, vous permettant de la personnaliser en fonction de vos pr\u00e9f\u00e9rences et exigences uniques. Par cons\u00e9quent, que vous repr\u00e9sentiez un petit centre d&rsquo;apprentissage ou une universit\u00e9 prestigieuse, le th\u00e8me WordPress de Nolez Education se pr\u00e9sente comme la solution ultime pour r\u00e9pondre \u00e0 toutes vos exigences en mati\u00e8re d&rsquo;\u00e9ducation en ligne.<\/p>\n","protected":false},"featured_media":144820,"comment_status":"open","ping_status":"open","template":"","meta":[],"product_brand":[2433],"product_cat":[1242,1212,1213],"product_tag":[1366],"class_list":{"0":"post-114875","1":"product","2":"type-product","3":"status-publish","4":"has-post-thumbnail","6":"product_brand-themeforest","7":"product_cat-creatif","8":"product_cat-themes","9":"product_cat-wordpress-themes","10":"product_tag-themeforest","11":"member-discount","12":"discount-restricted","14":"first","15":"instock","16":"sale","17":"downloadable","18":"virtual","19":"sold-individually","20":"purchasable","21":"product-type-simple"},"_links":{"self":[{"href":"https:\/\/gpl-love.com\/fr\/wp-json\/wp\/v2\/product\/114875","targetHints":{"allow":["GET"]}}],"collection":[{"href":"https:\/\/gpl-love.com\/fr\/wp-json\/wp\/v2\/product"}],"about":[{"href":"https:\/\/gpl-love.com\/fr\/wp-json\/wp\/v2\/types\/product"}],"replies":[{"embeddable":true,"href":"https:\/\/gpl-love.com\/fr\/wp-json\/wp\/v2\/comments?post=114875"}],"wp:featuredmedia":[{"embeddable":true,"href":"https:\/\/gpl-love.com\/fr\/wp-json\/wp\/v2\/media\/144820"}],"wp:attachment":[{"href":"https:\/\/gpl-love.com\/fr\/wp-json\/wp\/v2\/media?parent=114875"}],"wp:term":[{"taxonomy":"product_brand","embeddable":true,"href":"https:\/\/gpl-love.com\/fr\/wp-json\/wp\/v2\/product_brand?post=114875"},{"taxonomy":"product_cat","embeddable":true,"href":"https:\/\/gpl-love.com\/fr\/wp-json\/wp\/v2\/product_cat?post=114875"},{"taxonomy":"product_tag","embeddable":true,"href":"https:\/\/gpl-love.com\/fr\/wp-json\/wp\/v2\/product_tag?post=114875"}],"curies":[{"name":"wp","href":"https:\/\/api.w.org\/{rel}","templated":true}]}}